{"id":10952,"date":"2020-05-24T19:01:19","date_gmt":"2020-05-24T17:01:19","guid":{"rendered":"https:\/\/new.hotelsantamariacalabria.it\/?page_id=10952"},"modified":"2025-04-03T11:02:23","modified_gmt":"2025-04-03T09:02:23","slug":"prywatnosc-informativa","status":"publish","type":"page","link":"https:\/\/hotelsantamariacalabria.it\/pl\/prywatnosc-informativa\/","title":{"rendered":"Prywatno\u015b\u0107 Informativa"},"content":{"rendered":"<div class=\"wpb-content-wrapper\"><p>[vc_row][vc_column][vc_column_text css=&#8221;&#8221;]<\/p>\n<h2>INFORMACJE, O KT\u00d3RYCH MOWA W ZGODNO\u015aCI Z ART. 13-14 OG\u00d3LNEGO ROZPORZ\u0104DZENIA OCHRONY DANYCH OG\u00d3LNYCH 2016\/679<\/h2>\n<div>Niniejsza strona opisuje spos\u00f3b zarz\u0105dzania stron\u0105 internetow\u0105 Hotelu Santa Maria w odniesieniu do przetwarzania danych osobowych odwiedzaj\u0105cych, kt\u00f3rzy j\u0105 odwiedzaj\u0105: w rzeczywisto\u015bci, po wej\u015bciu na t\u0119 stron\u0119, mog\u0105 by\u0107 przetwarzane dane dotycz\u0105ce zidentyfikowanych lub mo\u017cliwych do zidentyfikowania os\u00f3b. Informacje te s\u0105 r\u00f3wnie\u017c przekazywane zgodnie z art. 13-14 PKBR (og\u00f3lne rozporz\u0105dzenie o ochronie danych osobowych) 2016\/679 (zwany dalej &#8222;Kodeksem&#8221;) osobom, kt\u00f3re korzystaj\u0105 z us\u0142ug internetowych Hotelu Santa Maria. Informacje te s\u0105 podawane wy\u0142\u0105cznie na wy\u017cej wymienionej stronie internetowej Hotelu Santa Maria, a nie na innych stronach internetowych, kt\u00f3re mog\u0105 by\u0107 odwiedzane przez Go\u015bcia za pomoc\u0105 link\u00f3w. Informacje te opieraj\u0105 si\u0119 r\u00f3wnie\u017c na Rekomendacji nr 2\/2001, \u017ce europejskie organy ds. ochrony danych osobowych, zebrane w Grupie ustanowionej na mocy art. 29 dyrektywy nr 95\/46\/WE, przyj\u0119tej w dniu 17 maja 2001 r. w celu okre\u015blenia pewnych minimalnych wymaga\u0144 dotycz\u0105cych gromadzenia danych osobowych online, a w szczeg\u00f3lno\u015bci sposobu, czasu i charakteru informacji, kt\u00f3re administratorzy danych musz\u0105 przekaza\u0107 u\u017cytkownikom podczas \u0142\u0105czenia si\u0119 ze stronami internetowymi, niezale\u017cnie od celu po\u0142\u0105czenia.<\/div>\n<div>\n<p>Staranna dba\u0142o\u015b\u0107 o bezpiecze\u0144stwo i poufno\u015b\u0107 danych klienta jest dla nas priorytetem. Uwa\u017camy, \u017ce informacje dotycz\u0105ce Pa\u0144stwa osoby, Pa\u0144stwa zam\u00f3wie\u0144 i dokonanych przez Pa\u0144stwa zakup\u00f3w s\u0105 \u015bci\u015ble poufne i zobowi\u0105zujemy si\u0119 nie ujawnia\u0107 ani nie sprzedawa\u0107 posiadanych przez nas informacji firmom zewn\u0119trznym w celach promocyjnych.<\/p>\n<section class=\"terms-conditions\">U\u017cyjemy dostarczonych przez Pa\u0144stwa informacji wy\u0142\u0105cznie w celach \u015bci\u015ble zwi\u0105zanych z rejestracj\u0105 na stronie <strong>hotelsantamariacalabria.it<\/strong> oraz \u015bwiadczeniem us\u0142ug oferowanych na Stronie (np. zakup, zarz\u0105dzanie kontem, itp.), a tak\u017ce w celu wype\u0142nienia zobowi\u0105za\u0144 prawnych lub regulacyjnych. Chocia\u017c nie jest to obowi\u0105zkowe, niedostarczenie danych do tych cel\u00f3w mo\u017ce uniemo\u017cliwi\u0107 dostarczenie ca\u0142o\u015bci lub cz\u0119\u015bci \u017c\u0105danych przez Pa\u0144stwa us\u0142ug. Ponadto, pod warunkiem wyra\u017cenia wyra\u017anej zgody podczas rejestracji lub przy sk\u0142adaniu zam\u00f3wienia, mo\u017cemy wykorzystywa\u0107 Pa\u0144stwa dane osobowe w celu przekazywania specjalnych wiadomo\u015bci, promocji, ofert nowych produkt\u00f3w, w tym za po\u015brednictwem poczty elektronicznej, wiadomo\u015bci tekstowych lub za po\u015brednictwem operatora telefonicznego. W tym ostatnim wzgl\u0119dzie przypominamy, \u017ce dla tych cel\u00f3w Pa\u0144stwa zgoda jest jedynie opcjonalna i \u017ce Pa\u0144stwa odmowa nie wp\u0142ynie na Pa\u0144stwa zdolno\u015b\u0107 do dokonywania zakup\u00f3w na Stronie, a jedynie uniemo\u017cliwi przesy\u0142anie Pa\u0144stwu informacji handlowych dotycz\u0105cych wiadomo\u015bci, promocji, ofert nowych produkt\u00f3w. W ka\u017cdym razie przypominamy, \u017ce p\u00f3\u017aniej mo\u017cna w ka\u017cdej chwili poprosi\u0107 o zaprzestanie otrzymywania wiadomo\u015bci od <strong>HOTEL SANTA MARIA<\/strong>. Dane osobowe b\u0119d\u0105 przetwarzane za pomoc\u0105 system\u00f3w elektronicznych lub nawet bez u\u017cycia takich narz\u0119dzi, przez osoby wyznaczone przez administratora danych lub przez osoby wyznaczone jako odpowiedzialne, w tym zewn\u0119trzne, za samo przetwarzanie. W szczeg\u00f3lno\u015bci, w wy\u017cej wymienionych celach, Pa\u0144stwa dane mog\u0105 by\u0107 przekazywane:<\/p>\n<ul>\n<li style=\"list-style-type: none;\">\n<ul>\n<li>do firm trzecich, kt\u00f3rych produkty lub us\u0142ugi s\u0105 oferowane lub sprzedawane za po\u015brednictwem Strony;<\/li>\n<\/ul>\n<\/li>\n<\/ul>\n<ul>\n<li style=\"list-style-type: none;\">\n<ul>\n<li>do kurier\u00f3w lub spedytor\u00f3w odpowiedzialnych za dostaw\u0119 produkt\u00f3w zakupionych za po\u015brednictwem Strony;<\/li>\n<\/ul>\n<\/li>\n<\/ul>\n<ul>\n<li style=\"list-style-type: none;\">\n<ul>\n<li>banki i firmy, kt\u00f3re zarz\u0105dzaj\u0105 krajowymi lub mi\u0119dzynarodowymi obiegami p\u0142atno\u015bci, poprzez kt\u00f3re dokonywane s\u0105 p\u0142atno\u015bci online za produkty zakupione za po\u015brednictwem Strony;<\/li>\n<\/ul>\n<\/li>\n<\/ul>\n<ul>\n<li style=\"list-style-type: none;\">\n<ul>\n<li>konsultantom lub profesjonalistom, kt\u00f3rzy mog\u0105 by\u0107 odpowiedzialni za instalacj\u0119, konserwacj\u0119, aktualizacj\u0119 oraz, og\u00f3lnie rzecz bior\u0105c, za zarz\u0105dzanie sprz\u0119tem i oprogramowaniem Strony lub kt\u00f3re W\u0142a\u015bciciele u\u017cywaj\u0105 do \u015bwiadczenia swoich us\u0142ug;<\/li>\n<li>do podmiot\u00f3w publicznych i\/lub prywatnych, os\u00f3b fizycznych i\/lub prawnych (firm doradztwa prawnego, administracyjnego i podatkowego, urz\u0119d\u00f3w s\u0105dowych, izb handlowych, izb i urz\u0119d\u00f3w pracy, itp.<\/li>\n<\/ul>\n<\/li>\n<\/ul>\n<p>Od administrator\u00f3w danych mo\u017cna uzyska\u0107 aktualn\u0105 list\u0119 podmiot\u00f3w, kt\u00f3re przetwarzaj\u0105 Pa\u0144stwa dane jako osoby przetwarzaj\u0105ce dane lub osoby odpowiedzialne za ich przetwarzanie. Przetwarzanie danych osobowych b\u0119dzie odbywa\u0107 si\u0119 w spos\u00f3b i przy u\u017cyciu odpowiednich narz\u0119dzi zapewniaj\u0105cych bezpiecze\u0144stwo i poufno\u015b\u0107 danych, zgodnie z przepisami dekretu legislacyjnego nr 196\/2003. W szczeg\u00f3lno\u015bci zostan\u0105 przyj\u0119te wszelkie techniczne, informatyczne, organizacyjne, logistyczne i proceduralne \u015brodki bezpiecze\u0144stwa, jak przewidziano w dekrecie legislacyjnym 196\/2003, tak aby zagwarantowa\u0107 minimalny poziom ochrony danych wymagany prawem, umo\u017cliwiaj\u0105c dost\u0119p jedynie osobom odpowiedzialnym za przetwarzanie danych przez administratora lub administrator\u00f3w wyznaczonych przez administratora danych.<\/p>\n<h2>Kontroler danych to:<\/h2>\n<p><strong>HOTEL RISTORANTE SANTA MARIA<\/strong> Via S.S. 18 &#8211; 87032 AMANTEA (CS), NIP 03951570781, wszystkie wnioski i pro\u015bby zwi\u0105zane z przetwarzaniem danych osobowych mo\u017cna kierowa\u0107 na adres e-mail: info@hotelsantamariacalabria.it.<\/p>\n<p>Zgodnie z art. 7 dekretu ustawodawczego 196\/2003 informujemy, \u017ce u\u017cytkownik ma prawo do niezw\u0142ocznego uzyskania od w\u0142a\u015bcicieli danych osobowych informacji o ich przetwarzaniu:<\/p>\n<ul>\n<li>potwierdzenie, czy dotycz\u0105ce go dane osobowe istniej\u0105, niezale\u017cnie od tego, czy zosta\u0142y ju\u017c zarejestrowane, oraz przekazanie tych danych w zrozumia\u0142ej formie.<\/li>\n<li>wskazanie: 1) pochodzenie danych osobowych; 2) cele i metody przetwarzania; 3) logik\u0119 stosowan\u0105 w przypadku przetwarzania prowadzonego za pomoc\u0105 instrument\u00f3w elektronicznych; 4) dane identyfikacyjne dotycz\u0105ce administratora danych, przetwarzaj\u0105cego dane i przedstawiciela wyznaczonego na mocy art. 5 ust. 2; 5) podmioty lub kategorie podmiot\u00f3w, kt\u00f3rym dane osobowe mog\u0105 by\u0107 przekazywane i kt\u00f3re mog\u0105 zapozna\u0107 si\u0119 z tymi danymi jako wyznaczony przedstawiciel(e) na terytorium pa\u0144stwa, przetwarzaj\u0105cy(e) dane lub osoba(y) odpowiedzialna(e) za ich przetwarzanie; 6) aktualizacji, sprostowania lub, w razie zainteresowania, integracji danych; 7) anulowania, przekszta\u0142cenia w form\u0119 anonimow\u0105 lub zablokowania danych przetwarzanych niezgodnie z prawem, w tym danych, kt\u00f3rych zatrzymanie nie jest konieczne dla cel\u00f3w, dla kt\u00f3rych dane zosta\u0142y zebrane lub nast\u0119pnie przetworzone; 8) po\u015bwiadczenia, \u017ce operacje, o kt\u00f3rych mowa w ust. 6. oraz 7) zostali powiadomieni, r\u00f3wnie\u017c w odniesieniu do ich tre\u015bci, o tych, kt\u00f3rym dane te zosta\u0142y przekazane lub rozpowszechnione, chyba \u017ce wym\u00f3g ten okazuje si\u0119 niemo\u017cliwy lub wi\u0105\u017ce si\u0119 z wyra\u017anie nieproporcjonalnym zakresem chronionego prawa.<\/li>\n<\/ul>\n<h2>Dana osoba ma prawo do sprzeciwu, w ca\u0142o\u015bci lub w cz\u0119\u015bci:<\/h2>\n<ul>\n<li>z uzasadnionych powod\u00f3w przetwarzania dotycz\u0105cych go danych osobowych, nawet je\u015bli jest to istotne dla celu zbierania danych;<\/li>\n<li>przetwarzanie dotycz\u0105cych go danych osobowych w celu przesy\u0142ania materia\u0142\u00f3w reklamowych lub sprzeda\u017cy bezpo\u015bredniej lub w celu przeprowadzenia bada\u0144 rynkowych lub komunikacji handlowej.<\/li>\n<\/ul>\n<\/section>\n<\/div>\n<p>[\/vc_column_text][\/vc_column][\/vc_row]<\/p>\n<\/div>","protected":false},"excerpt":{"rendered":"<p>[vc_row][vc_column][vc_column_text css=&#8221;&#8221;] INFORMACJE, O KT\u00d3RYCH MOWA W ZGODNO\u015aCI Z ART. 13-14 OG\u00d3LNEGO ROZPORZ\u0104DZENIA OCHRONY DANYCH OG\u00d3LNYCH 2016\/679 Niniejsza strona opisuje spos\u00f3b zarz\u0105dzania stron\u0105 internetow\u0105 Hotelu Santa Maria w odniesieniu do przetwarzania danych osobowych odwiedzaj\u0105cych, kt\u00f3rzy j\u0105 odwiedzaj\u0105: w rzeczywisto\u015bci, po wej\u015bciu na t\u0119 stron\u0119, mog\u0105 by\u0107 przetwarzane dane dotycz\u0105ce zidentyfikowanych lub mo\u017cliwych do zidentyfikowania os\u00f3b. [&hellip;]<\/p>\n","protected":false},"author":1,"featured_media":0,"parent":0,"menu_order":0,"comment_status":"closed","ping_status":"closed","template":"","meta":{"footnotes":""},"class_list":["post-10952","page","type-page","status-publish","hentry"],"yoast_head":"<!-- This site is optimized with the Yoast SEO plugin v27.3 - https:\/\/yoast.com\/product\/yoast-seo-wordpress\/ -->\n<title>Prywatno\u015b\u0107 Informativa - Hotel Santa Maria Amantea :: Pla\u017ca, morze i relaks w Kalabrii<\/title>\n<meta name=\"robots\" content=\"index, follow, max-snippet:-1, max-image-preview:large, max-video-preview:-1\" \/>\n<link rel=\"canonical\" href=\"https:\/\/hotelsantamariacalabria.it\/pl\/prywatnosc-informativa\/\" \/>\n<meta property=\"og:locale\" content=\"pl_PL\" \/>\n<meta property=\"og:type\" content=\"article\" \/>\n<meta property=\"og:title\" content=\"Prywatno\u015b\u0107 Informativa - Hotel Santa Maria Amantea :: Pla\u017ca, morze i relaks w Kalabrii\" \/>\n<meta property=\"og:description\" content=\"[vc_row][vc_column][vc_column_text css=&#8221;&#8221;] INFORMACJE, O KT\u00d3RYCH MOWA W ZGODNO\u015aCI Z ART. 13-14 OG\u00d3LNEGO ROZPORZ\u0104DZENIA OCHRONY DANYCH OG\u00d3LNYCH 2016\/679 Niniejsza strona opisuje spos\u00f3b zarz\u0105dzania stron\u0105 internetow\u0105 Hotelu Santa Maria w odniesieniu do przetwarzania danych osobowych odwiedzaj\u0105cych, kt\u00f3rzy j\u0105 odwiedzaj\u0105: w rzeczywisto\u015bci, po wej\u015bciu na t\u0119 stron\u0119, mog\u0105 by\u0107 przetwarzane dane dotycz\u0105ce zidentyfikowanych lub mo\u017cliwych do zidentyfikowania os\u00f3b. [&hellip;]\" \/>\n<meta property=\"og:url\" content=\"https:\/\/hotelsantamariacalabria.it\/pl\/prywatnosc-informativa\/\" \/>\n<meta property=\"og:site_name\" content=\"Hotel Santa Maria Amantea :: Pla\u017ca, morze i relaks w Kalabrii\" \/>\n<meta property=\"article:modified_time\" content=\"2025-04-03T09:02:23+00:00\" \/>\n<meta name=\"twitter:card\" content=\"summary_large_image\" \/>\n<meta name=\"twitter:label1\" content=\"Szacowany czas czytania\" \/>\n\t<meta name=\"twitter:data1\" content=\"5 minut\" \/>\n<script type=\"application\/ld+json\" class=\"yoast-schema-graph\">{\"@context\":\"https:\\\/\\\/schema.org\",\"@graph\":[{\"@type\":\"WebPage\",\"@id\":\"https:\\\/\\\/hotelsantamariacalabria.it\\\/pl\\\/prywatnosc-informativa\\\/\",\"url\":\"https:\\\/\\\/hotelsantamariacalabria.it\\\/pl\\\/prywatnosc-informativa\\\/\",\"name\":\"Prywatno\u015b\u0107 Informativa - Hotel Santa Maria Amantea :: Pla\u017ca, morze i relaks w Kalabrii\",\"isPartOf\":{\"@id\":\"https:\\\/\\\/hotelsantamariacalabria.it\\\/#website\"},\"datePublished\":\"2020-05-24T17:01:19+00:00\",\"dateModified\":\"2025-04-03T09:02:23+00:00\",\"breadcrumb\":{\"@id\":\"https:\\\/\\\/hotelsantamariacalabria.it\\\/pl\\\/prywatnosc-informativa\\\/#breadcrumb\"},\"inLanguage\":\"pl-PL\",\"potentialAction\":[{\"@type\":\"ReadAction\",\"target\":[\"https:\\\/\\\/hotelsantamariacalabria.it\\\/pl\\\/prywatnosc-informativa\\\/\"]}]},{\"@type\":\"BreadcrumbList\",\"@id\":\"https:\\\/\\\/hotelsantamariacalabria.it\\\/pl\\\/prywatnosc-informativa\\\/#breadcrumb\",\"itemListElement\":[{\"@type\":\"ListItem\",\"position\":1,\"name\":\"Home\",\"item\":\"https:\\\/\\\/hotelsantamariacalabria.it\\\/pl\\\/\"},{\"@type\":\"ListItem\",\"position\":2,\"name\":\"Prywatno\u015b\u0107 Informativa\"}]},{\"@type\":\"WebSite\",\"@id\":\"https:\\\/\\\/hotelsantamariacalabria.it\\\/#website\",\"url\":\"https:\\\/\\\/hotelsantamariacalabria.it\\\/\",\"name\":\"Hotel Santa Maria Amantea :: Pla\u017ca, morze i relaks w Kalabrii\",\"description\":\"\",\"publisher\":{\"@id\":\"https:\\\/\\\/hotelsantamariacalabria.it\\\/#organization\"},\"potentialAction\":[{\"@type\":\"SearchAction\",\"target\":{\"@type\":\"EntryPoint\",\"urlTemplate\":\"https:\\\/\\\/hotelsantamariacalabria.it\\\/?s={search_term_string}\"},\"query-input\":{\"@type\":\"PropertyValueSpecification\",\"valueRequired\":true,\"valueName\":\"search_term_string\"}}],\"inLanguage\":\"pl-PL\"},{\"@type\":\"Organization\",\"@id\":\"https:\\\/\\\/hotelsantamariacalabria.it\\\/#organization\",\"name\":\"Hotel Santa Maria\",\"url\":\"https:\\\/\\\/hotelsantamariacalabria.it\\\/\",\"logo\":{\"@type\":\"ImageObject\",\"inLanguage\":\"pl-PL\",\"@id\":\"https:\\\/\\\/hotelsantamariacalabria.it\\\/#\\\/schema\\\/logo\\\/image\\\/\",\"url\":\"https:\\\/\\\/hotelsantamariacalabria.it\\\/wp-content\\\/uploads\\\/2020\\\/05\\\/logo.jpg\",\"contentUrl\":\"https:\\\/\\\/hotelsantamariacalabria.it\\\/wp-content\\\/uploads\\\/2020\\\/05\\\/logo.jpg\",\"width\":265,\"height\":82,\"caption\":\"Hotel Santa Maria\"},\"image\":{\"@id\":\"https:\\\/\\\/hotelsantamariacalabria.it\\\/#\\\/schema\\\/logo\\\/image\\\/\"}}]}<\/script>\n<!-- \/ Yoast SEO plugin. -->","yoast_head_json":{"title":"Prywatno\u015b\u0107 Informativa - Hotel Santa Maria Amantea :: Pla\u017ca, morze i relaks w Kalabrii","robots":{"index":"index","follow":"follow","max-snippet":"max-snippet:-1","max-image-preview":"max-image-preview:large","max-video-preview":"max-video-preview:-1"},"canonical":"https:\/\/hotelsantamariacalabria.it\/pl\/prywatnosc-informativa\/","og_locale":"pl_PL","og_type":"article","og_title":"Prywatno\u015b\u0107 Informativa - Hotel Santa Maria Amantea :: Pla\u017ca, morze i relaks w Kalabrii","og_description":"[vc_row][vc_column][vc_column_text css=&#8221;&#8221;] INFORMACJE, O KT\u00d3RYCH MOWA W ZGODNO\u015aCI Z ART. 13-14 OG\u00d3LNEGO ROZPORZ\u0104DZENIA OCHRONY DANYCH OG\u00d3LNYCH 2016\/679 Niniejsza strona opisuje spos\u00f3b zarz\u0105dzania stron\u0105 internetow\u0105 Hotelu Santa Maria w odniesieniu do przetwarzania danych osobowych odwiedzaj\u0105cych, kt\u00f3rzy j\u0105 odwiedzaj\u0105: w rzeczywisto\u015bci, po wej\u015bciu na t\u0119 stron\u0119, mog\u0105 by\u0107 przetwarzane dane dotycz\u0105ce zidentyfikowanych lub mo\u017cliwych do zidentyfikowania os\u00f3b. [&hellip;]","og_url":"https:\/\/hotelsantamariacalabria.it\/pl\/prywatnosc-informativa\/","og_site_name":"Hotel Santa Maria Amantea :: Pla\u017ca, morze i relaks w Kalabrii","article_modified_time":"2025-04-03T09:02:23+00:00","twitter_card":"summary_large_image","twitter_misc":{"Szacowany czas czytania":"5 minut"},"schema":{"@context":"https:\/\/schema.org","@graph":[{"@type":"WebPage","@id":"https:\/\/hotelsantamariacalabria.it\/pl\/prywatnosc-informativa\/","url":"https:\/\/hotelsantamariacalabria.it\/pl\/prywatnosc-informativa\/","name":"Prywatno\u015b\u0107 Informativa - Hotel Santa Maria Amantea :: Pla\u017ca, morze i relaks w Kalabrii","isPartOf":{"@id":"https:\/\/hotelsantamariacalabria.it\/#website"},"datePublished":"2020-05-24T17:01:19+00:00","dateModified":"2025-04-03T09:02:23+00:00","breadcrumb":{"@id":"https:\/\/hotelsantamariacalabria.it\/pl\/prywatnosc-informativa\/#breadcrumb"},"inLanguage":"pl-PL","potentialAction":[{"@type":"ReadAction","target":["https:\/\/hotelsantamariacalabria.it\/pl\/prywatnosc-informativa\/"]}]},{"@type":"BreadcrumbList","@id":"https:\/\/hotelsantamariacalabria.it\/pl\/prywatnosc-informativa\/#breadcrumb","itemListElement":[{"@type":"ListItem","position":1,"name":"Home","item":"https:\/\/hotelsantamariacalabria.it\/pl\/"},{"@type":"ListItem","position":2,"name":"Prywatno\u015b\u0107 Informativa"}]},{"@type":"WebSite","@id":"https:\/\/hotelsantamariacalabria.it\/#website","url":"https:\/\/hotelsantamariacalabria.it\/","name":"Hotel Santa Maria Amantea :: Pla\u017ca, morze i relaks w Kalabrii","description":"","publisher":{"@id":"https:\/\/hotelsantamariacalabria.it\/#organization"},"potentialAction":[{"@type":"SearchAction","target":{"@type":"EntryPoint","urlTemplate":"https:\/\/hotelsantamariacalabria.it\/?s={search_term_string}"},"query-input":{"@type":"PropertyValueSpecification","valueRequired":true,"valueName":"search_term_string"}}],"inLanguage":"pl-PL"},{"@type":"Organization","@id":"https:\/\/hotelsantamariacalabria.it\/#organization","name":"Hotel Santa Maria","url":"https:\/\/hotelsantamariacalabria.it\/","logo":{"@type":"ImageObject","inLanguage":"pl-PL","@id":"https:\/\/hotelsantamariacalabria.it\/#\/schema\/logo\/image\/","url":"https:\/\/hotelsantamariacalabria.it\/wp-content\/uploads\/2020\/05\/logo.jpg","contentUrl":"https:\/\/hotelsantamariacalabria.it\/wp-content\/uploads\/2020\/05\/logo.jpg","width":265,"height":82,"caption":"Hotel Santa Maria"},"image":{"@id":"https:\/\/hotelsantamariacalabria.it\/#\/schema\/logo\/image\/"}}]}},"_links":{"self":[{"href":"https:\/\/hotelsantamariacalabria.it\/pl\/wp-json\/wp\/v2\/pages\/10952","targetHints":{"allow":["GET"]}}],"collection":[{"href":"https:\/\/hotelsantamariacalabria.it\/pl\/wp-json\/wp\/v2\/pages"}],"about":[{"href":"https:\/\/hotelsantamariacalabria.it\/pl\/wp-json\/wp\/v2\/types\/page"}],"author":[{"embeddable":true,"href":"https:\/\/hotelsantamariacalabria.it\/pl\/wp-json\/wp\/v2\/users\/1"}],"replies":[{"embeddable":true,"href":"https:\/\/hotelsantamariacalabria.it\/pl\/wp-json\/wp\/v2\/comments?post=10952"}],"version-history":[{"count":4,"href":"https:\/\/hotelsantamariacalabria.it\/pl\/wp-json\/wp\/v2\/pages\/10952\/revisions"}],"predecessor-version":[{"id":13551,"href":"https:\/\/hotelsantamariacalabria.it\/pl\/wp-json\/wp\/v2\/pages\/10952\/revisions\/13551"}],"wp:attachment":[{"href":"https:\/\/hotelsantamariacalabria.it\/pl\/wp-json\/wp\/v2\/media?parent=10952"}],"curies":[{"name":"wp","href":"https:\/\/api.w.org\/{rel}","templated":true}]}}