{"id":10943,"date":"2020-05-24T18:58:56","date_gmt":"2020-05-24T16:58:56","guid":{"rendered":"https:\/\/new.hotelsantamariacalabria.it\/?page_id=10943"},"modified":"2020-05-25T00:30:25","modified_gmt":"2020-05-24T22:30:25","slug":"polityka-cookie","status":"publish","type":"page","link":"https:\/\/hotelsantamariacalabria.it\/pl\/polityka-cookie\/","title":{"rendered":"Polityka Cookie"},"content":{"rendered":"<div class=\"wpb-content-wrapper\"><p>[vc_row][vc_column][vc_column_text]Informacje te zosta\u0142y specjalnie opracowane w celu zilustrowania rodzaj\u00f3w i metod u\u017cytkowania oraz dostarczenia wskaz\u00f3wek dotycz\u0105cych dzia\u0142a\u0144 maj\u0105cych na celu odrzucenie lub usuni\u0119cie plik\u00f3w cookie na stronie internetowej.<\/p>\n<h3>1. Czym s\u0105 ciasteczka<\/h3>\n<p>Cookies to ma\u0142e pliki tekstowe zawieraj\u0105ce informacje, kt\u00f3re s\u0105 przechowywane bezpo\u015brednio w urz\u0105dzeniu i automatycznie zwracane do serwera przy ka\u017cdym wej\u015bciu na stron\u0119. Plik cookie zwykle zawiera nazw\u0119 strony internetowej, z kt\u00f3rej pochodzi, czas jej trwania oraz warto\u015b\u0107. Domy\u015blnie prawie wszystkie przegl\u0105darki internetowe s\u0105 ustawione na automatyczn\u0105 akceptacj\u0119 plik\u00f3w cookie.<\/p>\n<h3>2. Co to za ciasteczka dla<\/h3>\n<p>Pliki cookie u\u017cywane s\u0105 do uwierzytelniania, zapisywania i monitorowania sesji oraz do przechowywania informacji. Dzi\u0119ki zastosowaniu plik\u00f3w cookie mo\u017cliwe jest r\u00f3wnie\u017c gromadzenie i monitorowanie danych i informacji o zwyczajach os\u00f3b odwiedzaj\u0105cych strony internetowe w celu profilowania u\u017cytkownik\u00f3w do dzia\u0142a\u0144 promocyjnych lub ukierunkowanych dzia\u0142a\u0144 marketingowych.<\/p>\n<h3>3. Pochodzenie ciasteczek<\/h3>\n<p>Pliki cookie mog\u0105 by\u0107 tworzone i zarz\u0105dzane bezpo\u015brednio z witryny internetowej, kt\u00f3r\u0105 u\u017cytkownik odwiedza lub mog\u0105 by\u0107 tworzone i zarz\u0105dzane przez osoby trzecie.<\/p>\n<h3>4. Kt\u00f3re pliki cookie s\u0105 u\u017cywane w <strong>hotelsantamariacalabria.it<\/strong><\/h3>\n<p><strong>W\u0142asne ciasteczka:<\/strong> Wszystkie w\u0142asne pliki cookie <strong>hotelsantamariacalabria.it<\/strong> mieszcz\u0105 si\u0119 w kategorii technicznych plik\u00f3w cookie, dla kt\u00f3rych ta polityka jest obowi\u0105zkowa, ale nie jest za wyra\u017an\u0105 zgod\u0105 u\u017cytkownika.<\/p>\n<p style=\"padding-left: 15px;\"><em>Ciasteczka sesji lub przegl\u0105dania<\/em>Ciasteczka sesji generowane automatycznie przez serwery. <em>Feature Cookie<\/em>Cookies do wy\u015bwietlania komunikatu ostrzegaj\u0105cego o polityce dotycz\u0105cej plik\u00f3w cookie.<\/p>\n<p><strong> Ciasteczko Trzeciej Strony:<\/strong><\/p>\n<p style=\"padding-left: 15px;\"><em>Google analytics<\/em> Ta internetowa us\u0142uga analityczna gromadzi informacje o tym, w jaki spos\u00f3b u\u017cytkownicy korzystaj\u0105 z naszej strony, z kt\u00f3rej pochodz\u0105, jaka jest liczba wizyt ka\u017cdego u\u017cytkownika i jak d\u0142ugo pozostaje on na stronie. Informacje te nie rejestruj\u0105 szczeg\u00f3\u0142\u00f3w charakterystycznych dla poszczeg\u00f3lnych u\u017cytkownik\u00f3w i s\u0105 wykorzystywane do tworzenia zbiorczych statystyk u\u017cytkowania sieci. Wykorzystuje on zestaw ciasteczek do gromadzenia niezb\u0119dnych informacji. Google mo\u017ce wykorzystywa\u0107 zebrane dane do kontekstualizacji i personalizacji reklam swojej sieci reklamowej. <a href=\"http:\/\/www.google.com\/intl\/it\/policies\/privacy\/\" target=\"_blank\" rel=\"noopener noreferrer\">Link to Privacy Policy<\/a><\/p>\n<p style=\"padding-left: 15px;\"><em>Google Maps<\/em>Dzi\u0119ki tej us\u0142udze osadzamy mapy Google Maps, korzystamy z us\u0142ug geolokalizacyjnych Google; dlatego podczas odwiedzania strony z osadzon\u0105 tre\u015bci\u0105 z Google Maps mo\u017cesz otrzymywa\u0107 pliki cookie z Google. <a href=\"http:\/\/www.google.com\/intl\/it\/policies\/privacy\/\" target=\"_blank\" rel=\"noopener noreferrer\">Link to Privacy Policy<\/a><\/p>\n<h3>5. Sprawdzanie, usuwanie i blokowanie plik\u00f3w cookie<\/h3>\n<p>Przegl\u0105daj\u0105c <strong>hotelsantamariacalabria.it<\/strong> w spos\u00f3b dorozumiany wyra\u017casz zgod\u0119 na u\u017cywanie plik\u00f3w cookie. Domy\u015blnie przegl\u0105darki generalnie akceptuj\u0105 stosowanie plik\u00f3w cookie zar\u00f3wno z witryn <strong>hotelsantamariacalabria.it<\/strong>, jak i stron trzecich. Mo\u017cna jednak zmieni\u0107 te ustawienia na r\u00f3\u017cne sposoby, w zale\u017cno\u015bci od typu u\u017cywanej przegl\u0105darki. W przypadku korzystania z r\u00f3\u017cnych urz\u0105dze\u0144 do przegl\u0105dania i uzyskiwania dost\u0119pu do stron internetowych (na przyk\u0142ad komputer\u00f3w, smartfon\u00f3w, tablet\u00f3w itp.), nale\u017cy upewni\u0107 si\u0119, \u017ce ka\u017cda przegl\u0105darka w ka\u017cdym urz\u0105dzeniu jest dostosowana do preferencji u\u017cytkownika dotycz\u0105cych plik\u00f3w cookie. Wy\u0142\u0105czenie plik\u00f3w cookie mo\u017ce mie\u0107 wp\u0142yw na spos\u00f3b korzystania z Witryny, na przyk\u0142ad, u\u017cytkownik mo\u017ce nie by\u0107 w stanie odwiedzi\u0107 niekt\u00f3rych okre\u015blonych sekcji lub otrzymywa\u0107 spersonalizowanych informacji. Aby zarz\u0105dza\u0107 korzystaniem z plik\u00f3w cookie, nale\u017cy zmieni\u0107 ustawienia przegl\u0105darki, jak pokazano poni\u017cej dla najpopularniejszych przegl\u0105darek:<\/p>\n<ul>\n<li style=\"list-style-type: none;\">\n<ul>\n<li><span style=\"padding-left: 15px;\">Internet Explorer: <a href=\"http:\/\/windows.microsoft.com\/it-it\/internet-explorer\/delete-manage-cookies#ie=ie-11\" target=\"_blank\" rel=\"noopener noreferrer\">Cookies management<\/a><\/span><\/li>\n<\/ul>\n<\/li>\n<\/ul>\n<ul>\n<li style=\"list-style-type: none;\">\n<ul>\n<li><span style=\"padding-left: 15px;\">Mozilla Firefox: <a href=\"https:\/\/support.mozilla.org\/it\/kb\/Eliminare%20i%20cookie?esab=a&amp;s=cookie&amp;r=5&amp;as=s\" target=\"_blank\" rel=\"noopener noreferrer\">Cookies management<\/a><\/span><\/li>\n<\/ul>\n<\/li>\n<\/ul>\n<ul>\n<li style=\"list-style-type: none;\">\n<ul>\n<li><span style=\"padding-left: 15px;\">Google Chrome: <a href=\"https:\/\/support.google.com\/chrome\/answer\/95647?hl=it\" target=\"_blank\" rel=\"noopener noreferrer\">Cookies management <\/a><\/span><\/li>\n<\/ul>\n<\/li>\n<\/ul>\n<ul>\n<li style=\"list-style-type: none;\">\n<ul>\n<li><span style=\"padding-left: 15px;\">Opera: <a href=\"http:\/\/help.opera.com\/Windows\/12.10\/it\/cookies.html\" target=\"_blank\" rel=\"noopener noreferrer\">Cookies management <\/a><\/span><\/li>\n<\/ul>\n<\/li>\n<\/ul>\n<ul>\n<li style=\"list-style-type: none;\">\n<ul>\n<li><span style=\"padding-left: 15px;\">Safari: <a href=\"https:\/\/support.apple.com\/it-it\/HT201265\" target=\"_blank\" rel=\"noopener noreferrer\">Cookies management <\/a><\/span><\/li>\n<\/ul>\n<\/li>\n<\/ul>\n<p>Inne narz\u0119dzia do zarz\u0105dzania plikami cookie:<\/p>\n<ul>\n<li style=\"list-style-type: none;\">\n<ul>\n<li><span style=\"padding-left: 15px;\"><a href=\"https:\/\/tools.google.com\/dlpage\/gaoptout\" target=\"_blank\" rel=\"noopener noreferrer\">Dodatkowy komponent przegl\u0105darki do dezaktywacji Google Analytics<\/a><\/span><\/li>\n<\/ul>\n<\/li>\n<\/ul>\n<ul>\n<li style=\"list-style-type: none;\">\n<ul>\n<li><span style=\"padding-left: 15px;\"><a href=\"http:\/\/www.networkadvertising.org\/choices\/#completed\" target=\"_blank\" rel=\"noopener noreferrer\">Narz\u0119dzie do kontroli i wy\u0142\u0105czania niekt\u00f3rych plik\u00f3w cookie os\u00f3b trzecich (w j\u0119zyku angielskim)<\/a><\/span><\/li>\n<\/ul>\n<\/li>\n<\/ul>\n<ul>\n<li style=\"list-style-type: none;\">\n<ul>\n<li><span style=\"padding-left: 15px;\"><a href=\"http:\/\/www.youronlinechoices.com\/it\/le-tue-scelte\" target=\"_blank\" rel=\"noopener noreferrer\">Narz\u0119dzie do kontrolowania i wy\u0142\u0105czania niekt\u00f3rych cookies os\u00f3b trzecich<\/a><\/span><\/li>\n<\/ul>\n<\/li>\n<\/ul>\n<p>[\/vc_column_text][\/vc_column][\/vc_row]<\/p>\n<\/div>","protected":false},"excerpt":{"rendered":"<p>[vc_row][vc_column][vc_column_text]Informacje te zosta\u0142y specjalnie opracowane w celu zilustrowania rodzaj\u00f3w i metod u\u017cytkowania oraz dostarczenia wskaz\u00f3wek dotycz\u0105cych dzia\u0142a\u0144 maj\u0105cych na celu odrzucenie lub usuni\u0119cie plik\u00f3w cookie na stronie internetowej. 1. Czym s\u0105 ciasteczka Cookies to ma\u0142e pliki tekstowe zawieraj\u0105ce informacje, kt\u00f3re s\u0105 przechowywane bezpo\u015brednio w urz\u0105dzeniu i automatycznie zwracane do serwera przy ka\u017cdym wej\u015bciu na stron\u0119. [&hellip;]<\/p>\n","protected":false},"author":1,"featured_media":0,"parent":0,"menu_order":0,"comment_status":"closed","ping_status":"closed","template":"","meta":{"footnotes":""},"class_list":["post-10943","page","type-page","status-publish","hentry"],"yoast_head":"<!-- This site is optimized with the Yoast SEO plugin v27.3 - https:\/\/yoast.com\/product\/yoast-seo-wordpress\/ -->\n<title>Polityka Cookie - Hotel Santa Maria Amantea :: Pla\u017ca, morze i relaks w Kalabrii<\/title>\n<meta name=\"robots\" content=\"index, follow, max-snippet:-1, max-image-preview:large, max-video-preview:-1\" \/>\n<link rel=\"canonical\" href=\"https:\/\/hotelsantamariacalabria.it\/pl\/polityka-cookie\/\" \/>\n<meta property=\"og:locale\" content=\"pl_PL\" \/>\n<meta property=\"og:type\" content=\"article\" \/>\n<meta property=\"og:title\" content=\"Polityka Cookie - Hotel Santa Maria Amantea :: Pla\u017ca, morze i relaks w Kalabrii\" \/>\n<meta property=\"og:description\" content=\"[vc_row][vc_column][vc_column_text]Informacje te zosta\u0142y specjalnie opracowane w celu zilustrowania rodzaj\u00f3w i metod u\u017cytkowania oraz dostarczenia wskaz\u00f3wek dotycz\u0105cych dzia\u0142a\u0144 maj\u0105cych na celu odrzucenie lub usuni\u0119cie plik\u00f3w cookie na stronie internetowej. 1. Czym s\u0105 ciasteczka Cookies to ma\u0142e pliki tekstowe zawieraj\u0105ce informacje, kt\u00f3re s\u0105 przechowywane bezpo\u015brednio w urz\u0105dzeniu i automatycznie zwracane do serwera przy ka\u017cdym wej\u015bciu na stron\u0119. [&hellip;]\" \/>\n<meta property=\"og:url\" content=\"https:\/\/hotelsantamariacalabria.it\/pl\/polityka-cookie\/\" \/>\n<meta property=\"og:site_name\" content=\"Hotel Santa Maria Amantea :: Pla\u017ca, morze i relaks w Kalabrii\" \/>\n<meta property=\"article:modified_time\" content=\"2020-05-24T22:30:25+00:00\" \/>\n<meta name=\"twitter:card\" content=\"summary_large_image\" \/>\n<meta name=\"twitter:label1\" content=\"Szacowany czas czytania\" \/>\n\t<meta name=\"twitter:data1\" content=\"3 minuty\" \/>\n<script type=\"application\/ld+json\" class=\"yoast-schema-graph\">{\"@context\":\"https:\\\/\\\/schema.org\",\"@graph\":[{\"@type\":\"WebPage\",\"@id\":\"https:\\\/\\\/hotelsantamariacalabria.it\\\/pl\\\/polityka-cookie\\\/\",\"url\":\"https:\\\/\\\/hotelsantamariacalabria.it\\\/pl\\\/polityka-cookie\\\/\",\"name\":\"Polityka Cookie - Hotel Santa Maria Amantea :: Pla\u017ca, morze i relaks w Kalabrii\",\"isPartOf\":{\"@id\":\"https:\\\/\\\/hotelsantamariacalabria.it\\\/#website\"},\"datePublished\":\"2020-05-24T16:58:56+00:00\",\"dateModified\":\"2020-05-24T22:30:25+00:00\",\"breadcrumb\":{\"@id\":\"https:\\\/\\\/hotelsantamariacalabria.it\\\/pl\\\/polityka-cookie\\\/#breadcrumb\"},\"inLanguage\":\"pl-PL\",\"potentialAction\":[{\"@type\":\"ReadAction\",\"target\":[\"https:\\\/\\\/hotelsantamariacalabria.it\\\/pl\\\/polityka-cookie\\\/\"]}]},{\"@type\":\"BreadcrumbList\",\"@id\":\"https:\\\/\\\/hotelsantamariacalabria.it\\\/pl\\\/polityka-cookie\\\/#breadcrumb\",\"itemListElement\":[{\"@type\":\"ListItem\",\"position\":1,\"name\":\"Home\",\"item\":\"https:\\\/\\\/hotelsantamariacalabria.it\\\/pl\\\/\"},{\"@type\":\"ListItem\",\"position\":2,\"name\":\"Polityka Cookie\"}]},{\"@type\":\"WebSite\",\"@id\":\"https:\\\/\\\/hotelsantamariacalabria.it\\\/#website\",\"url\":\"https:\\\/\\\/hotelsantamariacalabria.it\\\/\",\"name\":\"Hotel Santa Maria Amantea :: Pla\u017ca, morze i relaks w Kalabrii\",\"description\":\"\",\"publisher\":{\"@id\":\"https:\\\/\\\/hotelsantamariacalabria.it\\\/#organization\"},\"potentialAction\":[{\"@type\":\"SearchAction\",\"target\":{\"@type\":\"EntryPoint\",\"urlTemplate\":\"https:\\\/\\\/hotelsantamariacalabria.it\\\/?s={search_term_string}\"},\"query-input\":{\"@type\":\"PropertyValueSpecification\",\"valueRequired\":true,\"valueName\":\"search_term_string\"}}],\"inLanguage\":\"pl-PL\"},{\"@type\":\"Organization\",\"@id\":\"https:\\\/\\\/hotelsantamariacalabria.it\\\/#organization\",\"name\":\"Hotel Santa Maria\",\"url\":\"https:\\\/\\\/hotelsantamariacalabria.it\\\/\",\"logo\":{\"@type\":\"ImageObject\",\"inLanguage\":\"pl-PL\",\"@id\":\"https:\\\/\\\/hotelsantamariacalabria.it\\\/#\\\/schema\\\/logo\\\/image\\\/\",\"url\":\"https:\\\/\\\/hotelsantamariacalabria.it\\\/wp-content\\\/uploads\\\/2020\\\/05\\\/logo.jpg\",\"contentUrl\":\"https:\\\/\\\/hotelsantamariacalabria.it\\\/wp-content\\\/uploads\\\/2020\\\/05\\\/logo.jpg\",\"width\":265,\"height\":82,\"caption\":\"Hotel Santa Maria\"},\"image\":{\"@id\":\"https:\\\/\\\/hotelsantamariacalabria.it\\\/#\\\/schema\\\/logo\\\/image\\\/\"}}]}<\/script>\n<!-- \/ Yoast SEO plugin. -->","yoast_head_json":{"title":"Polityka Cookie - Hotel Santa Maria Amantea :: Pla\u017ca, morze i relaks w Kalabrii","robots":{"index":"index","follow":"follow","max-snippet":"max-snippet:-1","max-image-preview":"max-image-preview:large","max-video-preview":"max-video-preview:-1"},"canonical":"https:\/\/hotelsantamariacalabria.it\/pl\/polityka-cookie\/","og_locale":"pl_PL","og_type":"article","og_title":"Polityka Cookie - Hotel Santa Maria Amantea :: Pla\u017ca, morze i relaks w Kalabrii","og_description":"[vc_row][vc_column][vc_column_text]Informacje te zosta\u0142y specjalnie opracowane w celu zilustrowania rodzaj\u00f3w i metod u\u017cytkowania oraz dostarczenia wskaz\u00f3wek dotycz\u0105cych dzia\u0142a\u0144 maj\u0105cych na celu odrzucenie lub usuni\u0119cie plik\u00f3w cookie na stronie internetowej. 1. Czym s\u0105 ciasteczka Cookies to ma\u0142e pliki tekstowe zawieraj\u0105ce informacje, kt\u00f3re s\u0105 przechowywane bezpo\u015brednio w urz\u0105dzeniu i automatycznie zwracane do serwera przy ka\u017cdym wej\u015bciu na stron\u0119. [&hellip;]","og_url":"https:\/\/hotelsantamariacalabria.it\/pl\/polityka-cookie\/","og_site_name":"Hotel Santa Maria Amantea :: Pla\u017ca, morze i relaks w Kalabrii","article_modified_time":"2020-05-24T22:30:25+00:00","twitter_card":"summary_large_image","twitter_misc":{"Szacowany czas czytania":"3 minuty"},"schema":{"@context":"https:\/\/schema.org","@graph":[{"@type":"WebPage","@id":"https:\/\/hotelsantamariacalabria.it\/pl\/polityka-cookie\/","url":"https:\/\/hotelsantamariacalabria.it\/pl\/polityka-cookie\/","name":"Polityka Cookie - Hotel Santa Maria Amantea :: Pla\u017ca, morze i relaks w Kalabrii","isPartOf":{"@id":"https:\/\/hotelsantamariacalabria.it\/#website"},"datePublished":"2020-05-24T16:58:56+00:00","dateModified":"2020-05-24T22:30:25+00:00","breadcrumb":{"@id":"https:\/\/hotelsantamariacalabria.it\/pl\/polityka-cookie\/#breadcrumb"},"inLanguage":"pl-PL","potentialAction":[{"@type":"ReadAction","target":["https:\/\/hotelsantamariacalabria.it\/pl\/polityka-cookie\/"]}]},{"@type":"BreadcrumbList","@id":"https:\/\/hotelsantamariacalabria.it\/pl\/polityka-cookie\/#breadcrumb","itemListElement":[{"@type":"ListItem","position":1,"name":"Home","item":"https:\/\/hotelsantamariacalabria.it\/pl\/"},{"@type":"ListItem","position":2,"name":"Polityka Cookie"}]},{"@type":"WebSite","@id":"https:\/\/hotelsantamariacalabria.it\/#website","url":"https:\/\/hotelsantamariacalabria.it\/","name":"Hotel Santa Maria Amantea :: Pla\u017ca, morze i relaks w Kalabrii","description":"","publisher":{"@id":"https:\/\/hotelsantamariacalabria.it\/#organization"},"potentialAction":[{"@type":"SearchAction","target":{"@type":"EntryPoint","urlTemplate":"https:\/\/hotelsantamariacalabria.it\/?s={search_term_string}"},"query-input":{"@type":"PropertyValueSpecification","valueRequired":true,"valueName":"search_term_string"}}],"inLanguage":"pl-PL"},{"@type":"Organization","@id":"https:\/\/hotelsantamariacalabria.it\/#organization","name":"Hotel Santa Maria","url":"https:\/\/hotelsantamariacalabria.it\/","logo":{"@type":"ImageObject","inLanguage":"pl-PL","@id":"https:\/\/hotelsantamariacalabria.it\/#\/schema\/logo\/image\/","url":"https:\/\/hotelsantamariacalabria.it\/wp-content\/uploads\/2020\/05\/logo.jpg","contentUrl":"https:\/\/hotelsantamariacalabria.it\/wp-content\/uploads\/2020\/05\/logo.jpg","width":265,"height":82,"caption":"Hotel Santa Maria"},"image":{"@id":"https:\/\/hotelsantamariacalabria.it\/#\/schema\/logo\/image\/"}}]}},"_links":{"self":[{"href":"https:\/\/hotelsantamariacalabria.it\/pl\/wp-json\/wp\/v2\/pages\/10943","targetHints":{"allow":["GET"]}}],"collection":[{"href":"https:\/\/hotelsantamariacalabria.it\/pl\/wp-json\/wp\/v2\/pages"}],"about":[{"href":"https:\/\/hotelsantamariacalabria.it\/pl\/wp-json\/wp\/v2\/types\/page"}],"author":[{"embeddable":true,"href":"https:\/\/hotelsantamariacalabria.it\/pl\/wp-json\/wp\/v2\/users\/1"}],"replies":[{"embeddable":true,"href":"https:\/\/hotelsantamariacalabria.it\/pl\/wp-json\/wp\/v2\/comments?post=10943"}],"version-history":[{"count":4,"href":"https:\/\/hotelsantamariacalabria.it\/pl\/wp-json\/wp\/v2\/pages\/10943\/revisions"}],"predecessor-version":[{"id":11101,"href":"https:\/\/hotelsantamariacalabria.it\/pl\/wp-json\/wp\/v2\/pages\/10943\/revisions\/11101"}],"wp:attachment":[{"href":"https:\/\/hotelsantamariacalabria.it\/pl\/wp-json\/wp\/v2\/media?parent=10943"}],"curies":[{"name":"wp","href":"https:\/\/api.w.org\/{rel}","templated":true}]}}