{"id":10926,"date":"2020-05-24T18:41:37","date_gmt":"2020-05-24T16:41:37","guid":{"rendered":"https:\/\/new.hotelsantamariacalabria.it\/?page_id=10926"},"modified":"2025-05-13T09:26:21","modified_gmt":"2025-05-13T07:26:21","slug":"indywidualne-stawki","status":"publish","type":"page","link":"https:\/\/hotelsantamariacalabria.it\/pl\/indywidualne-stawki\/","title":{"rendered":"Indywidualne stawki"},"content":{"rendered":"<div class=\"wpb-content-wrapper\"><p>[vc_row css=&#8221;.vc_custom_1589699431217{padding-top: 8% !important;padding-bottom: 8% !important;}&#8221; el_class=&#8221;tariffe&#8221;][vc_column][vc_column_text el_class=&#8221;alert alert-primary&#8221;]<\/p>\n<p style=\"text-align: center;\">Rezerwacje mo\u017cna sk\u0142ada\u0107 pod numerem <a href=\"tel:+393470642995\"><strong>3470642995<\/strong><\/a> \/ <strong><a href=\"tel:+39098241247\">098241247<\/a><\/strong><\/p>\n<p>[\/vc_column_text][vc_custom_heading text=&#8221;TARYFY INDYWIDUALNE 2024&#8243; font_container=&#8221;tag:h2|font_size:30PX|text_align:center&#8221; use_theme_fonts=&#8221;yes&#8221;][vc_custom_heading text=&#8221;Ceny s\u0105 za osob\u0119, za dzie\u0144 i za pobyt minimum 3 dni.&#8221; font_container=&#8221;tag:h5|font_size:18px|text_align:center&#8221; use_theme_fonts=&#8221;yes&#8221; css=&#8221;.vc_custom_1590338533155{margin-bottom: 40px !important;}&#8221;][vc_column_text css=&#8221;&#8221;]<\/p>\n<table class=\"pricing-chart\">\n<thead>\n<tr>\n<th>PERIOD<\/th>\n<th>PE\u0141NY STATEK<\/th>\n<th>STATEK P\u00d3\u0141NOCNY<\/th>\n<\/tr>\n<\/thead>\n<tbody>\n<tr>\n<td>A (od 01\/01 do 20\/07 &#8211; od 01\/09 do 31\/12)<\/td>\n<td>\u20ac 80,00<\/td>\n<td>\u20ac 60,00<\/td>\n<\/tr>\n<tr>\n<td>B (od 21\/07 do 31\/07)<\/td>\n<td>\u20ac 85,00<\/td>\n<td>\u20ac 65,00<\/td>\n<\/tr>\n<tr>\n<td>C (od 01\/08 do 09\/08)<\/td>\n<td>\u20ac 90,00<\/td>\n<td>\u20ac 70,00<\/td>\n<\/tr>\n<tr>\n<td>D (od 10\/08 do 24\/08)<\/td>\n<td>\u20ac 100,00<\/td>\n<td>\u20ac 80,00<\/td>\n<\/tr>\n<tr>\n<td>E (od 25\/08 do 31\/08)<\/td>\n<td>\u20ac 80,00<\/td>\n<td>\u20ac 65,00<\/td>\n<\/tr>\n<\/tbody>\n<\/table>\n<p>[\/vc_column_text]<div class=\"ult-spacer spacer-69d2a2f0a3b74\" data-id=\"69d2a2f0a3b74\" data-height=\"60\" data-height-mobile=\"60\" data-height-tab=\"60\" data-height-tab-portrait=\"\" data-height-mobile-landscape=\"\" style=\"clear:both;display:block;\"><\/div>[vc_custom_heading text=&#8221;\u0141\u00d3\u017bKO I \u015aNIADANIE&#8221; font_container=&#8221;tag:h2|font_size:24px|text_align:center&#8221; use_theme_fonts=&#8221;yes&#8221;][vc_column_text css=&#8221;&#8221;]<\/p>\n<table class=\"pricing-chart\">\n<thead>\n<tr>\n<th>PERIOD<\/th>\n<th>SINGLE ROOM<\/th>\n<th>DOUBLE ROOM<\/th>\n<th>TRIPLE ROOM<\/th>\n<th>QUADRUPLE ROOM<\/th>\n<\/tr>\n<\/thead>\n<tbody>\n<tr>\n<td>A (od 01\/01 do 20\/07 &#8211; od 01\/09 do 31\/12)<\/td>\n<td>\u20ac 60,00<\/td>\n<td>\u20ac 70,00<\/td>\n<td>\u20ac 90,00<\/td>\n<td>\u20ac 120,00<\/td>\n<\/tr>\n<tr>\n<td>B (od 21\/07 do 31\/07)<\/td>\n<td>\u20ac 60,00<\/td>\n<td>\u20ac 80,00<\/td>\n<td>\u20ac 100,00<\/td>\n<td>\u20ac 130,00<\/td>\n<\/tr>\n<tr>\n<td>C (od 01\/08 do 09\/08)<\/td>\n<td>\u20ac 60,00<\/td>\n<td>\u20ac 90,00<\/td>\n<td>\u20ac 120,00<\/td>\n<td>\u20ac 150,00<\/td>\n<\/tr>\n<tr>\n<td>D (od 10\/08 do 24\/08)<\/td>\n<td>Nie przewidziano<\/td>\n<td>Nie przewidziano<\/td>\n<td>Nie przewidziano<\/td>\n<td>Nie przewidziano<\/td>\n<\/tr>\n<tr>\n<td>E (od 25\/08 do 31\/08)<\/td>\n<td>Nie przewidziano<\/td>\n<td>\u20ac 80,00<\/td>\n<td>\u20ac 120,00<\/td>\n<td>\u20ac 150,00<\/td>\n<\/tr>\n<\/tbody>\n<\/table>\n<p>[\/vc_column_text]<div class=\"ult-spacer spacer-69d2a2f0a3ba6\" data-id=\"69d2a2f0a3ba6\" data-height=\"60\" data-height-mobile=\"60\" data-height-tab=\"60\" data-height-tab-portrait=\"\" data-height-mobile-landscape=\"\" style=\"clear:both;display:block;\"><\/div>[vc_custom_heading text=&#8221;Serwis pla\u017cowy&#8221; font_container=&#8221;tag:h3|text_align:left|color:%23012069&#8243; use_theme_fonts=&#8221;yes&#8221;][vc_column_text]Informujemy naszych klient\u00f3w, \u017ce w sezonie letnim 2023 us\u0142ugi pla\u017cowe nie b\u0119d\u0105 \u015bwiadczone ze wzgl\u0119du na erozj\u0119 wybrze\u017ca, kt\u00f3ra spowodowa\u0142a, \u017ce przydzielona nam dzia\u0142ka pla\u017cowa nie nadaje si\u0119 do u\u017cytku.<br \/>\nPrzepraszamy za t\u0119 sytuacj\u0119.[\/vc_column_text]<div class=\"ult-spacer spacer-69d2a2f0a3bc1\" data-id=\"69d2a2f0a3bc1\" data-height=\"20\" data-height-mobile=\"20\" data-height-tab=\"20\" data-height-tab-portrait=\"\" data-height-mobile-landscape=\"\" style=\"clear:both;display:block;\"><\/div>[vc_custom_heading text=&#8221;Warunki&#8221; font_container=&#8221;tag:h3|text_align:left|color:%23012069&#8243; use_theme_fonts=&#8221;yes&#8221;][vc_column_text]Rezerwacje mo\u017cna otrzyma\u0107 w naszej siedzibie lub pod numerem telefonu 0982 41247 &#8211; 347 0642995 &#8211; Fax 0982 425385, po uiszczeniu op\u0142aty w wysoko\u015bci 300,00 \u20ac za osob\u0119 za okres. Pokoje zostan\u0105 udost\u0119pnione klientom nie wcze\u015bniej ni\u017c do godziny 12 w po\u0142udnie w dniu przyjazdu i musz\u0105 zosta\u0107 opuszczone do godziny 10 rano w dniu wyjazdu. P\u0142atno\u015bci przyjmowane s\u0105 got\u00f3wk\u0105 lub czekami.<\/p>\n<p><strong>Cena obejmuje:<\/strong>dzienne sprz\u0105tanie pokoju ze zmian\u0105 po\u015bcieli co 3 dni.<br \/>\nObiekt posiada r\u00f3\u017cnych typ\u00f3w pokoi z \u0142azienk\u0105, balkonem i telewizorem.<br \/>\nKlimatyzowane pokoje z bezp\u0142atnym internetem wi-fi.<br \/>\nKuchnia oferuje swoim go\u015bciom \u015bniadanie w formie bufetu mi\u0119dzykontynentalnego, lunch i\/lub kolacj\u0119 z mo\u017cliwo\u015bci\u0105 wyboru 3 da\u0144 pierwszych, 3 da\u0144 drugich, 3 da\u0144 dodatkowych, deseru lub owoc\u00f3w.<br \/>\nDarmowy parking.<br \/>\nDarmowy transport do i ze stacji kolejowej Amantea.<br \/>\nNa \u017cyczenie istnieje mo\u017cliwo\u015b\u0107 rezerwacji transferu z\/na lotnisko Lamezia Terme: stawki i warunki w naszym biurze w Amantea.<\/p>\n<p><strong>Cena nie obejmuje:<\/strong> napoj\u00f3w przy posi\u0142kach, baru i obs\u0142udze pla\u017cy.[\/vc_column_text]<div class=\"ult-spacer spacer-69d2a2f0a3bd5\" data-id=\"69d2a2f0a3bd5\" data-height=\"20\" data-height-mobile=\"20\" data-height-tab=\"20\" data-height-tab-portrait=\"\" data-height-mobile-landscape=\"\" style=\"clear:both;display:block;\"><\/div>[vc_custom_heading text=&#8221;Wa\u017cne uwagi&#8221; font_container=&#8221;tag:h3|text_align:left|color:%23012069&#8243; use_theme_fonts=&#8221;yes&#8221;][vc_column_text]Dodatkowy pok\u00f3j dwuosobowy do godziny 16:00 (w zale\u017cno\u015bci od dost\u0119pno\u015bci) \u20ac. 30,00<br \/>\nDzieci od 0 do 3 lat, je\u015bli przebywaj\u0105 z rodzicami i nie s\u0105 uwzgl\u0119dnione w pensjonacie, p\u0142ac\u0105 15,00 \u20ac dziennie za r\u00f3\u017cne us\u0142ugi<br \/>\nDzieci w wieku od 4 do 11 lat maj\u0105 20% zni\u017cki na op\u0142at\u0119 dla doros\u0142ych<br \/>\nDzieci powy\u017cej 12 roku \u017cycia p\u0142ac\u0105 op\u0142at\u0119 dla doros\u0142ych[\/vc_column_text]<div class=\"ult-spacer spacer-69d2a2f0a3be7\" data-id=\"69d2a2f0a3be7\" data-height=\"20\" data-height-mobile=\"20\" data-height-tab=\"20\" data-height-tab-portrait=\"\" data-height-mobile-landscape=\"\" style=\"clear:both;display:block;\"><\/div>[vc_custom_heading text=&#8221;Podatek turystyczny&#8221; font_container=&#8221;tag:h3|text_align:left|color:%23012069&#8243; use_theme_fonts=&#8221;yes&#8221;][vc_column_text]Informujemy, \u017ce od dnia <strong>08 sierpnia 2018 roku<\/strong> Gmina Amantea ustanowi\u0142a <strong>Podatek Podatkowy<\/strong>.<br \/>\nPodatek jest nak\u0142adany na noclegi sp\u0119dzone przez turyst\u00f3w przez maksymalnie 7 kolejnych nocy.<br \/>\nMiar\u0105 podatku dla tej struktury jest <strong>Euro 1,50<\/strong> za osob\u0119 za noc.<br \/>\nWi\u0119cej informacji mo\u017cna znale\u017a\u0107 na stronie <strong><a href=\"http:\/\/www.comuneamantea.gov.it\/\" target=\"_blank\" rel=\"noopener noreferrer\">Comune di Amantea<\/a><\/strong>.[\/vc_column_text]<div class=\"ult-spacer spacer-69d2a2f0a3bf7\" data-id=\"69d2a2f0a3bf7\" data-height=\"20\" data-height-mobile=\"20\" data-height-tab=\"20\" data-height-tab-portrait=\"\" data-height-mobile-landscape=\"\" style=\"clear:both;display:block;\"><\/div>[vc_custom_heading text=&#8221;Grupy&#8221; font_container=&#8221;tag:h3|text_align:left|color:%23012069&#8243; use_theme_fonts=&#8221;yes&#8221;][vc_column_text]W celu uzyskania informacji o grupach prosimy o bezpo\u015bredni kontakt z obiektem[\/vc_column_text][\/vc_column][\/vc_row]<\/p>\n<\/div>","protected":false},"excerpt":{"rendered":"<p>[vc_row css=&#8221;.vc_custom_1589699431217{padding-top: 8% !important;padding-bottom: 8% !important;}&#8221; el_class=&#8221;tariffe&#8221;][vc_column][vc_column_text el_class=&#8221;alert alert-primary&#8221;] Rezerwacje mo\u017cna sk\u0142ada\u0107 pod numerem 3470642995 \/ 098241247 [\/vc_column_text][vc_custom_heading text=&#8221;TARYFY INDYWIDUALNE 2024&#8243; font_container=&#8221;tag:h2|font_size:30PX|text_align:center&#8221; use_theme_fonts=&#8221;yes&#8221;][vc_custom_heading text=&#8221;Ceny s\u0105 za osob\u0119, za dzie\u0144 i za pobyt minimum 3 dni.&#8221; font_container=&#8221;tag:h5|font_size:18px|text_align:center&#8221; use_theme_fonts=&#8221;yes&#8221; css=&#8221;.vc_custom_1590338533155{margin-bottom: 40px !important;}&#8221;][vc_column_text css=&#8221;&#8221;] PERIOD PE\u0141NY STATEK STATEK P\u00d3\u0141NOCNY A (od 01\/01 do 20\/07 &#8211; od 01\/09 do [&hellip;]<\/p>\n","protected":false},"author":1,"featured_media":0,"parent":0,"menu_order":0,"comment_status":"closed","ping_status":"closed","template":"","meta":{"footnotes":""},"class_list":["post-10926","page","type-page","status-publish","hentry"],"yoast_head":"<!-- This site is optimized with the Yoast SEO plugin v27.3 - https:\/\/yoast.com\/product\/yoast-seo-wordpress\/ -->\n<title>Indywidualne stawki - Hotel Santa Maria Amantea :: Pla\u017ca, morze i relaks w Kalabrii<\/title>\n<meta name=\"robots\" content=\"index, follow, max-snippet:-1, max-image-preview:large, max-video-preview:-1\" \/>\n<link rel=\"canonical\" href=\"https:\/\/hotelsantamariacalabria.it\/pl\/indywidualne-stawki\/\" \/>\n<meta property=\"og:locale\" content=\"pl_PL\" \/>\n<meta property=\"og:type\" content=\"article\" \/>\n<meta property=\"og:title\" content=\"Indywidualne stawki - Hotel Santa Maria Amantea :: Pla\u017ca, morze i relaks w Kalabrii\" \/>\n<meta property=\"og:description\" content=\"[vc_row css=&#8221;.vc_custom_1589699431217{padding-top: 8% !important;padding-bottom: 8% !important;}&#8221; el_class=&#8221;tariffe&#8221;][vc_column][vc_column_text el_class=&#8221;alert alert-primary&#8221;] Rezerwacje mo\u017cna sk\u0142ada\u0107 pod numerem 3470642995 \/ 098241247 [\/vc_column_text][vc_custom_heading text=&#8221;TARYFY INDYWIDUALNE 2024&#8243; font_container=&#8221;tag:h2|font_size:30PX|text_align:center&#8221; use_theme_fonts=&#8221;yes&#8221;][vc_custom_heading text=&#8221;Ceny s\u0105 za osob\u0119, za dzie\u0144 i za pobyt minimum 3 dni.&#8221; font_container=&#8221;tag:h5|font_size:18px|text_align:center&#8221; use_theme_fonts=&#8221;yes&#8221; css=&#8221;.vc_custom_1590338533155{margin-bottom: 40px !important;}&#8221;][vc_column_text css=&#8221;&#8221;] PERIOD PE\u0141NY STATEK STATEK P\u00d3\u0141NOCNY A (od 01\/01 do 20\/07 &#8211; od 01\/09 do [&hellip;]\" \/>\n<meta property=\"og:url\" content=\"https:\/\/hotelsantamariacalabria.it\/pl\/indywidualne-stawki\/\" \/>\n<meta property=\"og:site_name\" content=\"Hotel Santa Maria Amantea :: Pla\u017ca, morze i relaks w Kalabrii\" \/>\n<meta property=\"article:modified_time\" content=\"2025-05-13T07:26:21+00:00\" \/>\n<meta name=\"twitter:card\" content=\"summary_large_image\" \/>\n<meta name=\"twitter:label1\" content=\"Szacowany czas czytania\" \/>\n\t<meta name=\"twitter:data1\" content=\"3 minuty\" \/>\n<script type=\"application\/ld+json\" class=\"yoast-schema-graph\">{\"@context\":\"https:\\\/\\\/schema.org\",\"@graph\":[{\"@type\":\"WebPage\",\"@id\":\"https:\\\/\\\/hotelsantamariacalabria.it\\\/pl\\\/indywidualne-stawki\\\/\",\"url\":\"https:\\\/\\\/hotelsantamariacalabria.it\\\/pl\\\/indywidualne-stawki\\\/\",\"name\":\"Indywidualne stawki - Hotel Santa Maria Amantea :: Pla\u017ca, morze i relaks w Kalabrii\",\"isPartOf\":{\"@id\":\"https:\\\/\\\/hotelsantamariacalabria.it\\\/#website\"},\"datePublished\":\"2020-05-24T16:41:37+00:00\",\"dateModified\":\"2025-05-13T07:26:21+00:00\",\"breadcrumb\":{\"@id\":\"https:\\\/\\\/hotelsantamariacalabria.it\\\/pl\\\/indywidualne-stawki\\\/#breadcrumb\"},\"inLanguage\":\"pl-PL\",\"potentialAction\":[{\"@type\":\"ReadAction\",\"target\":[\"https:\\\/\\\/hotelsantamariacalabria.it\\\/pl\\\/indywidualne-stawki\\\/\"]}]},{\"@type\":\"BreadcrumbList\",\"@id\":\"https:\\\/\\\/hotelsantamariacalabria.it\\\/pl\\\/indywidualne-stawki\\\/#breadcrumb\",\"itemListElement\":[{\"@type\":\"ListItem\",\"position\":1,\"name\":\"Home\",\"item\":\"https:\\\/\\\/hotelsantamariacalabria.it\\\/pl\\\/\"},{\"@type\":\"ListItem\",\"position\":2,\"name\":\"Indywidualne stawki\"}]},{\"@type\":\"WebSite\",\"@id\":\"https:\\\/\\\/hotelsantamariacalabria.it\\\/#website\",\"url\":\"https:\\\/\\\/hotelsantamariacalabria.it\\\/\",\"name\":\"Hotel Santa Maria Amantea :: Pla\u017ca, morze i relaks w Kalabrii\",\"description\":\"\",\"publisher\":{\"@id\":\"https:\\\/\\\/hotelsantamariacalabria.it\\\/#organization\"},\"potentialAction\":[{\"@type\":\"SearchAction\",\"target\":{\"@type\":\"EntryPoint\",\"urlTemplate\":\"https:\\\/\\\/hotelsantamariacalabria.it\\\/?s={search_term_string}\"},\"query-input\":{\"@type\":\"PropertyValueSpecification\",\"valueRequired\":true,\"valueName\":\"search_term_string\"}}],\"inLanguage\":\"pl-PL\"},{\"@type\":\"Organization\",\"@id\":\"https:\\\/\\\/hotelsantamariacalabria.it\\\/#organization\",\"name\":\"Hotel Santa Maria\",\"url\":\"https:\\\/\\\/hotelsantamariacalabria.it\\\/\",\"logo\":{\"@type\":\"ImageObject\",\"inLanguage\":\"pl-PL\",\"@id\":\"https:\\\/\\\/hotelsantamariacalabria.it\\\/#\\\/schema\\\/logo\\\/image\\\/\",\"url\":\"https:\\\/\\\/hotelsantamariacalabria.it\\\/wp-content\\\/uploads\\\/2020\\\/05\\\/logo.jpg\",\"contentUrl\":\"https:\\\/\\\/hotelsantamariacalabria.it\\\/wp-content\\\/uploads\\\/2020\\\/05\\\/logo.jpg\",\"width\":265,\"height\":82,\"caption\":\"Hotel Santa Maria\"},\"image\":{\"@id\":\"https:\\\/\\\/hotelsantamariacalabria.it\\\/#\\\/schema\\\/logo\\\/image\\\/\"}}]}<\/script>\n<!-- \/ Yoast SEO plugin. -->","yoast_head_json":{"title":"Indywidualne stawki - Hotel Santa Maria Amantea :: Pla\u017ca, morze i relaks w Kalabrii","robots":{"index":"index","follow":"follow","max-snippet":"max-snippet:-1","max-image-preview":"max-image-preview:large","max-video-preview":"max-video-preview:-1"},"canonical":"https:\/\/hotelsantamariacalabria.it\/pl\/indywidualne-stawki\/","og_locale":"pl_PL","og_type":"article","og_title":"Indywidualne stawki - Hotel Santa Maria Amantea :: Pla\u017ca, morze i relaks w Kalabrii","og_description":"[vc_row css=&#8221;.vc_custom_1589699431217{padding-top: 8% !important;padding-bottom: 8% !important;}&#8221; el_class=&#8221;tariffe&#8221;][vc_column][vc_column_text el_class=&#8221;alert alert-primary&#8221;] Rezerwacje mo\u017cna sk\u0142ada\u0107 pod numerem 3470642995 \/ 098241247 [\/vc_column_text][vc_custom_heading text=&#8221;TARYFY INDYWIDUALNE 2024&#8243; font_container=&#8221;tag:h2|font_size:30PX|text_align:center&#8221; use_theme_fonts=&#8221;yes&#8221;][vc_custom_heading text=&#8221;Ceny s\u0105 za osob\u0119, za dzie\u0144 i za pobyt minimum 3 dni.&#8221; font_container=&#8221;tag:h5|font_size:18px|text_align:center&#8221; use_theme_fonts=&#8221;yes&#8221; css=&#8221;.vc_custom_1590338533155{margin-bottom: 40px !important;}&#8221;][vc_column_text css=&#8221;&#8221;] PERIOD PE\u0141NY STATEK STATEK P\u00d3\u0141NOCNY A (od 01\/01 do 20\/07 &#8211; od 01\/09 do [&hellip;]","og_url":"https:\/\/hotelsantamariacalabria.it\/pl\/indywidualne-stawki\/","og_site_name":"Hotel Santa Maria Amantea :: Pla\u017ca, morze i relaks w Kalabrii","article_modified_time":"2025-05-13T07:26:21+00:00","twitter_card":"summary_large_image","twitter_misc":{"Szacowany czas czytania":"3 minuty"},"schema":{"@context":"https:\/\/schema.org","@graph":[{"@type":"WebPage","@id":"https:\/\/hotelsantamariacalabria.it\/pl\/indywidualne-stawki\/","url":"https:\/\/hotelsantamariacalabria.it\/pl\/indywidualne-stawki\/","name":"Indywidualne stawki - Hotel Santa Maria Amantea :: Pla\u017ca, morze i relaks w Kalabrii","isPartOf":{"@id":"https:\/\/hotelsantamariacalabria.it\/#website"},"datePublished":"2020-05-24T16:41:37+00:00","dateModified":"2025-05-13T07:26:21+00:00","breadcrumb":{"@id":"https:\/\/hotelsantamariacalabria.it\/pl\/indywidualne-stawki\/#breadcrumb"},"inLanguage":"pl-PL","potentialAction":[{"@type":"ReadAction","target":["https:\/\/hotelsantamariacalabria.it\/pl\/indywidualne-stawki\/"]}]},{"@type":"BreadcrumbList","@id":"https:\/\/hotelsantamariacalabria.it\/pl\/indywidualne-stawki\/#breadcrumb","itemListElement":[{"@type":"ListItem","position":1,"name":"Home","item":"https:\/\/hotelsantamariacalabria.it\/pl\/"},{"@type":"ListItem","position":2,"name":"Indywidualne stawki"}]},{"@type":"WebSite","@id":"https:\/\/hotelsantamariacalabria.it\/#website","url":"https:\/\/hotelsantamariacalabria.it\/","name":"Hotel Santa Maria Amantea :: Pla\u017ca, morze i relaks w Kalabrii","description":"","publisher":{"@id":"https:\/\/hotelsantamariacalabria.it\/#organization"},"potentialAction":[{"@type":"SearchAction","target":{"@type":"EntryPoint","urlTemplate":"https:\/\/hotelsantamariacalabria.it\/?s={search_term_string}"},"query-input":{"@type":"PropertyValueSpecification","valueRequired":true,"valueName":"search_term_string"}}],"inLanguage":"pl-PL"},{"@type":"Organization","@id":"https:\/\/hotelsantamariacalabria.it\/#organization","name":"Hotel Santa Maria","url":"https:\/\/hotelsantamariacalabria.it\/","logo":{"@type":"ImageObject","inLanguage":"pl-PL","@id":"https:\/\/hotelsantamariacalabria.it\/#\/schema\/logo\/image\/","url":"https:\/\/hotelsantamariacalabria.it\/wp-content\/uploads\/2020\/05\/logo.jpg","contentUrl":"https:\/\/hotelsantamariacalabria.it\/wp-content\/uploads\/2020\/05\/logo.jpg","width":265,"height":82,"caption":"Hotel Santa Maria"},"image":{"@id":"https:\/\/hotelsantamariacalabria.it\/#\/schema\/logo\/image\/"}}]}},"_links":{"self":[{"href":"https:\/\/hotelsantamariacalabria.it\/pl\/wp-json\/wp\/v2\/pages\/10926","targetHints":{"allow":["GET"]}}],"collection":[{"href":"https:\/\/hotelsantamariacalabria.it\/pl\/wp-json\/wp\/v2\/pages"}],"about":[{"href":"https:\/\/hotelsantamariacalabria.it\/pl\/wp-json\/wp\/v2\/types\/page"}],"author":[{"embeddable":true,"href":"https:\/\/hotelsantamariacalabria.it\/pl\/wp-json\/wp\/v2\/users\/1"}],"replies":[{"embeddable":true,"href":"https:\/\/hotelsantamariacalabria.it\/pl\/wp-json\/wp\/v2\/comments?post=10926"}],"version-history":[{"count":30,"href":"https:\/\/hotelsantamariacalabria.it\/pl\/wp-json\/wp\/v2\/pages\/10926\/revisions"}],"predecessor-version":[{"id":13557,"href":"https:\/\/hotelsantamariacalabria.it\/pl\/wp-json\/wp\/v2\/pages\/10926\/revisions\/13557"}],"wp:attachment":[{"href":"https:\/\/hotelsantamariacalabria.it\/pl\/wp-json\/wp\/v2\/media?parent=10926"}],"curies":[{"name":"wp","href":"https:\/\/api.w.org\/{rel}","templated":true}]}}