{"id":10852,"date":"2020-05-16T08:21:50","date_gmt":"2020-05-16T06:21:50","guid":{"rendered":"https:\/\/new.hotelsantamariacalabria.it\/?page_id=10852"},"modified":"2024-04-11T12:31:06","modified_gmt":"2024-04-11T10:31:06","slug":"gdzie-jestesmy","status":"publish","type":"page","link":"https:\/\/hotelsantamariacalabria.it\/pl\/gdzie-jestesmy\/","title":{"rendered":"Gdzie jeste\u015bmy"},"content":{"rendered":"<div class=\"wpb-content-wrapper\"><p>[vc_row css=&#8221;.vc_custom_1496054854789{padding-top: 8% !important;padding-bottom: 6% !important;}&#8221; el_class=&#8221;services-section3&#8243;][vc_column width=&#8221;1\/2&#8243;]<div class=\"ult-animation  ult-animate-viewport  ult-no-mobile \" data-animate=\"fadeInLeft\" data-animation-delay=\"0.5\" data-animation-duration=\"1\" data-animation-iteration=\"1\" style=\"opacity:0;\" data-opacity_start_effect=\"\">[vc_icon icon_fontawesome=&#8221;fas fa-umbrella-beach&#8221; color=&#8221;custom&#8221; size=&#8221;lg&#8221; custom_color=&#8221;#012069&#8243; css=&#8221;.vc_custom_1589611668521{margin-bottom: 10px !important;margin-left: -10px !important;}&#8221;][vc_custom_heading text=&#8221;Amantea: morze, relaks i kultura!&#8221; font_container=&#8221;tag:h2|font_size:40px|text_align:left|color:%23012069|line_height:50px&#8221; use_theme_fonts=&#8221;yes&#8221;][vc_column_text css=&#8221;.vc_custom_1712831447843{margin-bottom: 30px !important;}&#8221;]<\/p>\n<div><em>Pochodz\u0105cy z p\u00f3\u0142nocy widok na rezerwat przyrody Scogli d\u2019Isca, WWF, wita w Amantei. Zamieszkane centrum posiada staro\u017cytny obszar, po\u0142o\u017cony na skalistym wzg\u00f3rzu, na kt\u00f3rym znajduj\u0105 si\u0119 najpi\u0119kniejsze i najciekawsze zabytki miasta, oraz nowoczesny obszar, po\u0142o\u017cony g\u0142\u00f3wnie na p\u0142askim terenie, gdzie dominuje dzia\u0142alno\u015b\u0107 handlowa.<\/em><em>\u0141agodny klimat przez wi\u0119ksz\u0105 cz\u0119\u015b\u0107 roku pozwala przed\u0142u\u017cy\u0107 lato w miesi\u0105cach wrzesie\u0144 i pa\u017adziernik.<\/em><\/div>\n<div><\/div>\n<div><em>Pod koniec t\u0119tni\u0105cego \u017cyciem i uroczystego lata Amantea przechodzi w okres jesienno-zimowy pe\u0142en wydarze\u0144 religijnych i towarzyskich. Wszystko to, wraz z warto\u015bciami przyja\u017ani i go\u015bcinno\u015bci, kt\u00f3re zawsze wyr\u00f3\u017cnia\u0142y nasz kraj.<\/em><\/div>\n<p>[\/vc_column_text][vc_separator][vc_column_text]<\/p>\n<div align=\"justify\">\n<p><em>Hotel Restaurant Santa Maria po\u0142o\u017cony jest na tyrre\u0144skim wybrze\u017cu w miejscowo\u015bci Cosenza, zaledwie 200 metr\u00f3w od morza i tylko 800 metr\u00f3w od centrum miasta.<\/em><br \/>\n<em>Jest w optymalnej pozycji dla tych, kt\u00f3rzy zdecyduj\u0105 si\u0119 do nas dotrze\u0107:<\/em><\/p>\n<ul>\n<li><em>Samolotem (lotnisko Santa Eufemia, lamezia terme, oddalone o 29 km)<\/em><\/li>\n<li><em>Poci\u0105giem (stacja Amantea jest oddalona tylko o 800 mt)<\/em><\/li>\n<li><em>Samochodem (Jezioro Czarne znajduje si\u0119 150 km na po\u0142udnie)<\/em><\/li>\n<li><em>Samochodem (zjazd z autostrady A3 jest 15 km na p\u00f3\u0142noc)<\/em><\/li>\n<\/ul>\n<\/div>\n<p>[\/vc_column_text]<\/div>[\/vc_column][vc_column width=&#8221;1\/2&#8243;]<div class=\"ult-animation  ult-animate-viewport  ult-no-mobile \" data-animate=\"zoomInDown\" data-animation-delay=\"1.1\" data-animation-duration=\"1\" data-animation-iteration=\"1\" style=\"opacity:0;\" data-opacity_start_effect=\"\">[vc_column_text][\/vc_column_text]<\/div>[\/vc_column][\/vc_row]<\/p>\n<\/div>","protected":false},"excerpt":{"rendered":"<p>[vc_row css=&#8221;.vc_custom_1496054854789{padding-top: 8% !important;padding-bottom: 6% !important;}&#8221; el_class=&#8221;services-section3&#8243;][vc_column width=&#8221;1\/2&#8243;][\/vc_column][vc_column width=&#8221;1\/2&#8243;][\/vc_column][\/vc_row]<\/p>\n","protected":false},"author":1,"featured_media":0,"parent":0,"menu_order":0,"comment_status":"closed","ping_status":"closed","template":"","meta":{"footnotes":""},"class_list":["post-10852","page","type-page","status-publish","hentry"],"yoast_head":"<!-- This site is optimized with the Yoast SEO plugin v27.3 - https:\/\/yoast.com\/product\/yoast-seo-wordpress\/ -->\n<title>Gdzie jeste\u015bmy - Hotel Santa Maria Amantea :: Pla\u017ca, morze i relaks w Kalabrii<\/title>\n<meta name=\"robots\" content=\"index, follow, max-snippet:-1, max-image-preview:large, max-video-preview:-1\" \/>\n<link rel=\"canonical\" href=\"https:\/\/hotelsantamariacalabria.it\/pl\/gdzie-jestesmy\/\" \/>\n<meta property=\"og:locale\" content=\"pl_PL\" \/>\n<meta property=\"og:type\" content=\"article\" \/>\n<meta property=\"og:title\" content=\"Gdzie jeste\u015bmy - Hotel Santa Maria Amantea :: Pla\u017ca, morze i relaks w Kalabrii\" \/>\n<meta property=\"og:description\" content=\"[vc_row css=&#8221;.vc_custom_1496054854789{padding-top: 8% !important;padding-bottom: 6% !important;}&#8221; el_class=&#8221;services-section3&#8243;][vc_column width=&#8221;1\/2&#8243;][\/vc_column][vc_column width=&#8221;1\/2&#8243;][\/vc_column][\/vc_row]\" \/>\n<meta property=\"og:url\" content=\"https:\/\/hotelsantamariacalabria.it\/pl\/gdzie-jestesmy\/\" \/>\n<meta property=\"og:site_name\" content=\"Hotel Santa Maria Amantea :: Pla\u017ca, morze i relaks w Kalabrii\" \/>\n<meta property=\"article:modified_time\" content=\"2024-04-11T10:31:06+00:00\" \/>\n<meta name=\"twitter:card\" content=\"summary_large_image\" \/>\n<meta name=\"twitter:label1\" content=\"Szacowany czas czytania\" \/>\n\t<meta name=\"twitter:data1\" content=\"2 minuty\" \/>\n<script type=\"application\/ld+json\" class=\"yoast-schema-graph\">{\"@context\":\"https:\\\/\\\/schema.org\",\"@graph\":[{\"@type\":\"WebPage\",\"@id\":\"https:\\\/\\\/hotelsantamariacalabria.it\\\/pl\\\/gdzie-jestesmy\\\/\",\"url\":\"https:\\\/\\\/hotelsantamariacalabria.it\\\/pl\\\/gdzie-jestesmy\\\/\",\"name\":\"Gdzie jeste\u015bmy - Hotel Santa Maria Amantea :: Pla\u017ca, morze i relaks w Kalabrii\",\"isPartOf\":{\"@id\":\"https:\\\/\\\/hotelsantamariacalabria.it\\\/#website\"},\"datePublished\":\"2020-05-16T06:21:50+00:00\",\"dateModified\":\"2024-04-11T10:31:06+00:00\",\"breadcrumb\":{\"@id\":\"https:\\\/\\\/hotelsantamariacalabria.it\\\/pl\\\/gdzie-jestesmy\\\/#breadcrumb\"},\"inLanguage\":\"pl-PL\",\"potentialAction\":[{\"@type\":\"ReadAction\",\"target\":[\"https:\\\/\\\/hotelsantamariacalabria.it\\\/pl\\\/gdzie-jestesmy\\\/\"]}]},{\"@type\":\"BreadcrumbList\",\"@id\":\"https:\\\/\\\/hotelsantamariacalabria.it\\\/pl\\\/gdzie-jestesmy\\\/#breadcrumb\",\"itemListElement\":[{\"@type\":\"ListItem\",\"position\":1,\"name\":\"Home\",\"item\":\"https:\\\/\\\/hotelsantamariacalabria.it\\\/pl\\\/\"},{\"@type\":\"ListItem\",\"position\":2,\"name\":\"Gdzie jeste\u015bmy\"}]},{\"@type\":\"WebSite\",\"@id\":\"https:\\\/\\\/hotelsantamariacalabria.it\\\/#website\",\"url\":\"https:\\\/\\\/hotelsantamariacalabria.it\\\/\",\"name\":\"Hotel Santa Maria Amantea :: Pla\u017ca, morze i relaks w Kalabrii\",\"description\":\"\",\"publisher\":{\"@id\":\"https:\\\/\\\/hotelsantamariacalabria.it\\\/#organization\"},\"potentialAction\":[{\"@type\":\"SearchAction\",\"target\":{\"@type\":\"EntryPoint\",\"urlTemplate\":\"https:\\\/\\\/hotelsantamariacalabria.it\\\/?s={search_term_string}\"},\"query-input\":{\"@type\":\"PropertyValueSpecification\",\"valueRequired\":true,\"valueName\":\"search_term_string\"}}],\"inLanguage\":\"pl-PL\"},{\"@type\":\"Organization\",\"@id\":\"https:\\\/\\\/hotelsantamariacalabria.it\\\/#organization\",\"name\":\"Hotel Santa Maria\",\"url\":\"https:\\\/\\\/hotelsantamariacalabria.it\\\/\",\"logo\":{\"@type\":\"ImageObject\",\"inLanguage\":\"pl-PL\",\"@id\":\"https:\\\/\\\/hotelsantamariacalabria.it\\\/#\\\/schema\\\/logo\\\/image\\\/\",\"url\":\"https:\\\/\\\/hotelsantamariacalabria.it\\\/wp-content\\\/uploads\\\/2020\\\/05\\\/logo.jpg\",\"contentUrl\":\"https:\\\/\\\/hotelsantamariacalabria.it\\\/wp-content\\\/uploads\\\/2020\\\/05\\\/logo.jpg\",\"width\":265,\"height\":82,\"caption\":\"Hotel Santa Maria\"},\"image\":{\"@id\":\"https:\\\/\\\/hotelsantamariacalabria.it\\\/#\\\/schema\\\/logo\\\/image\\\/\"}}]}<\/script>\n<!-- \/ Yoast SEO plugin. -->","yoast_head_json":{"title":"Gdzie jeste\u015bmy - Hotel Santa Maria Amantea :: Pla\u017ca, morze i relaks w Kalabrii","robots":{"index":"index","follow":"follow","max-snippet":"max-snippet:-1","max-image-preview":"max-image-preview:large","max-video-preview":"max-video-preview:-1"},"canonical":"https:\/\/hotelsantamariacalabria.it\/pl\/gdzie-jestesmy\/","og_locale":"pl_PL","og_type":"article","og_title":"Gdzie jeste\u015bmy - Hotel Santa Maria Amantea :: Pla\u017ca, morze i relaks w Kalabrii","og_description":"[vc_row css=&#8221;.vc_custom_1496054854789{padding-top: 8% !important;padding-bottom: 6% !important;}&#8221; el_class=&#8221;services-section3&#8243;][vc_column width=&#8221;1\/2&#8243;][\/vc_column][vc_column width=&#8221;1\/2&#8243;][\/vc_column][\/vc_row]","og_url":"https:\/\/hotelsantamariacalabria.it\/pl\/gdzie-jestesmy\/","og_site_name":"Hotel Santa Maria Amantea :: Pla\u017ca, morze i relaks w Kalabrii","article_modified_time":"2024-04-11T10:31:06+00:00","twitter_card":"summary_large_image","twitter_misc":{"Szacowany czas czytania":"2 minuty"},"schema":{"@context":"https:\/\/schema.org","@graph":[{"@type":"WebPage","@id":"https:\/\/hotelsantamariacalabria.it\/pl\/gdzie-jestesmy\/","url":"https:\/\/hotelsantamariacalabria.it\/pl\/gdzie-jestesmy\/","name":"Gdzie jeste\u015bmy - Hotel Santa Maria Amantea :: Pla\u017ca, morze i relaks w Kalabrii","isPartOf":{"@id":"https:\/\/hotelsantamariacalabria.it\/#website"},"datePublished":"2020-05-16T06:21:50+00:00","dateModified":"2024-04-11T10:31:06+00:00","breadcrumb":{"@id":"https:\/\/hotelsantamariacalabria.it\/pl\/gdzie-jestesmy\/#breadcrumb"},"inLanguage":"pl-PL","potentialAction":[{"@type":"ReadAction","target":["https:\/\/hotelsantamariacalabria.it\/pl\/gdzie-jestesmy\/"]}]},{"@type":"BreadcrumbList","@id":"https:\/\/hotelsantamariacalabria.it\/pl\/gdzie-jestesmy\/#breadcrumb","itemListElement":[{"@type":"ListItem","position":1,"name":"Home","item":"https:\/\/hotelsantamariacalabria.it\/pl\/"},{"@type":"ListItem","position":2,"name":"Gdzie jeste\u015bmy"}]},{"@type":"WebSite","@id":"https:\/\/hotelsantamariacalabria.it\/#website","url":"https:\/\/hotelsantamariacalabria.it\/","name":"Hotel Santa Maria Amantea :: Pla\u017ca, morze i relaks w Kalabrii","description":"","publisher":{"@id":"https:\/\/hotelsantamariacalabria.it\/#organization"},"potentialAction":[{"@type":"SearchAction","target":{"@type":"EntryPoint","urlTemplate":"https:\/\/hotelsantamariacalabria.it\/?s={search_term_string}"},"query-input":{"@type":"PropertyValueSpecification","valueRequired":true,"valueName":"search_term_string"}}],"inLanguage":"pl-PL"},{"@type":"Organization","@id":"https:\/\/hotelsantamariacalabria.it\/#organization","name":"Hotel Santa Maria","url":"https:\/\/hotelsantamariacalabria.it\/","logo":{"@type":"ImageObject","inLanguage":"pl-PL","@id":"https:\/\/hotelsantamariacalabria.it\/#\/schema\/logo\/image\/","url":"https:\/\/hotelsantamariacalabria.it\/wp-content\/uploads\/2020\/05\/logo.jpg","contentUrl":"https:\/\/hotelsantamariacalabria.it\/wp-content\/uploads\/2020\/05\/logo.jpg","width":265,"height":82,"caption":"Hotel Santa Maria"},"image":{"@id":"https:\/\/hotelsantamariacalabria.it\/#\/schema\/logo\/image\/"}}]}},"_links":{"self":[{"href":"https:\/\/hotelsantamariacalabria.it\/pl\/wp-json\/wp\/v2\/pages\/10852","targetHints":{"allow":["GET"]}}],"collection":[{"href":"https:\/\/hotelsantamariacalabria.it\/pl\/wp-json\/wp\/v2\/pages"}],"about":[{"href":"https:\/\/hotelsantamariacalabria.it\/pl\/wp-json\/wp\/v2\/types\/page"}],"author":[{"embeddable":true,"href":"https:\/\/hotelsantamariacalabria.it\/pl\/wp-json\/wp\/v2\/users\/1"}],"replies":[{"embeddable":true,"href":"https:\/\/hotelsantamariacalabria.it\/pl\/wp-json\/wp\/v2\/comments?post=10852"}],"version-history":[{"count":8,"href":"https:\/\/hotelsantamariacalabria.it\/pl\/wp-json\/wp\/v2\/pages\/10852\/revisions"}],"predecessor-version":[{"id":13506,"href":"https:\/\/hotelsantamariacalabria.it\/pl\/wp-json\/wp\/v2\/pages\/10852\/revisions\/13506"}],"wp:attachment":[{"href":"https:\/\/hotelsantamariacalabria.it\/pl\/wp-json\/wp\/v2\/media?parent=10852"}],"curies":[{"name":"wp","href":"https:\/\/api.w.org\/{rel}","templated":true}]}}