{"id":10834,"date":"2020-05-13T14:40:27","date_gmt":"2020-05-13T12:40:27","guid":{"rendered":"https:\/\/new.hotelsantamariacalabria.it\/?page_id=10834"},"modified":"2024-04-11T12:28:14","modified_gmt":"2024-04-11T10:28:14","slug":"restauracja","status":"publish","type":"page","link":"https:\/\/hotelsantamariacalabria.it\/pl\/restauracja\/","title":{"rendered":"Restauracja"},"content":{"rendered":"<div class=\"wpb-content-wrapper\"><p>[vc_row full_width=&#8221;stretch_row_content_no_spaces&#8221; content_placement=&#8221;middle&#8221; css_animation=&#8221;fadeInRight&#8221; css=&#8221;.vc_custom_1589635013868{padding-top: 8% !important;padding-bottom: 6% !important;background-position: 0 0 !important;background-repeat: no-repeat !important;}&#8221; el_class=&#8221;vcr_float_right&#8221;][vc_column width=&#8221;1\/2&#8243; el_class=&#8221;rs_col-sm-12&#8243;][vc_row_inner][vc_column_inner width=&#8221;1\/3&#8243;][\/vc_column_inner][vc_column_inner el_class=&#8221;rs_col-sm-12&#8243; width=&#8221;2\/3&#8243; css=&#8221;.vc_custom_1589350983973{padding-right: 40px !important;padding-left: 40px !important;}&#8221; offset=&#8221;vc_col-lg-8 vc_col-md-12&#8243;]<div class=\"ult-animation  ult-animate-viewport  ult-no-mobile \" data-animate=\"fadeInLeft\" data-animation-delay=\"0.8\" data-animation-duration=\"1\" data-animation-iteration=\"1\" style=\"opacity:0;\" data-opacity_start_effect=\"\">[vc_custom_heading text=&#8221;Typowa kuchnia \u015br\u00f3dziemnomorska&#8221; font_container=&#8221;tag:h2|font_size:34|text_align:left|color:%237788af&#8221; use_theme_fonts=&#8221;yes&#8221;]<div class='dt-sc-clear '> <\/div>[vc_column_text css=&#8221;.vc_custom_1712831289563{margin-bottom: 20px !important;}&#8221;]<\/p>\n<div style=\"text-align: justify;\">\n<p><em>Sala restauracyjna, w kolorach przypominaj\u0105cych nowoczesne, nadmorskie otoczenie, mo\u017ce pomie\u015bci\u0107 100 os\u00f3b i jest przygotowana na okazjonalne kolacje i imprezy bankietowe.<\/em><\/p>\n<p><em>Kuchnia oferuje r\u00f3\u017cnorodne menu, obejmuj\u0105ce ryby, mi\u0119so, \u015bwie\u017ce warzywa, pod has\u0142em dobrej kuchni kalabryjskiej i \u015br\u00f3dziemnomorskiej.<\/em><\/p>\n<p><em><strong>Uwaga: restauracja dzia\u0142a od czerwca do wrze\u015bnia.<\/strong><\/em><\/p>\n<\/div>\n<p>[\/vc_column_text][vc_column_text][\/vc_column_text]<\/div>[\/vc_column_inner][\/vc_row_inner][\/vc_column][vc_column width=&#8221;1\/3&#8243; el_class=&#8221;rs_col-sm-12&#8243;][vc_column_text][\/vc_column_text][\/vc_column][\/vc_row]<\/p>\n<\/div>","protected":false},"excerpt":{"rendered":"<p>[vc_row full_width=&#8221;stretch_row_content_no_spaces&#8221; content_placement=&#8221;middle&#8221; css_animation=&#8221;fadeInRight&#8221; css=&#8221;.vc_custom_1589635013868{padding-top: 8% !important;padding-bottom: 6% !important;background-position: 0 0 !important;background-repeat: no-repeat !important;}&#8221; el_class=&#8221;vcr_float_right&#8221;][vc_column width=&#8221;1\/2&#8243; el_class=&#8221;rs_col-sm-12&#8243;][vc_row_inner][vc_column_inner width=&#8221;1\/3&#8243;][\/vc_column_inner][vc_column_inner el_class=&#8221;rs_col-sm-12&#8243; width=&#8221;2\/3&#8243; css=&#8221;.vc_custom_1589350983973{padding-right: 40px !important;padding-left: 40px !important;}&#8221; offset=&#8221;vc_col-lg-8 vc_col-md-12&#8243;][\/vc_column_inner][\/vc_row_inner][\/vc_column][vc_column width=&#8221;1\/3&#8243; el_class=&#8221;rs_col-sm-12&#8243;][vc_column_text][\/vc_column_text][\/vc_column][\/vc_row]<\/p>\n","protected":false},"author":1,"featured_media":0,"parent":0,"menu_order":0,"comment_status":"closed","ping_status":"closed","template":"","meta":{"footnotes":""},"class_list":["post-10834","page","type-page","status-publish","hentry"],"yoast_head":"<!-- This site is optimized with the Yoast SEO plugin v27.3 - https:\/\/yoast.com\/product\/yoast-seo-wordpress\/ -->\n<title>Restauracja - Hotel Santa Maria Amantea :: Pla\u017ca, morze i relaks w Kalabrii<\/title>\n<meta name=\"robots\" content=\"index, follow, max-snippet:-1, max-image-preview:large, max-video-preview:-1\" \/>\n<link rel=\"canonical\" href=\"https:\/\/hotelsantamariacalabria.it\/pl\/restauracja\/\" \/>\n<meta property=\"og:locale\" content=\"pl_PL\" \/>\n<meta property=\"og:type\" content=\"article\" \/>\n<meta property=\"og:title\" content=\"Restauracja - Hotel Santa Maria Amantea :: Pla\u017ca, morze i relaks w Kalabrii\" \/>\n<meta property=\"og:description\" content=\"[vc_row full_width=&#8221;stretch_row_content_no_spaces&#8221; content_placement=&#8221;middle&#8221; css_animation=&#8221;fadeInRight&#8221; css=&#8221;.vc_custom_1589635013868{padding-top: 8% !important;padding-bottom: 6% !important;background-position: 0 0 !important;background-repeat: no-repeat !important;}&#8221; el_class=&#8221;vcr_float_right&#8221;][vc_column width=&#8221;1\/2&#8243; el_class=&#8221;rs_col-sm-12&#8243;][vc_row_inner][vc_column_inner width=&#8221;1\/3&#8243;][\/vc_column_inner][vc_column_inner el_class=&#8221;rs_col-sm-12&#8243; width=&#8221;2\/3&#8243; css=&#8221;.vc_custom_1589350983973{padding-right: 40px !important;padding-left: 40px !important;}&#8221; offset=&#8221;vc_col-lg-8 vc_col-md-12&#8243;][\/vc_column_inner][\/vc_row_inner][\/vc_column][vc_column width=&#8221;1\/3&#8243; el_class=&#8221;rs_col-sm-12&#8243;][vc_column_text][\/vc_column_text][\/vc_column][\/vc_row]\" \/>\n<meta property=\"og:url\" content=\"https:\/\/hotelsantamariacalabria.it\/pl\/restauracja\/\" \/>\n<meta property=\"og:site_name\" content=\"Hotel Santa Maria Amantea :: Pla\u017ca, morze i relaks w Kalabrii\" \/>\n<meta property=\"article:modified_time\" content=\"2024-04-11T10:28:14+00:00\" \/>\n<meta name=\"twitter:card\" content=\"summary_large_image\" \/>\n<meta name=\"twitter:label1\" content=\"Szacowany czas czytania\" \/>\n\t<meta name=\"twitter:data1\" content=\"1 minuta\" \/>\n<script type=\"application\/ld+json\" class=\"yoast-schema-graph\">{\"@context\":\"https:\\\/\\\/schema.org\",\"@graph\":[{\"@type\":\"WebPage\",\"@id\":\"https:\\\/\\\/hotelsantamariacalabria.it\\\/pl\\\/restauracja\\\/\",\"url\":\"https:\\\/\\\/hotelsantamariacalabria.it\\\/pl\\\/restauracja\\\/\",\"name\":\"Restauracja - Hotel Santa Maria Amantea :: Pla\u017ca, morze i relaks w Kalabrii\",\"isPartOf\":{\"@id\":\"https:\\\/\\\/hotelsantamariacalabria.it\\\/#website\"},\"datePublished\":\"2020-05-13T12:40:27+00:00\",\"dateModified\":\"2024-04-11T10:28:14+00:00\",\"breadcrumb\":{\"@id\":\"https:\\\/\\\/hotelsantamariacalabria.it\\\/pl\\\/restauracja\\\/#breadcrumb\"},\"inLanguage\":\"pl-PL\",\"potentialAction\":[{\"@type\":\"ReadAction\",\"target\":[\"https:\\\/\\\/hotelsantamariacalabria.it\\\/pl\\\/restauracja\\\/\"]}]},{\"@type\":\"BreadcrumbList\",\"@id\":\"https:\\\/\\\/hotelsantamariacalabria.it\\\/pl\\\/restauracja\\\/#breadcrumb\",\"itemListElement\":[{\"@type\":\"ListItem\",\"position\":1,\"name\":\"Home\",\"item\":\"https:\\\/\\\/hotelsantamariacalabria.it\\\/pl\\\/\"},{\"@type\":\"ListItem\",\"position\":2,\"name\":\"Restauracja\"}]},{\"@type\":\"WebSite\",\"@id\":\"https:\\\/\\\/hotelsantamariacalabria.it\\\/#website\",\"url\":\"https:\\\/\\\/hotelsantamariacalabria.it\\\/\",\"name\":\"Hotel Santa Maria Amantea :: Pla\u017ca, morze i relaks w Kalabrii\",\"description\":\"\",\"publisher\":{\"@id\":\"https:\\\/\\\/hotelsantamariacalabria.it\\\/#organization\"},\"potentialAction\":[{\"@type\":\"SearchAction\",\"target\":{\"@type\":\"EntryPoint\",\"urlTemplate\":\"https:\\\/\\\/hotelsantamariacalabria.it\\\/?s={search_term_string}\"},\"query-input\":{\"@type\":\"PropertyValueSpecification\",\"valueRequired\":true,\"valueName\":\"search_term_string\"}}],\"inLanguage\":\"pl-PL\"},{\"@type\":\"Organization\",\"@id\":\"https:\\\/\\\/hotelsantamariacalabria.it\\\/#organization\",\"name\":\"Hotel Santa Maria\",\"url\":\"https:\\\/\\\/hotelsantamariacalabria.it\\\/\",\"logo\":{\"@type\":\"ImageObject\",\"inLanguage\":\"pl-PL\",\"@id\":\"https:\\\/\\\/hotelsantamariacalabria.it\\\/#\\\/schema\\\/logo\\\/image\\\/\",\"url\":\"https:\\\/\\\/hotelsantamariacalabria.it\\\/wp-content\\\/uploads\\\/2020\\\/05\\\/logo.jpg\",\"contentUrl\":\"https:\\\/\\\/hotelsantamariacalabria.it\\\/wp-content\\\/uploads\\\/2020\\\/05\\\/logo.jpg\",\"width\":265,\"height\":82,\"caption\":\"Hotel Santa Maria\"},\"image\":{\"@id\":\"https:\\\/\\\/hotelsantamariacalabria.it\\\/#\\\/schema\\\/logo\\\/image\\\/\"}}]}<\/script>\n<!-- \/ Yoast SEO plugin. -->","yoast_head_json":{"title":"Restauracja - Hotel Santa Maria Amantea :: Pla\u017ca, morze i relaks w Kalabrii","robots":{"index":"index","follow":"follow","max-snippet":"max-snippet:-1","max-image-preview":"max-image-preview:large","max-video-preview":"max-video-preview:-1"},"canonical":"https:\/\/hotelsantamariacalabria.it\/pl\/restauracja\/","og_locale":"pl_PL","og_type":"article","og_title":"Restauracja - Hotel Santa Maria Amantea :: Pla\u017ca, morze i relaks w Kalabrii","og_description":"[vc_row full_width=&#8221;stretch_row_content_no_spaces&#8221; content_placement=&#8221;middle&#8221; css_animation=&#8221;fadeInRight&#8221; css=&#8221;.vc_custom_1589635013868{padding-top: 8% !important;padding-bottom: 6% !important;background-position: 0 0 !important;background-repeat: no-repeat !important;}&#8221; el_class=&#8221;vcr_float_right&#8221;][vc_column width=&#8221;1\/2&#8243; el_class=&#8221;rs_col-sm-12&#8243;][vc_row_inner][vc_column_inner width=&#8221;1\/3&#8243;][\/vc_column_inner][vc_column_inner el_class=&#8221;rs_col-sm-12&#8243; width=&#8221;2\/3&#8243; css=&#8221;.vc_custom_1589350983973{padding-right: 40px !important;padding-left: 40px !important;}&#8221; offset=&#8221;vc_col-lg-8 vc_col-md-12&#8243;][\/vc_column_inner][\/vc_row_inner][\/vc_column][vc_column width=&#8221;1\/3&#8243; el_class=&#8221;rs_col-sm-12&#8243;][vc_column_text][\/vc_column_text][\/vc_column][\/vc_row]","og_url":"https:\/\/hotelsantamariacalabria.it\/pl\/restauracja\/","og_site_name":"Hotel Santa Maria Amantea :: Pla\u017ca, morze i relaks w Kalabrii","article_modified_time":"2024-04-11T10:28:14+00:00","twitter_card":"summary_large_image","twitter_misc":{"Szacowany czas czytania":"1 minuta"},"schema":{"@context":"https:\/\/schema.org","@graph":[{"@type":"WebPage","@id":"https:\/\/hotelsantamariacalabria.it\/pl\/restauracja\/","url":"https:\/\/hotelsantamariacalabria.it\/pl\/restauracja\/","name":"Restauracja - Hotel Santa Maria Amantea :: Pla\u017ca, morze i relaks w Kalabrii","isPartOf":{"@id":"https:\/\/hotelsantamariacalabria.it\/#website"},"datePublished":"2020-05-13T12:40:27+00:00","dateModified":"2024-04-11T10:28:14+00:00","breadcrumb":{"@id":"https:\/\/hotelsantamariacalabria.it\/pl\/restauracja\/#breadcrumb"},"inLanguage":"pl-PL","potentialAction":[{"@type":"ReadAction","target":["https:\/\/hotelsantamariacalabria.it\/pl\/restauracja\/"]}]},{"@type":"BreadcrumbList","@id":"https:\/\/hotelsantamariacalabria.it\/pl\/restauracja\/#breadcrumb","itemListElement":[{"@type":"ListItem","position":1,"name":"Home","item":"https:\/\/hotelsantamariacalabria.it\/pl\/"},{"@type":"ListItem","position":2,"name":"Restauracja"}]},{"@type":"WebSite","@id":"https:\/\/hotelsantamariacalabria.it\/#website","url":"https:\/\/hotelsantamariacalabria.it\/","name":"Hotel Santa Maria Amantea :: Pla\u017ca, morze i relaks w Kalabrii","description":"","publisher":{"@id":"https:\/\/hotelsantamariacalabria.it\/#organization"},"potentialAction":[{"@type":"SearchAction","target":{"@type":"EntryPoint","urlTemplate":"https:\/\/hotelsantamariacalabria.it\/?s={search_term_string}"},"query-input":{"@type":"PropertyValueSpecification","valueRequired":true,"valueName":"search_term_string"}}],"inLanguage":"pl-PL"},{"@type":"Organization","@id":"https:\/\/hotelsantamariacalabria.it\/#organization","name":"Hotel Santa Maria","url":"https:\/\/hotelsantamariacalabria.it\/","logo":{"@type":"ImageObject","inLanguage":"pl-PL","@id":"https:\/\/hotelsantamariacalabria.it\/#\/schema\/logo\/image\/","url":"https:\/\/hotelsantamariacalabria.it\/wp-content\/uploads\/2020\/05\/logo.jpg","contentUrl":"https:\/\/hotelsantamariacalabria.it\/wp-content\/uploads\/2020\/05\/logo.jpg","width":265,"height":82,"caption":"Hotel Santa Maria"},"image":{"@id":"https:\/\/hotelsantamariacalabria.it\/#\/schema\/logo\/image\/"}}]}},"_links":{"self":[{"href":"https:\/\/hotelsantamariacalabria.it\/pl\/wp-json\/wp\/v2\/pages\/10834","targetHints":{"allow":["GET"]}}],"collection":[{"href":"https:\/\/hotelsantamariacalabria.it\/pl\/wp-json\/wp\/v2\/pages"}],"about":[{"href":"https:\/\/hotelsantamariacalabria.it\/pl\/wp-json\/wp\/v2\/types\/page"}],"author":[{"embeddable":true,"href":"https:\/\/hotelsantamariacalabria.it\/pl\/wp-json\/wp\/v2\/users\/1"}],"replies":[{"embeddable":true,"href":"https:\/\/hotelsantamariacalabria.it\/pl\/wp-json\/wp\/v2\/comments?post=10834"}],"version-history":[{"count":12,"href":"https:\/\/hotelsantamariacalabria.it\/pl\/wp-json\/wp\/v2\/pages\/10834\/revisions"}],"predecessor-version":[{"id":13504,"href":"https:\/\/hotelsantamariacalabria.it\/pl\/wp-json\/wp\/v2\/pages\/10834\/revisions\/13504"}],"wp:attachment":[{"href":"https:\/\/hotelsantamariacalabria.it\/pl\/wp-json\/wp\/v2\/media?parent=10834"}],"curies":[{"name":"wp","href":"https:\/\/api.w.org\/{rel}","templated":true}]}}