{"id":10790,"date":"2020-05-11T16:26:55","date_gmt":"2020-05-11T14:26:55","guid":{"rendered":"https:\/\/new.hotelsantamariacalabria.it\/?page_id=10790"},"modified":"2024-04-11T12:24:42","modified_gmt":"2024-04-11T10:24:42","slug":"hotel","status":"publish","type":"page","link":"https:\/\/hotelsantamariacalabria.it\/pl\/hotel\/","title":{"rendered":"Hotel"},"content":{"rendered":"<div class=\"wpb-content-wrapper\"><p>[vc_row full_width=&#8221;stretch_row_content_no_spaces&#8221; content_placement=&#8221;middle&#8221; css_animation=&#8221;fadeInRight&#8221; css=&#8221;.vc_custom_1589635013868{padding-top: 8% !important;padding-bottom: 6% !important;background-position: 0 0 !important;background-repeat: no-repeat !important;}&#8221; el_class=&#8221;vcr_float_right&#8221;][vc_column width=&#8221;1\/2&#8243; el_class=&#8221;rs_col-sm-12&#8243;][vc_row_inner][vc_column_inner width=&#8221;1\/3&#8243;][\/vc_column_inner][vc_column_inner el_class=&#8221;rs_col-sm-12&#8243; width=&#8221;2\/3&#8243; css=&#8221;.vc_custom_1589350983973{padding-right: 40px !important;padding-left: 40px !important;}&#8221; offset=&#8221;vc_col-lg-8 vc_col-md-12&#8243;]<div class=\"ult-animation  ult-animate-viewport  ult-no-mobile \" data-animate=\"fadeInLeft\" data-animation-delay=\"0.8\" data-animation-duration=\"1\" data-animation-iteration=\"1\" style=\"opacity:0;\" data-opacity_start_effect=\"\">[vc_custom_heading text=&#8221;Hotel Santa Maria&#8221; font_container=&#8221;tag:h2|font_size:34|text_align:left|color:%237788af&#8221; use_theme_fonts=&#8221;yes&#8221;]<div class='dt-sc-hr-invisible-xsmall '> <\/div><div class='dt-sc-clear '> <\/div>[vc_column_text css=&#8221;.vc_custom_1712831075060{margin-bottom: 20px !important;}&#8221;]<\/p>\n<div style=\"text-align: justify;\">\n<p><em>Restauracja hotelowa Santa Maria szczyci si\u0119 d\u0142ug\u0105 tradycj\u0105 w zakresie zakwaterowania w hotelu.<\/em><\/p>\n<p><em>Znajduje si\u0119 w Amantea, na pi\u0119knym wybrze\u017cu, w Kalabrii (W\u0142ochy). W Hotelu Santa Maria mo\u017cna znale\u017a\u0107 go\u015bcinno\u015b\u0107 i profesjonalizm, poniewa\u017c rodzina De Grazia jest oddana w swoim hotelu i oddana swoim klientom. Ka\u017cdego roku kierownik hotelu jest obecny na wszystkich kermesach i imprezach zwi\u0105zanych z turystyk\u0105.<\/em><\/p>\n<p><em>Hotel zosta\u0142 niedawno zmodernizowany. Go\u015bcie mog\u0105 korzysta\u0107 z wielu komfortowych pokoi, wszystkie wyposa\u017cone w klimatyzacj\u0119, ma\u0142y prywatny taras, \u0142azienka, telefon i po\u0142\u0105czenie alarmowe. Na ka\u017cde pi\u0119tro mo\u017cna dosta\u0107 si\u0119 wind\u0105 panoramiczn\u0105. Hotel posiada zadaszony gara\u017c oraz du\u017cy parking dla samochod\u00f3w osobowych i autobus\u00f3w.<\/em><\/p>\n<p><em>Hotel znajduje si\u0119 w pobli\u017cu morza (oko\u0142o 100 metr\u00f3w). Do pla\u017cy mo\u017cna dotrze\u0107 kr\u00f3tkim metrem. Ponadto Hotel Santa Maria zapewnia go\u015bciom us\u0142ug\u0119 na prywatnej pla\u017cy, z parasolem pla\u017cowym i le\u017cakami. Bezpiecze\u0144stwo jest zapewnione przez hotelowego ratownika. W okresie letnim organizujemy pokazy faschion, ta\u0144ce i inne rozrywki dla Pa\u0144stwa niezapomnianych wakacji.<\/em><\/p>\n<\/div>\n<div class='dt-sc-hr-invisible-small '> <\/div>[\/vc_column_text]<\/div>[\/vc_column_inner][\/vc_row_inner][\/vc_column][vc_column width=&#8221;1\/3&#8243; el_class=&#8221;rs_col-sm-12&#8243;][vc_column_text][\/vc_column_text][\/vc_column][\/vc_row]<\/p>\n<\/div>","protected":false},"excerpt":{"rendered":"<p>[vc_row full_width=&#8221;stretch_row_content_no_spaces&#8221; content_placement=&#8221;middle&#8221; css_animation=&#8221;fadeInRight&#8221; css=&#8221;.vc_custom_1589635013868{padding-top: 8% !important;padding-bottom: 6% !important;background-position: 0 0 !important;background-repeat: no-repeat !important;}&#8221; el_class=&#8221;vcr_float_right&#8221;][vc_column width=&#8221;1\/2&#8243; el_class=&#8221;rs_col-sm-12&#8243;][vc_row_inner][vc_column_inner width=&#8221;1\/3&#8243;][\/vc_column_inner][vc_column_inner el_class=&#8221;rs_col-sm-12&#8243; width=&#8221;2\/3&#8243; css=&#8221;.vc_custom_1589350983973{padding-right: 40px !important;padding-left: 40px !important;}&#8221; offset=&#8221;vc_col-lg-8 vc_col-md-12&#8243;][\/vc_column_inner][\/vc_row_inner][\/vc_column][vc_column width=&#8221;1\/3&#8243; el_class=&#8221;rs_col-sm-12&#8243;][vc_column_text][\/vc_column_text][\/vc_column][\/vc_row]<\/p>\n","protected":false},"author":1,"featured_media":0,"parent":0,"menu_order":0,"comment_status":"closed","ping_status":"closed","template":"","meta":{"footnotes":""},"class_list":["post-10790","page","type-page","status-publish","hentry"],"yoast_head":"<!-- This site is optimized with the Yoast SEO plugin v27.3 - https:\/\/yoast.com\/product\/yoast-seo-wordpress\/ -->\n<title>Hotel - Hotel Santa Maria Amantea :: Pla\u017ca, morze i relaks w Kalabrii<\/title>\n<meta name=\"robots\" content=\"index, follow, max-snippet:-1, max-image-preview:large, max-video-preview:-1\" \/>\n<link rel=\"canonical\" href=\"https:\/\/hotelsantamariacalabria.it\/pl\/hotel\/\" \/>\n<meta property=\"og:locale\" content=\"pl_PL\" \/>\n<meta property=\"og:type\" content=\"article\" \/>\n<meta property=\"og:title\" content=\"Hotel - Hotel Santa Maria Amantea :: Pla\u017ca, morze i relaks w Kalabrii\" \/>\n<meta property=\"og:description\" content=\"[vc_row full_width=&#8221;stretch_row_content_no_spaces&#8221; content_placement=&#8221;middle&#8221; css_animation=&#8221;fadeInRight&#8221; css=&#8221;.vc_custom_1589635013868{padding-top: 8% !important;padding-bottom: 6% !important;background-position: 0 0 !important;background-repeat: no-repeat !important;}&#8221; el_class=&#8221;vcr_float_right&#8221;][vc_column width=&#8221;1\/2&#8243; el_class=&#8221;rs_col-sm-12&#8243;][vc_row_inner][vc_column_inner width=&#8221;1\/3&#8243;][\/vc_column_inner][vc_column_inner el_class=&#8221;rs_col-sm-12&#8243; width=&#8221;2\/3&#8243; css=&#8221;.vc_custom_1589350983973{padding-right: 40px !important;padding-left: 40px !important;}&#8221; offset=&#8221;vc_col-lg-8 vc_col-md-12&#8243;][\/vc_column_inner][\/vc_row_inner][\/vc_column][vc_column width=&#8221;1\/3&#8243; el_class=&#8221;rs_col-sm-12&#8243;][vc_column_text][\/vc_column_text][\/vc_column][\/vc_row]\" \/>\n<meta property=\"og:url\" content=\"https:\/\/hotelsantamariacalabria.it\/pl\/hotel\/\" \/>\n<meta property=\"og:site_name\" content=\"Hotel Santa Maria Amantea :: Pla\u017ca, morze i relaks w Kalabrii\" \/>\n<meta property=\"article:modified_time\" content=\"2024-04-11T10:24:42+00:00\" \/>\n<meta name=\"twitter:card\" content=\"summary_large_image\" \/>\n<meta name=\"twitter:label1\" content=\"Szacowany czas czytania\" \/>\n\t<meta name=\"twitter:data1\" content=\"2 minuty\" \/>\n<script type=\"application\/ld+json\" class=\"yoast-schema-graph\">{\"@context\":\"https:\\\/\\\/schema.org\",\"@graph\":[{\"@type\":\"WebPage\",\"@id\":\"https:\\\/\\\/hotelsantamariacalabria.it\\\/pl\\\/hotel\\\/\",\"url\":\"https:\\\/\\\/hotelsantamariacalabria.it\\\/pl\\\/hotel\\\/\",\"name\":\"Hotel - Hotel Santa Maria Amantea :: Pla\u017ca, morze i relaks w Kalabrii\",\"isPartOf\":{\"@id\":\"https:\\\/\\\/hotelsantamariacalabria.it\\\/#website\"},\"datePublished\":\"2020-05-11T14:26:55+00:00\",\"dateModified\":\"2024-04-11T10:24:42+00:00\",\"breadcrumb\":{\"@id\":\"https:\\\/\\\/hotelsantamariacalabria.it\\\/pl\\\/hotel\\\/#breadcrumb\"},\"inLanguage\":\"pl-PL\",\"potentialAction\":[{\"@type\":\"ReadAction\",\"target\":[\"https:\\\/\\\/hotelsantamariacalabria.it\\\/pl\\\/hotel\\\/\"]}]},{\"@type\":\"BreadcrumbList\",\"@id\":\"https:\\\/\\\/hotelsantamariacalabria.it\\\/pl\\\/hotel\\\/#breadcrumb\",\"itemListElement\":[{\"@type\":\"ListItem\",\"position\":1,\"name\":\"Home\",\"item\":\"https:\\\/\\\/hotelsantamariacalabria.it\\\/pl\\\/\"},{\"@type\":\"ListItem\",\"position\":2,\"name\":\"Hotel\"}]},{\"@type\":\"WebSite\",\"@id\":\"https:\\\/\\\/hotelsantamariacalabria.it\\\/#website\",\"url\":\"https:\\\/\\\/hotelsantamariacalabria.it\\\/\",\"name\":\"Hotel Santa Maria Amantea :: Pla\u017ca, morze i relaks w Kalabrii\",\"description\":\"\",\"publisher\":{\"@id\":\"https:\\\/\\\/hotelsantamariacalabria.it\\\/#organization\"},\"potentialAction\":[{\"@type\":\"SearchAction\",\"target\":{\"@type\":\"EntryPoint\",\"urlTemplate\":\"https:\\\/\\\/hotelsantamariacalabria.it\\\/?s={search_term_string}\"},\"query-input\":{\"@type\":\"PropertyValueSpecification\",\"valueRequired\":true,\"valueName\":\"search_term_string\"}}],\"inLanguage\":\"pl-PL\"},{\"@type\":\"Organization\",\"@id\":\"https:\\\/\\\/hotelsantamariacalabria.it\\\/#organization\",\"name\":\"Hotel Santa Maria\",\"url\":\"https:\\\/\\\/hotelsantamariacalabria.it\\\/\",\"logo\":{\"@type\":\"ImageObject\",\"inLanguage\":\"pl-PL\",\"@id\":\"https:\\\/\\\/hotelsantamariacalabria.it\\\/#\\\/schema\\\/logo\\\/image\\\/\",\"url\":\"https:\\\/\\\/hotelsantamariacalabria.it\\\/wp-content\\\/uploads\\\/2020\\\/05\\\/logo.jpg\",\"contentUrl\":\"https:\\\/\\\/hotelsantamariacalabria.it\\\/wp-content\\\/uploads\\\/2020\\\/05\\\/logo.jpg\",\"width\":265,\"height\":82,\"caption\":\"Hotel Santa Maria\"},\"image\":{\"@id\":\"https:\\\/\\\/hotelsantamariacalabria.it\\\/#\\\/schema\\\/logo\\\/image\\\/\"}}]}<\/script>\n<!-- \/ Yoast SEO plugin. -->","yoast_head_json":{"title":"Hotel - Hotel Santa Maria Amantea :: Pla\u017ca, morze i relaks w Kalabrii","robots":{"index":"index","follow":"follow","max-snippet":"max-snippet:-1","max-image-preview":"max-image-preview:large","max-video-preview":"max-video-preview:-1"},"canonical":"https:\/\/hotelsantamariacalabria.it\/pl\/hotel\/","og_locale":"pl_PL","og_type":"article","og_title":"Hotel - Hotel Santa Maria Amantea :: Pla\u017ca, morze i relaks w Kalabrii","og_description":"[vc_row full_width=&#8221;stretch_row_content_no_spaces&#8221; content_placement=&#8221;middle&#8221; css_animation=&#8221;fadeInRight&#8221; css=&#8221;.vc_custom_1589635013868{padding-top: 8% !important;padding-bottom: 6% !important;background-position: 0 0 !important;background-repeat: no-repeat !important;}&#8221; el_class=&#8221;vcr_float_right&#8221;][vc_column width=&#8221;1\/2&#8243; el_class=&#8221;rs_col-sm-12&#8243;][vc_row_inner][vc_column_inner width=&#8221;1\/3&#8243;][\/vc_column_inner][vc_column_inner el_class=&#8221;rs_col-sm-12&#8243; width=&#8221;2\/3&#8243; css=&#8221;.vc_custom_1589350983973{padding-right: 40px !important;padding-left: 40px !important;}&#8221; offset=&#8221;vc_col-lg-8 vc_col-md-12&#8243;][\/vc_column_inner][\/vc_row_inner][\/vc_column][vc_column width=&#8221;1\/3&#8243; el_class=&#8221;rs_col-sm-12&#8243;][vc_column_text][\/vc_column_text][\/vc_column][\/vc_row]","og_url":"https:\/\/hotelsantamariacalabria.it\/pl\/hotel\/","og_site_name":"Hotel Santa Maria Amantea :: Pla\u017ca, morze i relaks w Kalabrii","article_modified_time":"2024-04-11T10:24:42+00:00","twitter_card":"summary_large_image","twitter_misc":{"Szacowany czas czytania":"2 minuty"},"schema":{"@context":"https:\/\/schema.org","@graph":[{"@type":"WebPage","@id":"https:\/\/hotelsantamariacalabria.it\/pl\/hotel\/","url":"https:\/\/hotelsantamariacalabria.it\/pl\/hotel\/","name":"Hotel - Hotel Santa Maria Amantea :: Pla\u017ca, morze i relaks w Kalabrii","isPartOf":{"@id":"https:\/\/hotelsantamariacalabria.it\/#website"},"datePublished":"2020-05-11T14:26:55+00:00","dateModified":"2024-04-11T10:24:42+00:00","breadcrumb":{"@id":"https:\/\/hotelsantamariacalabria.it\/pl\/hotel\/#breadcrumb"},"inLanguage":"pl-PL","potentialAction":[{"@type":"ReadAction","target":["https:\/\/hotelsantamariacalabria.it\/pl\/hotel\/"]}]},{"@type":"BreadcrumbList","@id":"https:\/\/hotelsantamariacalabria.it\/pl\/hotel\/#breadcrumb","itemListElement":[{"@type":"ListItem","position":1,"name":"Home","item":"https:\/\/hotelsantamariacalabria.it\/pl\/"},{"@type":"ListItem","position":2,"name":"Hotel"}]},{"@type":"WebSite","@id":"https:\/\/hotelsantamariacalabria.it\/#website","url":"https:\/\/hotelsantamariacalabria.it\/","name":"Hotel Santa Maria Amantea :: Pla\u017ca, morze i relaks w Kalabrii","description":"","publisher":{"@id":"https:\/\/hotelsantamariacalabria.it\/#organization"},"potentialAction":[{"@type":"SearchAction","target":{"@type":"EntryPoint","urlTemplate":"https:\/\/hotelsantamariacalabria.it\/?s={search_term_string}"},"query-input":{"@type":"PropertyValueSpecification","valueRequired":true,"valueName":"search_term_string"}}],"inLanguage":"pl-PL"},{"@type":"Organization","@id":"https:\/\/hotelsantamariacalabria.it\/#organization","name":"Hotel Santa Maria","url":"https:\/\/hotelsantamariacalabria.it\/","logo":{"@type":"ImageObject","inLanguage":"pl-PL","@id":"https:\/\/hotelsantamariacalabria.it\/#\/schema\/logo\/image\/","url":"https:\/\/hotelsantamariacalabria.it\/wp-content\/uploads\/2020\/05\/logo.jpg","contentUrl":"https:\/\/hotelsantamariacalabria.it\/wp-content\/uploads\/2020\/05\/logo.jpg","width":265,"height":82,"caption":"Hotel Santa Maria"},"image":{"@id":"https:\/\/hotelsantamariacalabria.it\/#\/schema\/logo\/image\/"}}]}},"_links":{"self":[{"href":"https:\/\/hotelsantamariacalabria.it\/pl\/wp-json\/wp\/v2\/pages\/10790","targetHints":{"allow":["GET"]}}],"collection":[{"href":"https:\/\/hotelsantamariacalabria.it\/pl\/wp-json\/wp\/v2\/pages"}],"about":[{"href":"https:\/\/hotelsantamariacalabria.it\/pl\/wp-json\/wp\/v2\/types\/page"}],"author":[{"embeddable":true,"href":"https:\/\/hotelsantamariacalabria.it\/pl\/wp-json\/wp\/v2\/users\/1"}],"replies":[{"embeddable":true,"href":"https:\/\/hotelsantamariacalabria.it\/pl\/wp-json\/wp\/v2\/comments?post=10790"}],"version-history":[{"count":9,"href":"https:\/\/hotelsantamariacalabria.it\/pl\/wp-json\/wp\/v2\/pages\/10790\/revisions"}],"predecessor-version":[{"id":13502,"href":"https:\/\/hotelsantamariacalabria.it\/pl\/wp-json\/wp\/v2\/pages\/10790\/revisions\/13502"}],"wp:attachment":[{"href":"https:\/\/hotelsantamariacalabria.it\/pl\/wp-json\/wp\/v2\/media?parent=10790"}],"curies":[{"name":"wp","href":"https:\/\/api.w.org\/{rel}","templated":true}]}}