{"id":13485,"date":"2024-04-11T11:29:09","date_gmt":"2024-04-11T09:29:09","guid":{"rendered":"https:\/\/hotelsantamariacalabria.it\/?page_id=13485"},"modified":"2024-04-11T11:29:09","modified_gmt":"2024-04-11T09:29:09","slug":"fruehstueck","status":"publish","type":"page","link":"https:\/\/hotelsantamariacalabria.it\/de\/fruehstueck\/","title":{"rendered":"Fr\u00fchst\u00fcck"},"content":{"rendered":"<div class=\"wpb-content-wrapper\"><p>[vc_row full_width=&#8220;stretch_row_content_no_spaces&#8220; content_placement=&#8220;middle&#8220; css_animation=&#8220;fadeInRight&#8220; css=&#8220;.vc_custom_1589635013868{padding-top: 8% !important;padding-bottom: 6% !important;background-position: 0 0 !important;background-repeat: no-repeat !important;}&#8220; el_class=&#8220;vcr_float_right&#8220;][vc_column width=&#8220;1\/2&#8243; el_class=&#8220;rs_col-sm-12&#8243;][vc_row_inner][vc_column_inner width=&#8220;1\/3&#8243;][\/vc_column_inner][vc_column_inner el_class=&#8220;rs_col-sm-12&#8243; width=&#8220;2\/3&#8243; css=&#8220;.vc_custom_1589350983973{padding-right: 40px !important;padding-left: 40px !important;}&#8220; offset=&#8220;vc_col-lg-8 vc_col-md-12&#8243;]<div class=\"ult-animation  ult-animate-viewport  ult-no-mobile \" data-animate=\"fadeInLeft\" data-animation-delay=\"0.8\" data-animation-duration=\"1\" data-animation-iteration=\"1\" style=\"opacity:0;\" data-opacity_start_effect=\"\">[vc_custom_heading text=&#8220;Genie\u00dfen Sie unser leckeres und reichhaltiges Fr\u00fchst\u00fcck&#8220; font_container=&#8220;tag:h2|font_size:34|text_align:left|color:%237788af&#8220; use_theme_fonts=&#8220;yes&#8220;]<div class='dt-sc-clear '> <\/div>[vc_column_text css=&#8220;.vc_custom_1712827748850{margin-bottom: 20px !important;}&#8220;]<\/p>\n<div style=\"text-align: justify;\">\n<p><em>Der beste Weckruf kommt aus dem Hotel Santa Maria mit seinem s\u00fc\u00dfen und herzhaften Fr\u00fchst\u00fcck. Eine gastronomische Reise, die die Sinne verw\u00f6hnt und Sie auf einen unvergesslichen Tag vorbereitet<\/em><\/p>\n<\/div>\n<p>[\/vc_column_text][vc_column_text][\/vc_column_text]<\/div>[\/vc_column_inner][\/vc_row_inner][\/vc_column][vc_column width=&#8220;1\/3&#8243; el_class=&#8220;rs_col-sm-12&#8243;][vc_column_text][\/vc_column_text][\/vc_column][\/vc_row]<\/p>\n<\/div>","protected":false},"excerpt":{"rendered":"<p>[vc_row full_width=&#8220;stretch_row_content_no_spaces&#8220; content_placement=&#8220;middle&#8220; css_animation=&#8220;fadeInRight&#8220; css=&#8220;.vc_custom_1589635013868{padding-top: 8% !important;padding-bottom: 6% !important;background-position: 0 0 !important;background-repeat: no-repeat !important;}&#8220; el_class=&#8220;vcr_float_right&#8220;][vc_column width=&#8220;1\/2&#8243; el_class=&#8220;rs_col-sm-12&#8243;][vc_row_inner][vc_column_inner width=&#8220;1\/3&#8243;][\/vc_column_inner][vc_column_inner el_class=&#8220;rs_col-sm-12&#8243; width=&#8220;2\/3&#8243; css=&#8220;.vc_custom_1589350983973{padding-right: 40px !important;padding-left: 40px !important;}&#8220; offset=&#8220;vc_col-lg-8 vc_col-md-12&#8243;][\/vc_column_inner][\/vc_row_inner][\/vc_column][vc_column width=&#8220;1\/3&#8243; el_class=&#8220;rs_col-sm-12&#8243;][vc_column_text][\/vc_column_text][\/vc_column][\/vc_row]<\/p>\n","protected":false},"author":1,"featured_media":0,"parent":0,"menu_order":0,"comment_status":"closed","ping_status":"closed","template":"","meta":{"footnotes":""},"class_list":["post-13485","page","type-page","status-publish","hentry"],"yoast_head":"<!-- This site is optimized with the Yoast SEO plugin v27.3 - https:\/\/yoast.com\/product\/yoast-seo-wordpress\/ -->\n<title>Fr\u00fchst\u00fcck - Hotel Santa Maria Amantea :: Strand, Meer und Entspannung in Kalabrien<\/title>\n<meta name=\"robots\" content=\"index, follow, max-snippet:-1, max-image-preview:large, max-video-preview:-1\" \/>\n<link rel=\"canonical\" href=\"https:\/\/hotelsantamariacalabria.it\/de\/fruehstueck\/\" \/>\n<meta property=\"og:locale\" content=\"de_DE\" \/>\n<meta property=\"og:type\" content=\"article\" \/>\n<meta property=\"og:title\" content=\"Fr\u00fchst\u00fcck - Hotel Santa Maria Amantea :: Strand, Meer und Entspannung in Kalabrien\" \/>\n<meta property=\"og:description\" content=\"[vc_row full_width=&#8220;stretch_row_content_no_spaces&#8220; content_placement=&#8220;middle&#8220; css_animation=&#8220;fadeInRight&#8220; css=&#8220;.vc_custom_1589635013868{padding-top: 8% !important;padding-bottom: 6% !important;background-position: 0 0 !important;background-repeat: no-repeat !important;}&#8220; el_class=&#8220;vcr_float_right&#8220;][vc_column width=&#8220;1\/2&#8243; el_class=&#8220;rs_col-sm-12&#8243;][vc_row_inner][vc_column_inner width=&#8220;1\/3&#8243;][\/vc_column_inner][vc_column_inner el_class=&#8220;rs_col-sm-12&#8243; width=&#8220;2\/3&#8243; css=&#8220;.vc_custom_1589350983973{padding-right: 40px !important;padding-left: 40px !important;}&#8220; offset=&#8220;vc_col-lg-8 vc_col-md-12&#8243;][\/vc_column_inner][\/vc_row_inner][\/vc_column][vc_column width=&#8220;1\/3&#8243; el_class=&#8220;rs_col-sm-12&#8243;][vc_column_text][\/vc_column_text][\/vc_column][\/vc_row]\" \/>\n<meta property=\"og:url\" content=\"https:\/\/hotelsantamariacalabria.it\/de\/fruehstueck\/\" \/>\n<meta property=\"og:site_name\" content=\"Hotel Santa Maria Amantea :: Strand, Meer und Entspannung in Kalabrien\" \/>\n<meta name=\"twitter:card\" content=\"summary_large_image\" \/>\n<meta name=\"twitter:label1\" content=\"Gesch\u00e4tzte Lesezeit\" \/>\n\t<meta name=\"twitter:data1\" content=\"1\u00a0Minute\" \/>\n<script type=\"application\/ld+json\" class=\"yoast-schema-graph\">{\"@context\":\"https:\\\/\\\/schema.org\",\"@graph\":[{\"@type\":\"WebPage\",\"@id\":\"https:\\\/\\\/hotelsantamariacalabria.it\\\/de\\\/fruehstueck\\\/\",\"url\":\"https:\\\/\\\/hotelsantamariacalabria.it\\\/de\\\/fruehstueck\\\/\",\"name\":\"Fr\u00fchst\u00fcck - Hotel Santa Maria Amantea :: Strand, Meer und Entspannung in Kalabrien\",\"isPartOf\":{\"@id\":\"https:\\\/\\\/hotelsantamariacalabria.it\\\/#website\"},\"datePublished\":\"2024-04-11T09:29:09+00:00\",\"breadcrumb\":{\"@id\":\"https:\\\/\\\/hotelsantamariacalabria.it\\\/de\\\/fruehstueck\\\/#breadcrumb\"},\"inLanguage\":\"de\",\"potentialAction\":[{\"@type\":\"ReadAction\",\"target\":[\"https:\\\/\\\/hotelsantamariacalabria.it\\\/de\\\/fruehstueck\\\/\"]}]},{\"@type\":\"BreadcrumbList\",\"@id\":\"https:\\\/\\\/hotelsantamariacalabria.it\\\/de\\\/fruehstueck\\\/#breadcrumb\",\"itemListElement\":[{\"@type\":\"ListItem\",\"position\":1,\"name\":\"Home\",\"item\":\"https:\\\/\\\/hotelsantamariacalabria.it\\\/de\\\/\"},{\"@type\":\"ListItem\",\"position\":2,\"name\":\"Fr\u00fchst\u00fcck\"}]},{\"@type\":\"WebSite\",\"@id\":\"https:\\\/\\\/hotelsantamariacalabria.it\\\/#website\",\"url\":\"https:\\\/\\\/hotelsantamariacalabria.it\\\/\",\"name\":\"Hotel Santa Maria Amantea :: Strand, Meer und Entspannung in Kalabrien\",\"description\":\"\",\"publisher\":{\"@id\":\"https:\\\/\\\/hotelsantamariacalabria.it\\\/#organization\"},\"potentialAction\":[{\"@type\":\"SearchAction\",\"target\":{\"@type\":\"EntryPoint\",\"urlTemplate\":\"https:\\\/\\\/hotelsantamariacalabria.it\\\/?s={search_term_string}\"},\"query-input\":{\"@type\":\"PropertyValueSpecification\",\"valueRequired\":true,\"valueName\":\"search_term_string\"}}],\"inLanguage\":\"de\"},{\"@type\":\"Organization\",\"@id\":\"https:\\\/\\\/hotelsantamariacalabria.it\\\/#organization\",\"name\":\"Hotel Santa Maria\",\"url\":\"https:\\\/\\\/hotelsantamariacalabria.it\\\/\",\"logo\":{\"@type\":\"ImageObject\",\"inLanguage\":\"de\",\"@id\":\"https:\\\/\\\/hotelsantamariacalabria.it\\\/#\\\/schema\\\/logo\\\/image\\\/\",\"url\":\"https:\\\/\\\/hotelsantamariacalabria.it\\\/wp-content\\\/uploads\\\/2020\\\/05\\\/logo.jpg\",\"contentUrl\":\"https:\\\/\\\/hotelsantamariacalabria.it\\\/wp-content\\\/uploads\\\/2020\\\/05\\\/logo.jpg\",\"width\":265,\"height\":82,\"caption\":\"Hotel Santa Maria\"},\"image\":{\"@id\":\"https:\\\/\\\/hotelsantamariacalabria.it\\\/#\\\/schema\\\/logo\\\/image\\\/\"}}]}<\/script>\n<!-- \/ Yoast SEO plugin. -->","yoast_head_json":{"title":"Fr\u00fchst\u00fcck - Hotel Santa Maria Amantea :: Strand, Meer und Entspannung in Kalabrien","robots":{"index":"index","follow":"follow","max-snippet":"max-snippet:-1","max-image-preview":"max-image-preview:large","max-video-preview":"max-video-preview:-1"},"canonical":"https:\/\/hotelsantamariacalabria.it\/de\/fruehstueck\/","og_locale":"de_DE","og_type":"article","og_title":"Fr\u00fchst\u00fcck - Hotel Santa Maria Amantea :: Strand, Meer und Entspannung in Kalabrien","og_description":"[vc_row full_width=&#8220;stretch_row_content_no_spaces&#8220; content_placement=&#8220;middle&#8220; css_animation=&#8220;fadeInRight&#8220; css=&#8220;.vc_custom_1589635013868{padding-top: 8% !important;padding-bottom: 6% !important;background-position: 0 0 !important;background-repeat: no-repeat !important;}&#8220; el_class=&#8220;vcr_float_right&#8220;][vc_column width=&#8220;1\/2&#8243; el_class=&#8220;rs_col-sm-12&#8243;][vc_row_inner][vc_column_inner width=&#8220;1\/3&#8243;][\/vc_column_inner][vc_column_inner el_class=&#8220;rs_col-sm-12&#8243; width=&#8220;2\/3&#8243; css=&#8220;.vc_custom_1589350983973{padding-right: 40px !important;padding-left: 40px !important;}&#8220; offset=&#8220;vc_col-lg-8 vc_col-md-12&#8243;][\/vc_column_inner][\/vc_row_inner][\/vc_column][vc_column width=&#8220;1\/3&#8243; el_class=&#8220;rs_col-sm-12&#8243;][vc_column_text][\/vc_column_text][\/vc_column][\/vc_row]","og_url":"https:\/\/hotelsantamariacalabria.it\/de\/fruehstueck\/","og_site_name":"Hotel Santa Maria Amantea :: Strand, Meer und Entspannung in Kalabrien","twitter_card":"summary_large_image","twitter_misc":{"Gesch\u00e4tzte Lesezeit":"1\u00a0Minute"},"schema":{"@context":"https:\/\/schema.org","@graph":[{"@type":"WebPage","@id":"https:\/\/hotelsantamariacalabria.it\/de\/fruehstueck\/","url":"https:\/\/hotelsantamariacalabria.it\/de\/fruehstueck\/","name":"Fr\u00fchst\u00fcck - Hotel Santa Maria Amantea :: Strand, Meer und Entspannung in Kalabrien","isPartOf":{"@id":"https:\/\/hotelsantamariacalabria.it\/#website"},"datePublished":"2024-04-11T09:29:09+00:00","breadcrumb":{"@id":"https:\/\/hotelsantamariacalabria.it\/de\/fruehstueck\/#breadcrumb"},"inLanguage":"de","potentialAction":[{"@type":"ReadAction","target":["https:\/\/hotelsantamariacalabria.it\/de\/fruehstueck\/"]}]},{"@type":"BreadcrumbList","@id":"https:\/\/hotelsantamariacalabria.it\/de\/fruehstueck\/#breadcrumb","itemListElement":[{"@type":"ListItem","position":1,"name":"Home","item":"https:\/\/hotelsantamariacalabria.it\/de\/"},{"@type":"ListItem","position":2,"name":"Fr\u00fchst\u00fcck"}]},{"@type":"WebSite","@id":"https:\/\/hotelsantamariacalabria.it\/#website","url":"https:\/\/hotelsantamariacalabria.it\/","name":"Hotel Santa Maria Amantea :: Strand, Meer und Entspannung in Kalabrien","description":"","publisher":{"@id":"https:\/\/hotelsantamariacalabria.it\/#organization"},"potentialAction":[{"@type":"SearchAction","target":{"@type":"EntryPoint","urlTemplate":"https:\/\/hotelsantamariacalabria.it\/?s={search_term_string}"},"query-input":{"@type":"PropertyValueSpecification","valueRequired":true,"valueName":"search_term_string"}}],"inLanguage":"de"},{"@type":"Organization","@id":"https:\/\/hotelsantamariacalabria.it\/#organization","name":"Hotel Santa Maria","url":"https:\/\/hotelsantamariacalabria.it\/","logo":{"@type":"ImageObject","inLanguage":"de","@id":"https:\/\/hotelsantamariacalabria.it\/#\/schema\/logo\/image\/","url":"https:\/\/hotelsantamariacalabria.it\/wp-content\/uploads\/2020\/05\/logo.jpg","contentUrl":"https:\/\/hotelsantamariacalabria.it\/wp-content\/uploads\/2020\/05\/logo.jpg","width":265,"height":82,"caption":"Hotel Santa Maria"},"image":{"@id":"https:\/\/hotelsantamariacalabria.it\/#\/schema\/logo\/image\/"}}]}},"_links":{"self":[{"href":"https:\/\/hotelsantamariacalabria.it\/de\/wp-json\/wp\/v2\/pages\/13485","targetHints":{"allow":["GET"]}}],"collection":[{"href":"https:\/\/hotelsantamariacalabria.it\/de\/wp-json\/wp\/v2\/pages"}],"about":[{"href":"https:\/\/hotelsantamariacalabria.it\/de\/wp-json\/wp\/v2\/types\/page"}],"author":[{"embeddable":true,"href":"https:\/\/hotelsantamariacalabria.it\/de\/wp-json\/wp\/v2\/users\/1"}],"replies":[{"embeddable":true,"href":"https:\/\/hotelsantamariacalabria.it\/de\/wp-json\/wp\/v2\/comments?post=13485"}],"version-history":[{"count":1,"href":"https:\/\/hotelsantamariacalabria.it\/de\/wp-json\/wp\/v2\/pages\/13485\/revisions"}],"predecessor-version":[{"id":13486,"href":"https:\/\/hotelsantamariacalabria.it\/de\/wp-json\/wp\/v2\/pages\/13485\/revisions\/13486"}],"wp:attachment":[{"href":"https:\/\/hotelsantamariacalabria.it\/de\/wp-json\/wp\/v2\/media?parent=13485"}],"curies":[{"name":"wp","href":"https:\/\/api.w.org\/{rel}","templated":true}]}}