{"id":10949,"date":"2020-05-24T19:00:31","date_gmt":"2020-05-24T17:00:31","guid":{"rendered":"https:\/\/new.hotelsantamariacalabria.it\/?page_id=10949"},"modified":"2025-04-03T11:01:06","modified_gmt":"2025-04-03T09:01:06","slug":"datenschutz-bei-informativa","status":"publish","type":"page","link":"https:\/\/hotelsantamariacalabria.it\/de\/datenschutz-bei-informativa\/","title":{"rendered":"Datenschutz bei Informativa"},"content":{"rendered":"<div class=\"wpb-content-wrapper\"><p>[vc_row][vc_column][vc_column_text css=&#8220;&#8220;]<\/p>\n<h2>INFORMATIONEN GEM\u00c4SS ARTIKEL 13-14 der GDPR (ALLGEMEINE DATENSCHUTZVERORDNUNG) 2016\/679<\/h2>\n<div>Diese Seite beschreibt, wie die Website des Hotel Santa Maria in Bezug auf die Verarbeitung der pers\u00f6nlichen Daten der Besucher, die sie konsultieren, verwaltet wird: nach der Konsultation dieser Website k\u00f6nnen n\u00e4mlich Daten verarbeitet werden, die sich auf identifizierte oder identifizierbare Personen beziehen. Diese Informationen werden auch gem\u00e4\u00df Art. 13-14 GDPR (Allgemeine Datenschutzverordnung) 2016\/679 (nachfolgend der &#8222;Kodex&#8220;) denjenigen zur Verf\u00fcgung gestellt, die mit den Webdiensten des Hotel Santa Maria interagieren. Diese Informationen werden nur f\u00fcr die oben genannte Website des Hotel Santa Maria zur Verf\u00fcgung gestellt und nicht f\u00fcr andere Websites, die der Besucher \u00fcber Links konsultieren kann. Die Informationen basieren auch auf der Empfehlung Nr. 2\/2001, die die europ\u00e4ischen Beh\u00f6rden f\u00fcr den Schutz personenbezogener Daten, die in der durch Art. 29 der Richtlinie Nr. 95\/46\/EG eingesetzten Gruppe gesammelt wurden, am 17. Mai 2001 angenommen haben, um bestimmte Mindestanforderungen f\u00fcr die Online-Erhebung personenbezogener Daten festzulegen, und insbesondere die Art und Weise, den Zeitpunkt und die Art der Informationen, die die Verantwortlichen f\u00fcr die Datenverarbeitung den Benutzern liefern m\u00fcssen, wenn sie sich mit Webseiten verbinden, unabh\u00e4ngig vom Zweck der Verbindung.<\/div>\n<div>\n<p>Die sorgf\u00e4ltige Beachtung der Sicherheit und Vertraulichkeit von Kundendaten ist f\u00fcr uns eine Priorit\u00e4t. Wir betrachten die Informationen bez\u00fcglich Ihrer Person, Ihrer Bestellungen und der von Ihnen get\u00e4tigten Eink\u00e4ufe als streng vertraulich und verpflichten uns, die in unserem Besitz befindlichen Informationen nicht zu Werbezwecken an externe Unternehmen weiterzugeben oder zu verkaufen.<\/p>\n<section class=\"terms-conditions\">Wir werden die von Ihnen zur Verf\u00fcgung gestellten Informationen ausschlie\u00dflich f\u00fcr Zwecke verwenden, die strikt mit der Registrierung auf der Website <strong>hotelsantamariacalabria.it<\/strong> und der Bereitstellung der auf der Website angebotenen Dienstleistungen (z.B. Kauf; Kontoverwaltung usw.) zusammenh\u00e4ngen, sowie zur Erf\u00fcllung gesetzlicher oder beh\u00f6rdlicher Auflagen. Obwohl dies nicht obligatorisch ist, kann die Nichtangabe Ihrer Daten f\u00fcr diese Zwecke dazu f\u00fchren, dass die von Ihnen gew\u00fcnschten Dienstleistungen ganz oder teilweise nicht erbracht werden k\u00f6nnen. Dar\u00fcber hinaus k\u00f6nnen wir, vorbehaltlich einer ausdr\u00fccklichen Zustimmung, die bei der Registrierung oder bei einer Bestellung gegeben werden muss, Ihre pers\u00f6nlichen Daten verwenden, um spezielle Nachrichten, Werbeaktionen, Angebote neuer Produkte, einschlie\u00dflich per E-Mail, Textnachricht oder \u00fcber einen Telefonbetreiber, zu kommunizieren. In diesem letzten Punkt erinnern wir Sie daran, dass f\u00fcr diese Zwecke Ihre Zustimmung lediglich fakultativ ist und dass Ihre Weigerung, dies zu tun, Ihre F\u00e4higkeit, auf der Website Eink\u00e4ufe zu t\u00e4tigen, nicht beeintr\u00e4chtigt, sondern lediglich dazu f\u00fchrt, dass es unm\u00f6glich wird, Ihnen kommerzielle Mitteilungen \u00fcber Neuigkeiten, Werbeaktionen, Angebote neuer Produkte zu senden. In jedem Fall erinnern wir Sie daran, dass Sie danach jederzeit darum bitten k\u00f6nnen, keine Nachrichten mehr von <strong>HOTEL SANTA MARIA<\/strong> zu erhalten. Personenbezogene Daten werden mit elektronischen Systemen oder auch ohne den Einsatz solcher Instrumente von Personen verarbeitet, die vom Inhaber der Datenverarbeitung oder von Personen, die als Verantwortliche, auch externe, f\u00fcr die Verarbeitung selbst benannt wurden. Insbesondere zu den oben genannten Zwecken k\u00f6nnen Ihre Daten mitgeteilt werden:<\/p>\n<ul>\n<li style=\"list-style-type: none;\">\n<ul>\n<li>an Drittfirmen, deren Produkte oder Dienstleistungen \u00fcber die Website angeboten oder verkauft werden;<\/li>\n<\/ul>\n<\/li>\n<\/ul>\n<ul>\n<li style=\"list-style-type: none;\">\n<ul>\n<li>an Kuriere oder Spediteure, die f\u00fcr die Lieferung der \u00fcber die Website gekauften Produkte zust\u00e4ndig sind;<\/li>\n<\/ul>\n<\/li>\n<\/ul>\n<ul>\n<li style=\"list-style-type: none;\">\n<ul>\n<li>Banken und Unternehmen, die nationale oder internationale Zahlungskreisl\u00e4ufe verwalten, \u00fcber die Online-Zahlungen f\u00fcr \u00fcber die Website gekaufte Produkte get\u00e4tigt werden;<\/li>\n<\/ul>\n<\/li>\n<\/ul>\n<ul>\n<li style=\"list-style-type: none;\">\n<ul>\n<li>an Berater oder Fachleute, die f\u00fcr die Installation, Wartung, Aktualisierung und im Allgemeinen f\u00fcr die Verwaltung der Hard- und Software der Website verantwortlich sein k\u00f6nnen oder die die Eigent\u00fcmer f\u00fcr die Erbringung ihrer Dienstleistungen nutzen;<\/li>\n<li>an \u00f6ffentliche und\/oder private Subjekte, nat\u00fcrliche und\/oder juristische Personen (Rechts-, Verwaltungs- und Steuerberatungsfirmen, Justizbeh\u00f6rden, Handelskammern, Kammern und Arbeits\u00e4mter usw.), wenn die Kommunikation f\u00fcr die korrekte Erf\u00fcllung der vertraglichen Verpflichtungen sowie der sich aus dem Gesetz ergebenden Verpflichtungen notwendig oder funktionell ist.<\/li>\n<\/ul>\n<\/li>\n<\/ul>\n<p>Von den f\u00fcr die Datenverarbeitung Verantwortlichen ist es m\u00f6glich, eine aktualisierte Liste der Subjekte zu erhalten, die Ihre Daten als Datenverarbeiter oder Verantwortliche verarbeiten. Die Verarbeitung der pers\u00f6nlichen Daten wird in der Art und Weise und mit den geeigneten Mitteln durchgef\u00fchrt, um die Sicherheit und Vertraulichkeit der Daten zu gew\u00e4hrleisten, in \u00dcbereinstimmung mit den Bestimmungen des Gesetzesdekrets Nr. 196\/2003. Insbesondere werden alle technischen, informationstechnischen, organisatorischen, logistischen und verfahrenstechnischen Sicherheitsma\u00dfnahmen gem\u00e4\u00df Gesetzesdekret 196\/2003 ergriffen, so dass das gesetzlich vorgeschriebene Mindestma\u00df an Datenschutz gew\u00e4hrleistet ist und nur denjenigen Personen Zugang gew\u00e4hrt wird, die vom Inhaber der Datenverarbeitung oder von den vom Inhaber der Datenverarbeitung ernannten Verantwortlichen mit der Verarbeitung betraut sind.<\/p>\n<h2>Datenregler ist:<\/h2>\n<p><strong>HOTEL RISTORANTE SANTA MARIA<\/strong> Via S.S. 18 &#8211; 87032 AMANTEA (CS), MwSt.-Nr. 03951570781, k\u00f6nnen alle Anfragen und W\u00fcnsche bez\u00fcglich der Verarbeitung personenbezogener Daten an die folgende E-Mail-Adresse gerichtet werden: info@hotelsantamariacalabria.it.<\/p>\n<p>Gem\u00e4\u00df Art. 7 des Gesetzesdekrets 196\/2003 informieren wir Sie, dass der Benutzer das Recht hat, von den Inhabern der Verarbeitung personenbezogener Daten unverz\u00fcglich Auskunft zu erhalten:<\/p>\n<ul>\n<li>Best\u00e4tigung des Vorhandenseins oder Nichtvorhandenseins von pers\u00f6nlichen Daten, die ihn betreffen, unabh\u00e4ngig davon, ob diese bereits gespeichert sind, und Mitteilung dieser Daten in verst\u00e4ndlicher Form.<\/li>\n<li>die Indikation: 1) die Herkunft der personenbezogenen Daten; 2) den Zweck und die Modalit\u00e4ten der Verarbeitung; 3) die angewandte Logik im Falle einer Verarbeitung mit Hilfe elektronischer Mittel; 4) die wichtigsten Daten zur Identifizierung des Rechtsinhabers, der Verantwortlichen und des im Sinne von Artikel 5 Absatz 2 namhaft gemachten Vertreters; 5) die Personen oder Kategorien von Personen, denen die personenbezogenen Daten \u00fcbermittelt werden k\u00f6nnen und die als im Staatsgebiet namhaft gemachte Vertreter, als Verantwortliche oder als Beauftragte davon Kenntnis erlangen k\u00f6nnen; 6) die Aktualisierung, die Berichtigung oder, sofern interessiert, die Erg\u00e4nzung der Daten; 7) die L\u00f6schung, die Umwandlung in anonyme Form oder die Sperrung von widerrechtlich verarbeiteten Daten, einschlie\u00dflich der Daten, deren Aufbewahrung f\u00fcr die Zwecke, f\u00fcr die sie erhoben oder sp\u00e4ter verarbeitet wurden, nicht erforderlich ist; 8) die Best\u00e4tigung, dass die in Absatz 6 genannten Vorg\u00e4nge und 7. auch inhaltlich denjenigen zur Kenntnis gebracht worden sind, denen die Daten mitgeteilt oder verbreitet wurden, es sei denn, dass sich dieses Erfordernis als unm\u00f6glich erweist oder in einem offenkundigen Missverh\u00e4ltnis zu dem gesch\u00fctzten Recht steht.<\/li>\n<\/ul>\n<h2>Die betroffene Person hat das Recht, ganz oder teilweise zu widersprechen:<\/h2>\n<ul>\n<li>aus legitimen Gr\u00fcnden der Verarbeitung personenbezogener Daten, die ihn\/sie betreffen, auch wenn sie dem Zweck der Erhebung entsprechen;<\/li>\n<li>die Verarbeitung personenbezogener Daten, die ihn\/sie betreffen, zum Zwecke des Versands von Werbematerial oder des Direktverkaufs oder zur Durchf\u00fchrung von Marktforschung oder kommerzieller Kommunikation.<\/li>\n<\/ul>\n<\/section>\n<\/div>\n<p>[\/vc_column_text][\/vc_column][\/vc_row]<\/p>\n<\/div>","protected":false},"excerpt":{"rendered":"<p>[vc_row][vc_column][vc_column_text css=&#8220;&#8220;] INFORMATIONEN GEM\u00c4SS ARTIKEL 13-14 der GDPR (ALLGEMEINE DATENSCHUTZVERORDNUNG) 2016\/679 Diese Seite beschreibt, wie die Website des Hotel Santa Maria in Bezug auf die Verarbeitung der pers\u00f6nlichen Daten der Besucher, die sie konsultieren, verwaltet wird: nach der Konsultation dieser Website k\u00f6nnen n\u00e4mlich Daten verarbeitet werden, die sich auf identifizierte oder identifizierbare Personen beziehen. Diese [&hellip;]<\/p>\n","protected":false},"author":1,"featured_media":0,"parent":0,"menu_order":0,"comment_status":"closed","ping_status":"closed","template":"","meta":{"footnotes":""},"class_list":["post-10949","page","type-page","status-publish","hentry"],"yoast_head":"<!-- This site is optimized with the Yoast SEO plugin v27.3 - https:\/\/yoast.com\/product\/yoast-seo-wordpress\/ -->\n<title>Datenschutz bei Informativa - Hotel Santa Maria Amantea :: Strand, Meer und Entspannung in Kalabrien<\/title>\n<meta name=\"robots\" content=\"index, follow, max-snippet:-1, max-image-preview:large, max-video-preview:-1\" \/>\n<link rel=\"canonical\" href=\"https:\/\/hotelsantamariacalabria.it\/de\/datenschutz-bei-informativa\/\" \/>\n<meta property=\"og:locale\" content=\"de_DE\" \/>\n<meta property=\"og:type\" content=\"article\" \/>\n<meta property=\"og:title\" content=\"Datenschutz bei Informativa - Hotel Santa Maria Amantea :: Strand, Meer und Entspannung in Kalabrien\" \/>\n<meta property=\"og:description\" content=\"[vc_row][vc_column][vc_column_text css=&#8220;&#8220;] INFORMATIONEN GEM\u00c4SS ARTIKEL 13-14 der GDPR (ALLGEMEINE DATENSCHUTZVERORDNUNG) 2016\/679 Diese Seite beschreibt, wie die Website des Hotel Santa Maria in Bezug auf die Verarbeitung der pers\u00f6nlichen Daten der Besucher, die sie konsultieren, verwaltet wird: nach der Konsultation dieser Website k\u00f6nnen n\u00e4mlich Daten verarbeitet werden, die sich auf identifizierte oder identifizierbare Personen beziehen. Diese [&hellip;]\" \/>\n<meta property=\"og:url\" content=\"https:\/\/hotelsantamariacalabria.it\/de\/datenschutz-bei-informativa\/\" \/>\n<meta property=\"og:site_name\" content=\"Hotel Santa Maria Amantea :: Strand, Meer und Entspannung in Kalabrien\" \/>\n<meta property=\"article:modified_time\" content=\"2025-04-03T09:01:06+00:00\" \/>\n<meta name=\"twitter:card\" content=\"summary_large_image\" \/>\n<meta name=\"twitter:label1\" content=\"Gesch\u00e4tzte Lesezeit\" \/>\n\t<meta name=\"twitter:data1\" content=\"6\u00a0Minuten\" \/>\n<script type=\"application\/ld+json\" class=\"yoast-schema-graph\">{\"@context\":\"https:\\\/\\\/schema.org\",\"@graph\":[{\"@type\":\"WebPage\",\"@id\":\"https:\\\/\\\/hotelsantamariacalabria.it\\\/de\\\/datenschutz-bei-informativa\\\/\",\"url\":\"https:\\\/\\\/hotelsantamariacalabria.it\\\/de\\\/datenschutz-bei-informativa\\\/\",\"name\":\"Datenschutz bei Informativa - Hotel Santa Maria Amantea :: Strand, Meer und Entspannung in Kalabrien\",\"isPartOf\":{\"@id\":\"https:\\\/\\\/hotelsantamariacalabria.it\\\/#website\"},\"datePublished\":\"2020-05-24T17:00:31+00:00\",\"dateModified\":\"2025-04-03T09:01:06+00:00\",\"breadcrumb\":{\"@id\":\"https:\\\/\\\/hotelsantamariacalabria.it\\\/de\\\/datenschutz-bei-informativa\\\/#breadcrumb\"},\"inLanguage\":\"de\",\"potentialAction\":[{\"@type\":\"ReadAction\",\"target\":[\"https:\\\/\\\/hotelsantamariacalabria.it\\\/de\\\/datenschutz-bei-informativa\\\/\"]}]},{\"@type\":\"BreadcrumbList\",\"@id\":\"https:\\\/\\\/hotelsantamariacalabria.it\\\/de\\\/datenschutz-bei-informativa\\\/#breadcrumb\",\"itemListElement\":[{\"@type\":\"ListItem\",\"position\":1,\"name\":\"Home\",\"item\":\"https:\\\/\\\/hotelsantamariacalabria.it\\\/de\\\/\"},{\"@type\":\"ListItem\",\"position\":2,\"name\":\"Datenschutz bei Informativa\"}]},{\"@type\":\"WebSite\",\"@id\":\"https:\\\/\\\/hotelsantamariacalabria.it\\\/#website\",\"url\":\"https:\\\/\\\/hotelsantamariacalabria.it\\\/\",\"name\":\"Hotel Santa Maria Amantea :: Strand, Meer und Entspannung in Kalabrien\",\"description\":\"\",\"publisher\":{\"@id\":\"https:\\\/\\\/hotelsantamariacalabria.it\\\/#organization\"},\"potentialAction\":[{\"@type\":\"SearchAction\",\"target\":{\"@type\":\"EntryPoint\",\"urlTemplate\":\"https:\\\/\\\/hotelsantamariacalabria.it\\\/?s={search_term_string}\"},\"query-input\":{\"@type\":\"PropertyValueSpecification\",\"valueRequired\":true,\"valueName\":\"search_term_string\"}}],\"inLanguage\":\"de\"},{\"@type\":\"Organization\",\"@id\":\"https:\\\/\\\/hotelsantamariacalabria.it\\\/#organization\",\"name\":\"Hotel Santa Maria\",\"url\":\"https:\\\/\\\/hotelsantamariacalabria.it\\\/\",\"logo\":{\"@type\":\"ImageObject\",\"inLanguage\":\"de\",\"@id\":\"https:\\\/\\\/hotelsantamariacalabria.it\\\/#\\\/schema\\\/logo\\\/image\\\/\",\"url\":\"https:\\\/\\\/hotelsantamariacalabria.it\\\/wp-content\\\/uploads\\\/2020\\\/05\\\/logo.jpg\",\"contentUrl\":\"https:\\\/\\\/hotelsantamariacalabria.it\\\/wp-content\\\/uploads\\\/2020\\\/05\\\/logo.jpg\",\"width\":265,\"height\":82,\"caption\":\"Hotel Santa Maria\"},\"image\":{\"@id\":\"https:\\\/\\\/hotelsantamariacalabria.it\\\/#\\\/schema\\\/logo\\\/image\\\/\"}}]}<\/script>\n<!-- \/ Yoast SEO plugin. -->","yoast_head_json":{"title":"Datenschutz bei Informativa - Hotel Santa Maria Amantea :: Strand, Meer und Entspannung in Kalabrien","robots":{"index":"index","follow":"follow","max-snippet":"max-snippet:-1","max-image-preview":"max-image-preview:large","max-video-preview":"max-video-preview:-1"},"canonical":"https:\/\/hotelsantamariacalabria.it\/de\/datenschutz-bei-informativa\/","og_locale":"de_DE","og_type":"article","og_title":"Datenschutz bei Informativa - Hotel Santa Maria Amantea :: Strand, Meer und Entspannung in Kalabrien","og_description":"[vc_row][vc_column][vc_column_text css=&#8220;&#8220;] INFORMATIONEN GEM\u00c4SS ARTIKEL 13-14 der GDPR (ALLGEMEINE DATENSCHUTZVERORDNUNG) 2016\/679 Diese Seite beschreibt, wie die Website des Hotel Santa Maria in Bezug auf die Verarbeitung der pers\u00f6nlichen Daten der Besucher, die sie konsultieren, verwaltet wird: nach der Konsultation dieser Website k\u00f6nnen n\u00e4mlich Daten verarbeitet werden, die sich auf identifizierte oder identifizierbare Personen beziehen. Diese [&hellip;]","og_url":"https:\/\/hotelsantamariacalabria.it\/de\/datenschutz-bei-informativa\/","og_site_name":"Hotel Santa Maria Amantea :: Strand, Meer und Entspannung in Kalabrien","article_modified_time":"2025-04-03T09:01:06+00:00","twitter_card":"summary_large_image","twitter_misc":{"Gesch\u00e4tzte Lesezeit":"6\u00a0Minuten"},"schema":{"@context":"https:\/\/schema.org","@graph":[{"@type":"WebPage","@id":"https:\/\/hotelsantamariacalabria.it\/de\/datenschutz-bei-informativa\/","url":"https:\/\/hotelsantamariacalabria.it\/de\/datenschutz-bei-informativa\/","name":"Datenschutz bei Informativa - Hotel Santa Maria Amantea :: Strand, Meer und Entspannung in Kalabrien","isPartOf":{"@id":"https:\/\/hotelsantamariacalabria.it\/#website"},"datePublished":"2020-05-24T17:00:31+00:00","dateModified":"2025-04-03T09:01:06+00:00","breadcrumb":{"@id":"https:\/\/hotelsantamariacalabria.it\/de\/datenschutz-bei-informativa\/#breadcrumb"},"inLanguage":"de","potentialAction":[{"@type":"ReadAction","target":["https:\/\/hotelsantamariacalabria.it\/de\/datenschutz-bei-informativa\/"]}]},{"@type":"BreadcrumbList","@id":"https:\/\/hotelsantamariacalabria.it\/de\/datenschutz-bei-informativa\/#breadcrumb","itemListElement":[{"@type":"ListItem","position":1,"name":"Home","item":"https:\/\/hotelsantamariacalabria.it\/de\/"},{"@type":"ListItem","position":2,"name":"Datenschutz bei Informativa"}]},{"@type":"WebSite","@id":"https:\/\/hotelsantamariacalabria.it\/#website","url":"https:\/\/hotelsantamariacalabria.it\/","name":"Hotel Santa Maria Amantea :: Strand, Meer und Entspannung in Kalabrien","description":"","publisher":{"@id":"https:\/\/hotelsantamariacalabria.it\/#organization"},"potentialAction":[{"@type":"SearchAction","target":{"@type":"EntryPoint","urlTemplate":"https:\/\/hotelsantamariacalabria.it\/?s={search_term_string}"},"query-input":{"@type":"PropertyValueSpecification","valueRequired":true,"valueName":"search_term_string"}}],"inLanguage":"de"},{"@type":"Organization","@id":"https:\/\/hotelsantamariacalabria.it\/#organization","name":"Hotel Santa Maria","url":"https:\/\/hotelsantamariacalabria.it\/","logo":{"@type":"ImageObject","inLanguage":"de","@id":"https:\/\/hotelsantamariacalabria.it\/#\/schema\/logo\/image\/","url":"https:\/\/hotelsantamariacalabria.it\/wp-content\/uploads\/2020\/05\/logo.jpg","contentUrl":"https:\/\/hotelsantamariacalabria.it\/wp-content\/uploads\/2020\/05\/logo.jpg","width":265,"height":82,"caption":"Hotel Santa Maria"},"image":{"@id":"https:\/\/hotelsantamariacalabria.it\/#\/schema\/logo\/image\/"}}]}},"_links":{"self":[{"href":"https:\/\/hotelsantamariacalabria.it\/de\/wp-json\/wp\/v2\/pages\/10949","targetHints":{"allow":["GET"]}}],"collection":[{"href":"https:\/\/hotelsantamariacalabria.it\/de\/wp-json\/wp\/v2\/pages"}],"about":[{"href":"https:\/\/hotelsantamariacalabria.it\/de\/wp-json\/wp\/v2\/types\/page"}],"author":[{"embeddable":true,"href":"https:\/\/hotelsantamariacalabria.it\/de\/wp-json\/wp\/v2\/users\/1"}],"replies":[{"embeddable":true,"href":"https:\/\/hotelsantamariacalabria.it\/de\/wp-json\/wp\/v2\/comments?post=10949"}],"version-history":[{"count":5,"href":"https:\/\/hotelsantamariacalabria.it\/de\/wp-json\/wp\/v2\/pages\/10949\/revisions"}],"predecessor-version":[{"id":13550,"href":"https:\/\/hotelsantamariacalabria.it\/de\/wp-json\/wp\/v2\/pages\/10949\/revisions\/13550"}],"wp:attachment":[{"href":"https:\/\/hotelsantamariacalabria.it\/de\/wp-json\/wp\/v2\/media?parent=10949"}],"curies":[{"name":"wp","href":"https:\/\/api.w.org\/{rel}","templated":true}]}}