{"id":10940,"date":"2020-05-24T18:58:01","date_gmt":"2020-05-24T16:58:01","guid":{"rendered":"https:\/\/new.hotelsantamariacalabria.it\/?page_id=10940"},"modified":"2020-05-25T00:26:35","modified_gmt":"2020-05-24T22:26:35","slug":"cookie-richtlinie","status":"publish","type":"page","link":"https:\/\/hotelsantamariacalabria.it\/de\/cookie-richtlinie\/","title":{"rendered":"Cookie-Richtlinie"},"content":{"rendered":"<div class=\"wpb-content-wrapper\"><p>[vc_row][vc_column][vc_column_text]Diese Informationen sind speziell darauf ausgerichtet, die Arten und Methoden der Nutzung zu veranschaulichen und eine Anleitung f\u00fcr Ma\u00dfnahmen zum Ablehnen oder L\u00f6schen von Cookies auf der Website zu geben.<\/p>\n<h3>1. Was sind Cookies<\/h3>\n<p>Cookies sind kleine Textdateien mit Informationen, die direkt auf Ihrem Ger\u00e4t gespeichert werden und bei jedem Zugriff auf die Website automatisch an den Server zur\u00fcckgesandt werden. Ein Cookie enth\u00e4lt in der Regel den Namen der Website, von der das Cookie stammt, seine Dauer und einen Wert. Standardm\u00e4\u00dfig sind fast alle Webbrowser so eingestellt, dass sie Cookies automatisch akzeptieren.<\/p>\n<h3>2. Wozu Cookies dienen<\/h3>\n<p>Cookies werden zur Authentifizierung, Speicherung und \u00dcberwachung von Sitzungen und zur Speicherung von Informationen verwendet. Durch die Verwendung von Cookies ist es auch m\u00f6glich, Daten und Informationen \u00fcber die Gewohnheiten der Besucher der Websites zu sammeln und zu \u00fcberwachen, um ein Profil der Benutzer f\u00fcr Werbeaktivit\u00e4ten oder gezielte Marketingaktionen zu erstellen.<\/p>\n<h3>3. Herkunft der Cookies<\/h3>\n<p>Cookies k\u00f6nnen direkt von der Website, die Sie besuchen, erstellt und verwaltet werden, oder sie k\u00f6nnen von Dritten erstellt und verwaltet werden.<\/p>\n<h3>4. Welche Cookies in <strong>hotelsantamariacalabria.it<\/strong><\/h3>\n<p><strong>Eigene Cookies:<\/strong> Alle eigenen Cookies von <strong>hotelsantamariacalabria.it<\/strong> fallen unter die Kategorie der technischen Cookies, f\u00fcr die diese Richtlinie obligatorisch ist, aber nicht Ihre ausdr\u00fcckliche Zustimmung.<\/p>\n<p style=\"padding-left: 15px;\"><em>Sitzungs- oder Browsing-Cookies<\/em> Session-Cookies, die automatisch von Servern erzeugt werden. <em>Funktionale Cookies<\/em>Cookies zur Anzeige der Cookie Policy-Warnmeldung.<\/p>\n<p><strong>Drittparteien-Cookie:<\/strong><\/p>\n<p style=\"padding-left: 15px;\"><em>Google analytics<\/em> Dieser Webanalysedienst sammelt Informationen dar\u00fcber, wie Besucher unsere Website nutzen, von welcher Website der Benutzer kommt, wie viele Besuche jeder Benutzer gemacht hat und wie lange der Benutzer auf der Website bleibt. Diese Informationen zeichnen keine Details auf, die f\u00fcr den einzelnen Benutzer spezifisch sind, und werden verwendet, um aggregierte Webnutzungsstatistiken zu erstellen. Es verwendet eine Reihe von Cookies, um die erforderlichen Informationen zu sammeln. Google kann die gesammelten Daten zur Kontextualisierung und Personalisierung der Anzeigen seines Werbenetzwerks verwenden. <a href=\"http:\/\/www.google.com\/intl\/it\/policies\/privacy\/\" target=\"_blank\" rel=\"noopener noreferrer\">Link zur Datenschutzrichtlinie<\/a><\/p>\n<p style=\"padding-left: 15px;\"><em>Google Maps<\/em> \u00dcber diesen Dienst betten wir Google Maps-Karten ein, wir verwenden Google-Geolokalisierungsdienste; wenn Sie also eine Seite mit eingebettetem Inhalt von Google Maps besuchen, erhalten Sie m\u00f6glicherweise Cookies von Google.<\/p>\n<p><a href=\"http:\/\/www.google.com\/intl\/it\/policies\/privacy\/\" target=\"_blank\" rel=\"noopener noreferrer\">Link zur Datenschutzrichtlinie<\/a><\/p>\n<h3>5. Cookies pr\u00fcfen, l\u00f6schen und verbieten<\/h3>\n<p>Durch das Surfen auf <strong>hotelsantamariacalabria.it<\/strong> stimmen Sie implizit der Verwendung von Cookies zu. Standardm\u00e4\u00dfig akzeptieren Browser in der Regel die Verwendung von Cookies sowohl von <strong>hotelsantamariacalabria.it<\/strong> als auch von Websites von Drittanbietern. Sie k\u00f6nnen diese Einstellungen jedoch je nach verwendetem Browsertyp auf unterschiedliche Weise \u00e4ndern. Wenn Sie verschiedene Ger\u00e4te zum Anzeigen und Zugreifen auf die Internet-Sites verwenden (z.B. Computer, Smartphones, Tablets usw.), m\u00fcssen Sie sicherstellen, dass jeder Browser auf jedem Ger\u00e4t so eingestellt ist, dass er Ihre Cookie-Pr\u00e4ferenzen widerspiegelt. Die Deaktivierung von Cookies kann Ihre Erfahrung bei der Nutzung der Website beeintr\u00e4chtigen, z.B. k\u00f6nnen Sie m\u00f6glicherweise bestimmte Abschnitte nicht besuchen oder keine personalisierten Informationen erhalten. Um die Verwendung von Cookies zu verwalten, m\u00fcssen Sie Ihre Browsereinstellungen f\u00fcr die g\u00e4ngigsten Browser wie unten gezeigt \u00e4ndern:<\/p>\n<ul>\n<li style=\"list-style-type: none;\">\n<ul>\n<li><span style=\"padding-left: 15px;\">Internet Explorer: <a href=\"http:\/\/windows.microsoft.com\/it-it\/internet-explorer\/delete-manage-cookies#ie=ie-11\" target=\"_blank\" rel=\"noopener noreferrer\">Cookies management<\/a><\/span><\/li>\n<\/ul>\n<\/li>\n<\/ul>\n<ul>\n<li style=\"list-style-type: none;\">\n<ul>\n<li><span style=\"padding-left: 15px;\">Mozilla Firefox: <a href=\"https:\/\/support.mozilla.org\/it\/kb\/Eliminare%20i%20cookie?esab=a&amp;s=cookie&amp;r=5&amp;as=s\" target=\"_blank\" rel=\"noopener noreferrer\">Cookies management<\/a><\/span><\/li>\n<\/ul>\n<\/li>\n<\/ul>\n<ul>\n<li style=\"list-style-type: none;\">\n<ul>\n<li><span style=\"padding-left: 15px;\">Google Chrome: <a href=\"https:\/\/support.google.com\/chrome\/answer\/95647?hl=it\" target=\"_blank\" rel=\"noopener noreferrer\">Cookies management <\/a><\/span><\/li>\n<\/ul>\n<\/li>\n<\/ul>\n<ul>\n<li style=\"list-style-type: none;\">\n<ul>\n<li><span style=\"padding-left: 15px;\">Opera: <a href=\"http:\/\/help.opera.com\/Windows\/12.10\/it\/cookies.html\" target=\"_blank\" rel=\"noopener noreferrer\">Cookies management <\/a><\/span><\/li>\n<\/ul>\n<\/li>\n<\/ul>\n<ul>\n<li style=\"list-style-type: none;\">\n<ul>\n<li><span style=\"padding-left: 15px;\">Safari: <a href=\"https:\/\/support.apple.com\/it-it\/HT201265\" target=\"_blank\" rel=\"noopener noreferrer\">Cookies management <\/a><\/span><\/li>\n<\/ul>\n<\/li>\n<\/ul>\n<p>Andere Tools zur Verwaltung von Cookies:<\/p>\n<ul>\n<li style=\"list-style-type: none;\">\n<ul>\n<li><span style=\"padding-left: 15px;\"><a href=\"https:\/\/tools.google.com\/dlpage\/gaoptout\" target=\"_blank\" rel=\"noopener noreferrer\">Zus\u00e4tzliche Browser-Komponente zur Deaktivierung von Google Analytics<\/a><\/span><\/li>\n<\/ul>\n<\/li>\n<\/ul>\n<ul>\n<li style=\"list-style-type: none;\">\n<ul>\n<li><span style=\"padding-left: 15px;\"><a href=\"http:\/\/www.networkadvertising.org\/choices\/#completed\" target=\"_blank\" rel=\"noopener noreferrer\">Tool zur Kontrolle und Deaktivierung bestimmter Cookies von Drittanbietern (in Englisch)<\/a><\/span><\/li>\n<\/ul>\n<\/li>\n<\/ul>\n<ul>\n<li style=\"list-style-type: none;\">\n<ul>\n<li><span style=\"padding-left: 15px;\"><a href=\"http:\/\/www.youronlinechoices.com\/it\/le-tue-scelte\" target=\"_blank\" rel=\"noopener noreferrer\">Werkzeug zur Kontrolle und Deaktivierung bestimmter Cookies von Drittanbietern<\/a><\/span><\/li>\n<\/ul>\n<\/li>\n<\/ul>\n<p>[\/vc_column_text][\/vc_column][\/vc_row]<\/p>\n<\/div>","protected":false},"excerpt":{"rendered":"<p>[vc_row][vc_column][vc_column_text]Diese Informationen sind speziell darauf ausgerichtet, die Arten und Methoden der Nutzung zu veranschaulichen und eine Anleitung f\u00fcr Ma\u00dfnahmen zum Ablehnen oder L\u00f6schen von Cookies auf der Website zu geben. 1. Was sind Cookies Cookies sind kleine Textdateien mit Informationen, die direkt auf Ihrem Ger\u00e4t gespeichert werden und bei jedem Zugriff auf die Website automatisch [&hellip;]<\/p>\n","protected":false},"author":1,"featured_media":0,"parent":0,"menu_order":0,"comment_status":"closed","ping_status":"closed","template":"","meta":{"footnotes":""},"class_list":["post-10940","page","type-page","status-publish","hentry"],"yoast_head":"<!-- This site is optimized with the Yoast SEO plugin v27.3 - https:\/\/yoast.com\/product\/yoast-seo-wordpress\/ -->\n<title>Cookie-Richtlinie - Hotel Santa Maria Amantea :: Strand, Meer und Entspannung in Kalabrien<\/title>\n<meta name=\"robots\" content=\"index, follow, max-snippet:-1, max-image-preview:large, max-video-preview:-1\" \/>\n<link rel=\"canonical\" href=\"https:\/\/hotelsantamariacalabria.it\/de\/cookie-richtlinie\/\" \/>\n<meta property=\"og:locale\" content=\"de_DE\" \/>\n<meta property=\"og:type\" content=\"article\" \/>\n<meta property=\"og:title\" content=\"Cookie-Richtlinie - Hotel Santa Maria Amantea :: Strand, Meer und Entspannung in Kalabrien\" \/>\n<meta property=\"og:description\" content=\"[vc_row][vc_column][vc_column_text]Diese Informationen sind speziell darauf ausgerichtet, die Arten und Methoden der Nutzung zu veranschaulichen und eine Anleitung f\u00fcr Ma\u00dfnahmen zum Ablehnen oder L\u00f6schen von Cookies auf der Website zu geben. 1. Was sind Cookies Cookies sind kleine Textdateien mit Informationen, die direkt auf Ihrem Ger\u00e4t gespeichert werden und bei jedem Zugriff auf die Website automatisch [&hellip;]\" \/>\n<meta property=\"og:url\" content=\"https:\/\/hotelsantamariacalabria.it\/de\/cookie-richtlinie\/\" \/>\n<meta property=\"og:site_name\" content=\"Hotel Santa Maria Amantea :: Strand, Meer und Entspannung in Kalabrien\" \/>\n<meta property=\"article:modified_time\" content=\"2020-05-24T22:26:35+00:00\" \/>\n<meta name=\"twitter:card\" content=\"summary_large_image\" \/>\n<meta name=\"twitter:label1\" content=\"Gesch\u00e4tzte Lesezeit\" \/>\n\t<meta name=\"twitter:data1\" content=\"3\u00a0Minuten\" \/>\n<script type=\"application\/ld+json\" class=\"yoast-schema-graph\">{\"@context\":\"https:\\\/\\\/schema.org\",\"@graph\":[{\"@type\":\"WebPage\",\"@id\":\"https:\\\/\\\/hotelsantamariacalabria.it\\\/de\\\/cookie-richtlinie\\\/\",\"url\":\"https:\\\/\\\/hotelsantamariacalabria.it\\\/de\\\/cookie-richtlinie\\\/\",\"name\":\"Cookie-Richtlinie - Hotel Santa Maria Amantea :: Strand, Meer und Entspannung in Kalabrien\",\"isPartOf\":{\"@id\":\"https:\\\/\\\/hotelsantamariacalabria.it\\\/#website\"},\"datePublished\":\"2020-05-24T16:58:01+00:00\",\"dateModified\":\"2020-05-24T22:26:35+00:00\",\"breadcrumb\":{\"@id\":\"https:\\\/\\\/hotelsantamariacalabria.it\\\/de\\\/cookie-richtlinie\\\/#breadcrumb\"},\"inLanguage\":\"de\",\"potentialAction\":[{\"@type\":\"ReadAction\",\"target\":[\"https:\\\/\\\/hotelsantamariacalabria.it\\\/de\\\/cookie-richtlinie\\\/\"]}]},{\"@type\":\"BreadcrumbList\",\"@id\":\"https:\\\/\\\/hotelsantamariacalabria.it\\\/de\\\/cookie-richtlinie\\\/#breadcrumb\",\"itemListElement\":[{\"@type\":\"ListItem\",\"position\":1,\"name\":\"Home\",\"item\":\"https:\\\/\\\/hotelsantamariacalabria.it\\\/de\\\/\"},{\"@type\":\"ListItem\",\"position\":2,\"name\":\"Cookie-Richtlinie\"}]},{\"@type\":\"WebSite\",\"@id\":\"https:\\\/\\\/hotelsantamariacalabria.it\\\/#website\",\"url\":\"https:\\\/\\\/hotelsantamariacalabria.it\\\/\",\"name\":\"Hotel Santa Maria Amantea :: Strand, Meer und Entspannung in Kalabrien\",\"description\":\"\",\"publisher\":{\"@id\":\"https:\\\/\\\/hotelsantamariacalabria.it\\\/#organization\"},\"potentialAction\":[{\"@type\":\"SearchAction\",\"target\":{\"@type\":\"EntryPoint\",\"urlTemplate\":\"https:\\\/\\\/hotelsantamariacalabria.it\\\/?s={search_term_string}\"},\"query-input\":{\"@type\":\"PropertyValueSpecification\",\"valueRequired\":true,\"valueName\":\"search_term_string\"}}],\"inLanguage\":\"de\"},{\"@type\":\"Organization\",\"@id\":\"https:\\\/\\\/hotelsantamariacalabria.it\\\/#organization\",\"name\":\"Hotel Santa Maria\",\"url\":\"https:\\\/\\\/hotelsantamariacalabria.it\\\/\",\"logo\":{\"@type\":\"ImageObject\",\"inLanguage\":\"de\",\"@id\":\"https:\\\/\\\/hotelsantamariacalabria.it\\\/#\\\/schema\\\/logo\\\/image\\\/\",\"url\":\"https:\\\/\\\/hotelsantamariacalabria.it\\\/wp-content\\\/uploads\\\/2020\\\/05\\\/logo.jpg\",\"contentUrl\":\"https:\\\/\\\/hotelsantamariacalabria.it\\\/wp-content\\\/uploads\\\/2020\\\/05\\\/logo.jpg\",\"width\":265,\"height\":82,\"caption\":\"Hotel Santa Maria\"},\"image\":{\"@id\":\"https:\\\/\\\/hotelsantamariacalabria.it\\\/#\\\/schema\\\/logo\\\/image\\\/\"}}]}<\/script>\n<!-- \/ Yoast SEO plugin. -->","yoast_head_json":{"title":"Cookie-Richtlinie - Hotel Santa Maria Amantea :: Strand, Meer und Entspannung in Kalabrien","robots":{"index":"index","follow":"follow","max-snippet":"max-snippet:-1","max-image-preview":"max-image-preview:large","max-video-preview":"max-video-preview:-1"},"canonical":"https:\/\/hotelsantamariacalabria.it\/de\/cookie-richtlinie\/","og_locale":"de_DE","og_type":"article","og_title":"Cookie-Richtlinie - Hotel Santa Maria Amantea :: Strand, Meer und Entspannung in Kalabrien","og_description":"[vc_row][vc_column][vc_column_text]Diese Informationen sind speziell darauf ausgerichtet, die Arten und Methoden der Nutzung zu veranschaulichen und eine Anleitung f\u00fcr Ma\u00dfnahmen zum Ablehnen oder L\u00f6schen von Cookies auf der Website zu geben. 1. Was sind Cookies Cookies sind kleine Textdateien mit Informationen, die direkt auf Ihrem Ger\u00e4t gespeichert werden und bei jedem Zugriff auf die Website automatisch [&hellip;]","og_url":"https:\/\/hotelsantamariacalabria.it\/de\/cookie-richtlinie\/","og_site_name":"Hotel Santa Maria Amantea :: Strand, Meer und Entspannung in Kalabrien","article_modified_time":"2020-05-24T22:26:35+00:00","twitter_card":"summary_large_image","twitter_misc":{"Gesch\u00e4tzte Lesezeit":"3\u00a0Minuten"},"schema":{"@context":"https:\/\/schema.org","@graph":[{"@type":"WebPage","@id":"https:\/\/hotelsantamariacalabria.it\/de\/cookie-richtlinie\/","url":"https:\/\/hotelsantamariacalabria.it\/de\/cookie-richtlinie\/","name":"Cookie-Richtlinie - Hotel Santa Maria Amantea :: Strand, Meer und Entspannung in Kalabrien","isPartOf":{"@id":"https:\/\/hotelsantamariacalabria.it\/#website"},"datePublished":"2020-05-24T16:58:01+00:00","dateModified":"2020-05-24T22:26:35+00:00","breadcrumb":{"@id":"https:\/\/hotelsantamariacalabria.it\/de\/cookie-richtlinie\/#breadcrumb"},"inLanguage":"de","potentialAction":[{"@type":"ReadAction","target":["https:\/\/hotelsantamariacalabria.it\/de\/cookie-richtlinie\/"]}]},{"@type":"BreadcrumbList","@id":"https:\/\/hotelsantamariacalabria.it\/de\/cookie-richtlinie\/#breadcrumb","itemListElement":[{"@type":"ListItem","position":1,"name":"Home","item":"https:\/\/hotelsantamariacalabria.it\/de\/"},{"@type":"ListItem","position":2,"name":"Cookie-Richtlinie"}]},{"@type":"WebSite","@id":"https:\/\/hotelsantamariacalabria.it\/#website","url":"https:\/\/hotelsantamariacalabria.it\/","name":"Hotel Santa Maria Amantea :: Strand, Meer und Entspannung in Kalabrien","description":"","publisher":{"@id":"https:\/\/hotelsantamariacalabria.it\/#organization"},"potentialAction":[{"@type":"SearchAction","target":{"@type":"EntryPoint","urlTemplate":"https:\/\/hotelsantamariacalabria.it\/?s={search_term_string}"},"query-input":{"@type":"PropertyValueSpecification","valueRequired":true,"valueName":"search_term_string"}}],"inLanguage":"de"},{"@type":"Organization","@id":"https:\/\/hotelsantamariacalabria.it\/#organization","name":"Hotel Santa Maria","url":"https:\/\/hotelsantamariacalabria.it\/","logo":{"@type":"ImageObject","inLanguage":"de","@id":"https:\/\/hotelsantamariacalabria.it\/#\/schema\/logo\/image\/","url":"https:\/\/hotelsantamariacalabria.it\/wp-content\/uploads\/2020\/05\/logo.jpg","contentUrl":"https:\/\/hotelsantamariacalabria.it\/wp-content\/uploads\/2020\/05\/logo.jpg","width":265,"height":82,"caption":"Hotel Santa Maria"},"image":{"@id":"https:\/\/hotelsantamariacalabria.it\/#\/schema\/logo\/image\/"}}]}},"_links":{"self":[{"href":"https:\/\/hotelsantamariacalabria.it\/de\/wp-json\/wp\/v2\/pages\/10940","targetHints":{"allow":["GET"]}}],"collection":[{"href":"https:\/\/hotelsantamariacalabria.it\/de\/wp-json\/wp\/v2\/pages"}],"about":[{"href":"https:\/\/hotelsantamariacalabria.it\/de\/wp-json\/wp\/v2\/types\/page"}],"author":[{"embeddable":true,"href":"https:\/\/hotelsantamariacalabria.it\/de\/wp-json\/wp\/v2\/users\/1"}],"replies":[{"embeddable":true,"href":"https:\/\/hotelsantamariacalabria.it\/de\/wp-json\/wp\/v2\/comments?post=10940"}],"version-history":[{"count":5,"href":"https:\/\/hotelsantamariacalabria.it\/de\/wp-json\/wp\/v2\/pages\/10940\/revisions"}],"predecessor-version":[{"id":11099,"href":"https:\/\/hotelsantamariacalabria.it\/de\/wp-json\/wp\/v2\/pages\/10940\/revisions\/11099"}],"wp:attachment":[{"href":"https:\/\/hotelsantamariacalabria.it\/de\/wp-json\/wp\/v2\/media?parent=10940"}],"curies":[{"name":"wp","href":"https:\/\/api.w.org\/{rel}","templated":true}]}}