{"id":10912,"date":"2020-05-24T18:06:01","date_gmt":"2020-05-24T16:06:01","guid":{"rendered":"https:\/\/new.hotelsantamariacalabria.it\/?page_id=10912"},"modified":"2025-05-13T09:24:10","modified_gmt":"2025-05-13T07:24:10","slug":"individuelle-tarife","status":"publish","type":"page","link":"https:\/\/hotelsantamariacalabria.it\/de\/individuelle-tarife\/","title":{"rendered":"Tarif"},"content":{"rendered":"<div class=\"wpb-content-wrapper\"><p>[vc_row css=&#8220;.vc_custom_1589699431217{padding-top: 8% !important;padding-bottom: 8% !important;}&#8220; el_class=&#8220;tariffe&#8220;][vc_column][vc_column_text el_class=&#8220;alert alert-primary&#8220;]<\/p>\n<p style=\"text-align: center;\">F\u00fcr Reservierungen rufen Sie <a href=\"tel:+393470642995\"><strong>3470642995<\/strong><\/a> \/ <strong><a href=\"tel:+39098241247\">098241247<\/a><\/strong><\/p>\n<p>[\/vc_column_text][vc_custom_heading text=&#8220;Tarif individuell 2024&#8243; font_container=&#8220;tag:h2|font_size:30PX|text_align:center&#8220; use_theme_fonts=&#8220;yes&#8220;][vc_custom_heading text=&#8220;Die Preise verstehen sich pro Person, pro Tag und f\u00fcr einen Mindestaufenthalt von 3 Tagen.&#8220; font_container=&#8220;tag:h5|font_size:18px|text_align:center&#8220; use_theme_fonts=&#8220;yes&#8220; css=&#8220;.vc_custom_1590336492658{margin-bottom: 40px !important;}&#8220;][vc_column_text css=&#8220;&#8220;]<\/p>\n<table class=\"pricing-chart\">\n<thead>\n<tr>\n<th>ZEITRAUM<\/th>\n<th>VOLLST\u00c4NDIGE VERWALTUNG<\/th>\n<th>HALBVERWALTUNG<\/th>\n<\/tr>\n<\/thead>\n<tbody>\n<tr>\n<td>A (vom 01\/01 bis 20\/07 &#8211; vom 01\/09 bis 31\/12)<\/td>\n<td>\u20ac 80,00<\/td>\n<td>\u20ac 60,00<\/td>\n<\/tr>\n<tr>\n<td>B (vom 21\/07 bis 31\/07)<\/td>\n<td>\u20ac 85,00<\/td>\n<td>\u20ac 65,00<\/td>\n<\/tr>\n<tr>\n<td>C (vom 01\/08 bis 09\/08)<\/td>\n<td>\u20ac 90,00<\/td>\n<td>\u20ac 70,00<\/td>\n<\/tr>\n<tr>\n<td>D (vom 10\/08 bis 24\/08)<\/td>\n<td>\u20ac 100,00<\/td>\n<td>\u20ac 80,00<\/td>\n<\/tr>\n<tr>\n<td>E (vom 25\/08 bis 31\/08)<\/td>\n<td>\u20ac 80,00<\/td>\n<td>\u20ac 65,00<\/td>\n<\/tr>\n<\/tbody>\n<\/table>\n<p>[\/vc_column_text]<div class=\"ult-spacer spacer-69d2a2a49b324\" data-id=\"69d2a2a49b324\" data-height=\"60\" data-height-mobile=\"60\" data-height-tab=\"60\" data-height-tab-portrait=\"\" data-height-mobile-landscape=\"\" style=\"clear:both;display:block;\"><\/div>[vc_custom_heading text=&#8220;\u00dcBERNACHTUNG MIT FR\u00dcHST\u00dcCK&#8220; font_container=&#8220;tag:h2|font_size:24px|text_align:center&#8220; use_theme_fonts=&#8220;yes&#8220;][vc_column_text css=&#8220;&#8220;]<\/p>\n<table class=\"pricing-chart\">\n<thead>\n<tr>\n<th>ZEITRAUM<\/th>\n<th>EINZELZIMMER<\/th>\n<th>DOPPELZIMMER<\/th>\n<th>DREIZIMMERZIMMER<\/th>\n<th>QUADRUPPELZIMMER<\/th>\n<\/tr>\n<\/thead>\n<tbody>\n<tr>\n<td>A (vom 01\/01 bis 20\/07 &#8211; vom 01\/09 bis 31\/12)<\/td>\n<td>\u20ac 60,00<\/td>\n<td>\u20ac 70,00<\/td>\n<td>\u20ac 90,00<\/td>\n<td>\u20ac 120,00<\/td>\n<\/tr>\n<tr>\n<td>B (vom 21\/07 bis 31\/07)<\/td>\n<td>\u20ac 60,00<\/td>\n<td>\u20ac 80,00<\/td>\n<td>\u20ac 100,00<\/td>\n<td>\u20ac 130,00<\/td>\n<\/tr>\n<tr>\n<td>C (vom 01\/08 bis 09\/08)<\/td>\n<td>\u20ac 60,00<\/td>\n<td>\u20ac 90,00<\/td>\n<td>\u20ac 120,00<\/td>\n<td>\u20ac 150,00<\/td>\n<\/tr>\n<tr>\n<td>D (vom 10\/08 bis 24\/08)<\/td>\n<td>Nicht vorgesehen<\/td>\n<td>Nicht vorgesehen<\/td>\n<td>Nicht vorgesehen<\/td>\n<td>Nicht vorgesehen<\/td>\n<\/tr>\n<tr>\n<td>E (vom 25\/08 bis 31\/08)<\/td>\n<td>Nicht vorgesehen<\/td>\n<td>\u20ac 80,00<\/td>\n<td>\u20ac 120,00<\/td>\n<td>\u20ac 150,00<\/td>\n<\/tr>\n<\/tbody>\n<\/table>\n<p>[\/vc_column_text]<div class=\"ult-spacer spacer-69d2a2a49b34e\" data-id=\"69d2a2a49b34e\" data-height=\"60\" data-height-mobile=\"60\" data-height-tab=\"60\" data-height-tab-portrait=\"\" data-height-mobile-landscape=\"\" style=\"clear:both;display:block;\"><\/div>[vc_custom_heading text=&#8220;Stranddienst&#8220; font_container=&#8220;tag:h3|text_align:left|color:%23012069&#8243; use_theme_fonts=&#8220;yes&#8220;][vc_column_text]Wir m\u00f6chten unsere Kunden dar\u00fcber informieren, dass der Strandservice in der Sommersaison 2023 nicht mehr angeboten wird, da die K\u00fcstenerosion den uns zugewiesenen Strandabschnitt unbrauchbar gemacht hat.<br \/>\nWir entschuldigen uns f\u00fcr die Unannehmlichkeiten.[\/vc_column_text]<div class=\"ult-spacer spacer-69d2a2a49b367\" data-id=\"69d2a2a49b367\" data-height=\"20\" data-height-mobile=\"20\" data-height-tab=\"20\" data-height-tab-portrait=\"\" data-height-mobile-landscape=\"\" style=\"clear:both;display:block;\"><\/div>[vc_custom_heading text=&#8220;Bedingungen&#8220; font_container=&#8220;tag:h3|text_align:left|color:%23012069&#8243; use_theme_fonts=&#8220;yes&#8220;][vc_column_text]Reservierungen k\u00f6nnen in unserem Hauptb\u00fcro oder unter Tel. 0982 41247 &#8211; 347 0642995 &#8211; Fax 0982 425385 gegen Zahlung von \u20ac. 300,00 pro Person und Zeitraum entgegengenommen werden. Die Zimmer werden den Kunden nicht vor 12 Uhr am Anreisetag zur Verf\u00fcgung gestellt und m\u00fcssen am Abreisetag bis 10 Uhr ger\u00e4umt werden. Zahlungen werden in bar oder per Scheck akzeptiert.<\/p>\n<p><strong>Im Preis inbegriffen:<\/strong> t\u00e4gliche Zimmerreinigung mit W\u00e4schewechsel alle 3 Tage.<br \/>\nDie Struktur verf\u00fcgt \u00fcber Zimmer verschiedener Typen mit eigenem Bad, Balkon und TV.<br \/>\nKlimatisierte Zimmer mit kostenlosem Wi-Fi.<br \/>\nDie K\u00fcche bietet ihren G\u00e4sten ein interkontinentales Fr\u00fchst\u00fccksbuffet, Mittag- und\/oder Abendessen mit einer Auswahl von 3 ersten G\u00e4ngen, 3 zweiten G\u00e4ngen, 3 Beilagen, Dessert oder Obst.<br \/>\nKostenloses Parken.<br \/>\nKostenloser Shuttle zum und vom Bahnhof Amantea.<br \/>\nAuf Anfrage ist es m\u00f6glich, einen Shuttle vom\/zum Flughafen Lamezia Terme zu buchen: Preise und Bedingungen in unserem B\u00fcro in Amantea.<\/p>\n<p><strong>Im Preis nicht inbegriffen:<\/strong> Getr\u00e4nke zu den Mahlzeiten, Bar und Strandservice.[\/vc_column_text]<div class=\"ult-spacer spacer-69d2a2a49b37a\" data-id=\"69d2a2a49b37a\" data-height=\"20\" data-height-mobile=\"20\" data-height-tab=\"20\" data-height-tab-portrait=\"\" data-height-mobile-landscape=\"\" style=\"clear:both;display:block;\"><\/div>[vc_custom_heading text=&#8220;Wichtige Hinweise&#8220; font_container=&#8220;tag:h3|text_align:left|color:%23012069&#8243; use_theme_fonts=&#8220;yes&#8220;][vc_column_text]Zuschlag Doppelzimmer bis 16:00 Uhr (je nach Verf\u00fcgbarkeit) \u20ac. 30,00<br \/>\nKinder von 0 bis 3 Jahren zahlen, wenn sie bei den Eltern wohnen und nicht in der Pension untergebracht sind, \u20ac 15,00 pro Tag f\u00fcr verschiedene Dienstleistungen<br \/>\nKinder von 4 bis 11 Jahren erhalten 20% Erm\u00e4\u00dfigung auf die Erwachsenengeb\u00fchr<br \/>\nKinder \u00fcber 12 Jahre zahlen den Erwachsenenbeitrag[\/vc_column_text]<div class=\"ult-spacer spacer-69d2a2a49b38c\" data-id=\"69d2a2a49b38c\" data-height=\"20\" data-height-mobile=\"20\" data-height-tab=\"20\" data-height-tab-portrait=\"\" data-height-mobile-landscape=\"\" style=\"clear:both;display:block;\"><\/div>[vc_custom_heading text=&#8220;Touristische Steuer&#8220; font_container=&#8220;tag:h3|text_align:left|color:%23012069&#8243; use_theme_fonts=&#8220;yes&#8220;][vc_column_text]Wir m\u00f6chten Sie dar\u00fcber informieren, dass die Gemeinde Amantea ab <strong>08. August 2018<\/strong> die <strong>Stay Tax<\/strong> eingerichtet hat.<br \/>\nDie Steuer wird auf die \u00dcbernachtungen von Touristen f\u00fcr maximal 7 aufeinanderfolgende N\u00e4chte erhoben.<br \/>\nDas Ma\u00df der Steuer f\u00fcr diese Struktur ist Euro 1,50 pro Person pro Nacht.<br \/>\nWeitere Informationen finden Sie unter <strong><a href=\"http:\/\/www.comuneamantea.gov.it\/\" target=\"_blank\" rel=\"noopener noreferrer\">Comune di Amantea<\/a><\/strong>.[\/vc_column_text]<div class=\"ult-spacer spacer-69d2a2a49b39f\" data-id=\"69d2a2a49b39f\" data-height=\"20\" data-height-mobile=\"20\" data-height-tab=\"20\" data-height-tab-portrait=\"\" data-height-mobile-landscape=\"\" style=\"clear:both;display:block;\"><\/div>[vc_custom_heading text=&#8220;Gruppen&#8220; font_container=&#8220;tag:h3|text_align:left|color:%23012069&#8243; use_theme_fonts=&#8220;yes&#8220;][vc_column_text]F\u00fcr Informationen \u00fcber Gruppen wenden Sie sich bitte direkt an die Einrichtung[\/vc_column_text][\/vc_column][\/vc_row]<\/p>\n<\/div>","protected":false},"excerpt":{"rendered":"<p>[vc_row css=&#8220;.vc_custom_1589699431217{padding-top: 8% !important;padding-bottom: 8% !important;}&#8220; el_class=&#8220;tariffe&#8220;][vc_column][vc_column_text el_class=&#8220;alert alert-primary&#8220;] F\u00fcr Reservierungen rufen Sie 3470642995 \/ 098241247 [\/vc_column_text][vc_custom_heading text=&#8220;Tarif individuell 2024&#8243; font_container=&#8220;tag:h2|font_size:30PX|text_align:center&#8220; use_theme_fonts=&#8220;yes&#8220;][vc_custom_heading text=&#8220;Die Preise verstehen sich pro Person, pro Tag und f\u00fcr einen Mindestaufenthalt von 3 Tagen.&#8220; font_container=&#8220;tag:h5|font_size:18px|text_align:center&#8220; use_theme_fonts=&#8220;yes&#8220; css=&#8220;.vc_custom_1590336492658{margin-bottom: 40px !important;}&#8220;][vc_column_text css=&#8220;&#8220;] ZEITRAUM VOLLST\u00c4NDIGE VERWALTUNG HALBVERWALTUNG A (vom 01\/01 bis 20\/07 &#8211; vom 01\/09 [&hellip;]<\/p>\n","protected":false},"author":1,"featured_media":0,"parent":0,"menu_order":0,"comment_status":"closed","ping_status":"closed","template":"","meta":{"footnotes":""},"class_list":["post-10912","page","type-page","status-publish","hentry"],"yoast_head":"<!-- This site is optimized with the Yoast SEO plugin v27.3 - https:\/\/yoast.com\/product\/yoast-seo-wordpress\/ -->\n<title>Tarif - Hotel Santa Maria Amantea :: Strand, Meer und Entspannung in Kalabrien<\/title>\n<meta name=\"robots\" content=\"index, follow, max-snippet:-1, max-image-preview:large, max-video-preview:-1\" \/>\n<link rel=\"canonical\" href=\"https:\/\/hotelsantamariacalabria.it\/de\/individuelle-tarife\/\" \/>\n<meta property=\"og:locale\" content=\"de_DE\" \/>\n<meta property=\"og:type\" content=\"article\" \/>\n<meta property=\"og:title\" content=\"Tarif - Hotel Santa Maria Amantea :: Strand, Meer und Entspannung in Kalabrien\" \/>\n<meta property=\"og:description\" content=\"[vc_row css=&#8220;.vc_custom_1589699431217{padding-top: 8% !important;padding-bottom: 8% !important;}&#8220; el_class=&#8220;tariffe&#8220;][vc_column][vc_column_text el_class=&#8220;alert alert-primary&#8220;] F\u00fcr Reservierungen rufen Sie 3470642995 \/ 098241247 [\/vc_column_text][vc_custom_heading text=&#8220;Tarif individuell 2024&#8243; font_container=&#8220;tag:h2|font_size:30PX|text_align:center&#8220; use_theme_fonts=&#8220;yes&#8220;][vc_custom_heading text=&#8220;Die Preise verstehen sich pro Person, pro Tag und f\u00fcr einen Mindestaufenthalt von 3 Tagen.&#8220; font_container=&#8220;tag:h5|font_size:18px|text_align:center&#8220; use_theme_fonts=&#8220;yes&#8220; css=&#8220;.vc_custom_1590336492658{margin-bottom: 40px !important;}&#8220;][vc_column_text css=&#8220;&#8220;] ZEITRAUM VOLLST\u00c4NDIGE VERWALTUNG HALBVERWALTUNG A (vom 01\/01 bis 20\/07 &#8211; vom 01\/09 [&hellip;]\" \/>\n<meta property=\"og:url\" content=\"https:\/\/hotelsantamariacalabria.it\/de\/individuelle-tarife\/\" \/>\n<meta property=\"og:site_name\" content=\"Hotel Santa Maria Amantea :: Strand, Meer und Entspannung in Kalabrien\" \/>\n<meta property=\"article:modified_time\" content=\"2025-05-13T07:24:10+00:00\" \/>\n<meta name=\"twitter:card\" content=\"summary_large_image\" \/>\n<meta name=\"twitter:label1\" content=\"Gesch\u00e4tzte Lesezeit\" \/>\n\t<meta name=\"twitter:data1\" content=\"3\u00a0Minuten\" \/>\n<script type=\"application\/ld+json\" class=\"yoast-schema-graph\">{\"@context\":\"https:\\\/\\\/schema.org\",\"@graph\":[{\"@type\":\"WebPage\",\"@id\":\"https:\\\/\\\/hotelsantamariacalabria.it\\\/de\\\/individuelle-tarife\\\/\",\"url\":\"https:\\\/\\\/hotelsantamariacalabria.it\\\/de\\\/individuelle-tarife\\\/\",\"name\":\"Tarif - Hotel Santa Maria Amantea :: Strand, Meer und Entspannung in Kalabrien\",\"isPartOf\":{\"@id\":\"https:\\\/\\\/hotelsantamariacalabria.it\\\/#website\"},\"datePublished\":\"2020-05-24T16:06:01+00:00\",\"dateModified\":\"2025-05-13T07:24:10+00:00\",\"breadcrumb\":{\"@id\":\"https:\\\/\\\/hotelsantamariacalabria.it\\\/de\\\/individuelle-tarife\\\/#breadcrumb\"},\"inLanguage\":\"de\",\"potentialAction\":[{\"@type\":\"ReadAction\",\"target\":[\"https:\\\/\\\/hotelsantamariacalabria.it\\\/de\\\/individuelle-tarife\\\/\"]}]},{\"@type\":\"BreadcrumbList\",\"@id\":\"https:\\\/\\\/hotelsantamariacalabria.it\\\/de\\\/individuelle-tarife\\\/#breadcrumb\",\"itemListElement\":[{\"@type\":\"ListItem\",\"position\":1,\"name\":\"Home\",\"item\":\"https:\\\/\\\/hotelsantamariacalabria.it\\\/de\\\/\"},{\"@type\":\"ListItem\",\"position\":2,\"name\":\"Tarif\"}]},{\"@type\":\"WebSite\",\"@id\":\"https:\\\/\\\/hotelsantamariacalabria.it\\\/#website\",\"url\":\"https:\\\/\\\/hotelsantamariacalabria.it\\\/\",\"name\":\"Hotel Santa Maria Amantea :: Strand, Meer und Entspannung in Kalabrien\",\"description\":\"\",\"publisher\":{\"@id\":\"https:\\\/\\\/hotelsantamariacalabria.it\\\/#organization\"},\"potentialAction\":[{\"@type\":\"SearchAction\",\"target\":{\"@type\":\"EntryPoint\",\"urlTemplate\":\"https:\\\/\\\/hotelsantamariacalabria.it\\\/?s={search_term_string}\"},\"query-input\":{\"@type\":\"PropertyValueSpecification\",\"valueRequired\":true,\"valueName\":\"search_term_string\"}}],\"inLanguage\":\"de\"},{\"@type\":\"Organization\",\"@id\":\"https:\\\/\\\/hotelsantamariacalabria.it\\\/#organization\",\"name\":\"Hotel Santa Maria\",\"url\":\"https:\\\/\\\/hotelsantamariacalabria.it\\\/\",\"logo\":{\"@type\":\"ImageObject\",\"inLanguage\":\"de\",\"@id\":\"https:\\\/\\\/hotelsantamariacalabria.it\\\/#\\\/schema\\\/logo\\\/image\\\/\",\"url\":\"https:\\\/\\\/hotelsantamariacalabria.it\\\/wp-content\\\/uploads\\\/2020\\\/05\\\/logo.jpg\",\"contentUrl\":\"https:\\\/\\\/hotelsantamariacalabria.it\\\/wp-content\\\/uploads\\\/2020\\\/05\\\/logo.jpg\",\"width\":265,\"height\":82,\"caption\":\"Hotel Santa Maria\"},\"image\":{\"@id\":\"https:\\\/\\\/hotelsantamariacalabria.it\\\/#\\\/schema\\\/logo\\\/image\\\/\"}}]}<\/script>\n<!-- \/ Yoast SEO plugin. -->","yoast_head_json":{"title":"Tarif - Hotel Santa Maria Amantea :: Strand, Meer und Entspannung in Kalabrien","robots":{"index":"index","follow":"follow","max-snippet":"max-snippet:-1","max-image-preview":"max-image-preview:large","max-video-preview":"max-video-preview:-1"},"canonical":"https:\/\/hotelsantamariacalabria.it\/de\/individuelle-tarife\/","og_locale":"de_DE","og_type":"article","og_title":"Tarif - Hotel Santa Maria Amantea :: Strand, Meer und Entspannung in Kalabrien","og_description":"[vc_row css=&#8220;.vc_custom_1589699431217{padding-top: 8% !important;padding-bottom: 8% !important;}&#8220; el_class=&#8220;tariffe&#8220;][vc_column][vc_column_text el_class=&#8220;alert alert-primary&#8220;] F\u00fcr Reservierungen rufen Sie 3470642995 \/ 098241247 [\/vc_column_text][vc_custom_heading text=&#8220;Tarif individuell 2024&#8243; font_container=&#8220;tag:h2|font_size:30PX|text_align:center&#8220; use_theme_fonts=&#8220;yes&#8220;][vc_custom_heading text=&#8220;Die Preise verstehen sich pro Person, pro Tag und f\u00fcr einen Mindestaufenthalt von 3 Tagen.&#8220; font_container=&#8220;tag:h5|font_size:18px|text_align:center&#8220; use_theme_fonts=&#8220;yes&#8220; css=&#8220;.vc_custom_1590336492658{margin-bottom: 40px !important;}&#8220;][vc_column_text css=&#8220;&#8220;] ZEITRAUM VOLLST\u00c4NDIGE VERWALTUNG HALBVERWALTUNG A (vom 01\/01 bis 20\/07 &#8211; vom 01\/09 [&hellip;]","og_url":"https:\/\/hotelsantamariacalabria.it\/de\/individuelle-tarife\/","og_site_name":"Hotel Santa Maria Amantea :: Strand, Meer und Entspannung in Kalabrien","article_modified_time":"2025-05-13T07:24:10+00:00","twitter_card":"summary_large_image","twitter_misc":{"Gesch\u00e4tzte Lesezeit":"3\u00a0Minuten"},"schema":{"@context":"https:\/\/schema.org","@graph":[{"@type":"WebPage","@id":"https:\/\/hotelsantamariacalabria.it\/de\/individuelle-tarife\/","url":"https:\/\/hotelsantamariacalabria.it\/de\/individuelle-tarife\/","name":"Tarif - Hotel Santa Maria Amantea :: Strand, Meer und Entspannung in Kalabrien","isPartOf":{"@id":"https:\/\/hotelsantamariacalabria.it\/#website"},"datePublished":"2020-05-24T16:06:01+00:00","dateModified":"2025-05-13T07:24:10+00:00","breadcrumb":{"@id":"https:\/\/hotelsantamariacalabria.it\/de\/individuelle-tarife\/#breadcrumb"},"inLanguage":"de","potentialAction":[{"@type":"ReadAction","target":["https:\/\/hotelsantamariacalabria.it\/de\/individuelle-tarife\/"]}]},{"@type":"BreadcrumbList","@id":"https:\/\/hotelsantamariacalabria.it\/de\/individuelle-tarife\/#breadcrumb","itemListElement":[{"@type":"ListItem","position":1,"name":"Home","item":"https:\/\/hotelsantamariacalabria.it\/de\/"},{"@type":"ListItem","position":2,"name":"Tarif"}]},{"@type":"WebSite","@id":"https:\/\/hotelsantamariacalabria.it\/#website","url":"https:\/\/hotelsantamariacalabria.it\/","name":"Hotel Santa Maria Amantea :: Strand, Meer und Entspannung in Kalabrien","description":"","publisher":{"@id":"https:\/\/hotelsantamariacalabria.it\/#organization"},"potentialAction":[{"@type":"SearchAction","target":{"@type":"EntryPoint","urlTemplate":"https:\/\/hotelsantamariacalabria.it\/?s={search_term_string}"},"query-input":{"@type":"PropertyValueSpecification","valueRequired":true,"valueName":"search_term_string"}}],"inLanguage":"de"},{"@type":"Organization","@id":"https:\/\/hotelsantamariacalabria.it\/#organization","name":"Hotel Santa Maria","url":"https:\/\/hotelsantamariacalabria.it\/","logo":{"@type":"ImageObject","inLanguage":"de","@id":"https:\/\/hotelsantamariacalabria.it\/#\/schema\/logo\/image\/","url":"https:\/\/hotelsantamariacalabria.it\/wp-content\/uploads\/2020\/05\/logo.jpg","contentUrl":"https:\/\/hotelsantamariacalabria.it\/wp-content\/uploads\/2020\/05\/logo.jpg","width":265,"height":82,"caption":"Hotel Santa Maria"},"image":{"@id":"https:\/\/hotelsantamariacalabria.it\/#\/schema\/logo\/image\/"}}]}},"_links":{"self":[{"href":"https:\/\/hotelsantamariacalabria.it\/de\/wp-json\/wp\/v2\/pages\/10912","targetHints":{"allow":["GET"]}}],"collection":[{"href":"https:\/\/hotelsantamariacalabria.it\/de\/wp-json\/wp\/v2\/pages"}],"about":[{"href":"https:\/\/hotelsantamariacalabria.it\/de\/wp-json\/wp\/v2\/types\/page"}],"author":[{"embeddable":true,"href":"https:\/\/hotelsantamariacalabria.it\/de\/wp-json\/wp\/v2\/users\/1"}],"replies":[{"embeddable":true,"href":"https:\/\/hotelsantamariacalabria.it\/de\/wp-json\/wp\/v2\/comments?post=10912"}],"version-history":[{"count":31,"href":"https:\/\/hotelsantamariacalabria.it\/de\/wp-json\/wp\/v2\/pages\/10912\/revisions"}],"predecessor-version":[{"id":13556,"href":"https:\/\/hotelsantamariacalabria.it\/de\/wp-json\/wp\/v2\/pages\/10912\/revisions\/13556"}],"wp:attachment":[{"href":"https:\/\/hotelsantamariacalabria.it\/de\/wp-json\/wp\/v2\/media?parent=10912"}],"curies":[{"name":"wp","href":"https:\/\/api.w.org\/{rel}","templated":true}]}}