{"id":10531,"date":"2020-05-19T14:12:58","date_gmt":"2020-05-19T12:12:58","guid":{"rendered":"https:\/\/new.hotelsantamariacalabria.it\/?page_id=10531"},"modified":"2021-05-15T09:28:39","modified_gmt":"2021-05-15T07:28:39","slug":"home","status":"publish","type":"page","link":"https:\/\/hotelsantamariacalabria.it\/de\/","title":{"rendered":"Home"},"content":{"rendered":"<div class=\"wpb-content-wrapper\"><p>[vc_row css_animation=\u201cnone\u201c css=\u201c.vc_custom_1589523929847{margin-top: 60px !important;margin-bottom: 30px !important;}\u201c][vc_column width=\u201c7\/12\u2033 offset=\u201cvc_col-lg-offset-1 vc_col-md-offset-1 vc_col-sm-offset-1\u2033][vc_custom_heading text=\u201cDer ideale Ort f\u00fcr Ihren Urlaub in Kalabrien\u201c font_container=\u201ctag:h1|font_size:30px|text_align:center\u201c use_theme_fonts=\u201cyes\u201c css=\u201c.vc_custom_1589890523277{margin-bottom: 0px !important;}\u201c][\/vc_column][vc_column width=\u201c1\/4\u2033][vc_btn title=\u201cJETZT BUCHEN\u201c color=\u201cprimary\u201c size=\u201clg\u201c align=\u201ccenter\u201c link=\u201curl:%2Fde%2Fansprechpartner%2F|||\u201c][\/vc_column][\/vc_row][vc_row full_width=\u201cstretch_row\u201c][vc_column width=\u201c1\/3\u2033]<div class='dt-sc-image-caption type3 '><div class='dt-sc-image-wrapper'><img loading=\"lazy\" decoding=\"async\" width=\"400\" height=\"280\" src=\"https:\/\/hotelsantamariacalabria.it\/wp-content\/uploads\/2020\/05\/hotel.jpg\" class=\"attachment-full\" alt=\"\" title=\"hotel\" srcset=\"https:\/\/hotelsantamariacalabria.it\/wp-content\/uploads\/2020\/05\/hotel.jpg 400w, https:\/\/hotelsantamariacalabria.it\/wp-content\/uploads\/2020\/05\/hotel-300x210.jpg 300w\" sizes=\"auto, (max-width: 400px) 100vw, 400px\" \/><div class='icon-wrapper'><img loading=\"lazy\" decoding=\"async\" width=\"32\" height=\"34\" src=\"https:\/\/hotelsantamariacalabria.it\/wp-content\/uploads\/2020\/05\/hotel.png\" class=\"attachment-full\" alt=\"\" title=\"hotel\" \/><\/div><\/div><div class='dt-sc-image-content'><div class='dt-sc-image-title'><h3>Hotel Santa Maria<\/h3><\/div><p>Das Hotelrestaurant santa maria kann auf eine vierzigj\u00e4hrige Tradition im Bereich der Hotellerie und des Touristenempfangs zur\u00fcckblicken. Gelegen an der tyrrhenischen K\u00fcste von Cosenza, nur 200 Meter vom Meer entfernt mit direktem Zugang vom Hotel, 800 Meter vom Touristenzentrum Amantea.<\/p><\/div><\/div>[\/vc_column][vc_column width=\u201c1\/3\u2033]<div class='dt-sc-image-caption type3 '><div class='dt-sc-image-wrapper'><img loading=\"lazy\" decoding=\"async\" width=\"400\" height=\"280\" src=\"https:\/\/hotelsantamariacalabria.it\/wp-content\/uploads\/2020\/05\/camere.jpg\" class=\"attachment-full\" alt=\"\" title=\"camere\" srcset=\"https:\/\/hotelsantamariacalabria.it\/wp-content\/uploads\/2020\/05\/camere.jpg 400w, https:\/\/hotelsantamariacalabria.it\/wp-content\/uploads\/2020\/05\/camere-300x210.jpg 300w\" sizes=\"auto, (max-width: 400px) 100vw, 400px\" \/><div class='icon-wrapper'><img loading=\"lazy\" decoding=\"async\" width=\"32\" height=\"34\" src=\"https:\/\/hotelsantamariacalabria.it\/wp-content\/uploads\/2020\/05\/rooms.png\" class=\"attachment-full\" alt=\"\" title=\"rooms\" \/><\/div><\/div><div class='dt-sc-image-content'><div class='dt-sc-image-title'><h3>Die Zimmer<\/h3><\/div><p>Die Struktur verf\u00fcgt \u00fcber 39 klimatisierte Zimmer verschiedener Typen, ger\u00e4umig und komfortabel, mit eigenem Bad, Balkon, TV, kostenlosem Wi-Fi.<\/p><\/div><\/div>[\/vc_column][vc_column width=\u201c1\/3\u2033]<div class='dt-sc-image-caption type3 '><div class='dt-sc-image-wrapper'><img loading=\"lazy\" decoding=\"async\" width=\"400\" height=\"280\" src=\"https:\/\/hotelsantamariacalabria.it\/wp-content\/uploads\/2020\/05\/mare.jpg\" class=\"attachment-full\" alt=\"\" title=\"mare\" srcset=\"https:\/\/hotelsantamariacalabria.it\/wp-content\/uploads\/2020\/05\/mare.jpg 400w, https:\/\/hotelsantamariacalabria.it\/wp-content\/uploads\/2020\/05\/mare-300x210.jpg 300w\" sizes=\"auto, (max-width: 400px) 100vw, 400px\" \/><div class='icon-wrapper'><img loading=\"lazy\" decoding=\"async\" width=\"32\" height=\"34\" src=\"https:\/\/hotelsantamariacalabria.it\/wp-content\/uploads\/2020\/05\/globe.png\" class=\"attachment-full\" alt=\"\" title=\"globe\" \/><\/div><\/div><div class='dt-sc-image-content'><div class='dt-sc-image-title'><h3>Wo wir stehen<\/h3><\/div><p>Sie befindet sich in einer optimalen Position f\u00fcr diejenigen, die sich entscheiden, sich uns anzuschlie\u00dfen:\n\u2013 mit dem Auto (A3), Ausfahrt Falerna im Norden\n\u2013 mit dem Zug (Bahnhof Amantea)\n\u2013 mit dem Flugzeug ( Flughafen von lamezia terme).<\/p><\/div><\/div>[\/vc_column][\/vc_row][vc_row full_width=\u201cstretch_row_content_no_spaces\u201c css_animation=\u201cfadeInUp\u201c disable_element=\u201cyes\u201c css=\u201c.vc_custom_1621063710425{margin-top: 30px !important;padding-top: 5% !important;padding-bottom: 5% !important;background-image: url(https:\/\/hotelsantamariacalabria.it\/wp-content\/uploads\/2020\/05\/home-4.jpg?id=9913) !important;background-position: 0 0 !important;background-repeat: no-repeat !important;}\u201c][vc_column width=\u201c2\/3\u2033 offset=\u201cvc_col-lg-offset-7 vc_col-lg-3 vc_col-sm-offset-2 vc_col-xs-10\u2033 el_id=\u201cpromo\u201c]<div class=\"ult-animation  ult-animate-viewport  ult-no-mobile \" data-animate=\"fadeInDown\" data-animation-delay=\"1.1\" data-animation-duration=\"1\" data-animation-iteration=\"1\" style=\"opacity:0;\" data-opacity_start_effect=\"\">[vc_single_image image=\u201c8458\u2033 img_size=\u201cfull\u201c css=\u201c.vc_custom_1588425738704{margin-bottom: 0px !important;}\u201c][vc_row_inner css=\u201c.vc_custom_1493790380138{margin-right: 0px !important;margin-left: 0px !important;}\u201c][vc_column_inner el_class=\u201cdt-sc-skin-highlight dt-sc-dark-bg aligncenter\u201c css=\u201c.vc_custom_1588430531098{padding-top: 9% !important;padding-right: 10% !important;padding-left: 10% !important;}\u201c][vc_custom_heading text=\u201cF\u00d6RDERUNG\u201c font_container=\u201ctag:h2|font_size:26px|text_align:center\u201c google_fonts=\u201cfont_family:Poppins%3A300%2C400%2C500%2C600%2C700|font_style:700%20bold%20regular%3A700%3Anormal\u201c css=\u201c.vc_custom_1590357258135{margin-bottom: 0px !important;}\u201c][vc_column_text css=\u201c.vc_custom_1590357357741{margin-bottom: 35px !important;}\u201c]Komplettes Fisch- oder Fleischmen\u00fc<br \/>\n\u20ac. 20,00 pro Person[\/vc_column_text][\/vc_column_inner][\/vc_row_inner][vc_custom_heading text=\u201cJetzt buchen!\u201c font_container=\u201ctag:h2|font_size:32px|text_align:center|color:%23ffffff\u201c google_fonts=\u201cfont_family:Great%20Vibes%3Aregular|font_style:400%20regular%3A400%3Anormal\u201c css=\u201c.vc_custom_1590357370521{margin-bottom: 0px !important;padding-right: 10px !important;padding-left: 10px !important;background-color: #012069 !important;}\u201c][vc_custom_heading text=\u201c+39 098241247<br \/>\n+39 3470642995\u2033 font_container=\u201ctag:h3|font_size:30px|text_align:center|color:%23ffffff\u201c google_fonts=\u201cfont_family:Great%20Vibes%3Aregular|font_style:400%20regular%3A400%3Anormal\u201c css=\u201c.vc_custom_1588430099502{padding-top: 25px !important;padding-right: 10px !important;padding-bottom: 25px !important;padding-left: 10px !important;background-color: #012069 !important;}\u201c]<\/div>[\/vc_column][\/vc_row]<\/p>\n<\/div>","protected":false},"excerpt":{"rendered":"<p>[vc_row css_animation=\u201cnone\u201c css=\u201c.vc_custom_1589523929847{margin-top: 60px !important;margin-bottom: 30px !important;}\u201c][vc_column width=\u201c7\/12\u2033 offset=\u201cvc_col-lg-offset-1 vc_col-md-offset-1 vc_col-sm-offset-1\u2033][vc_custom_heading text=\u201cDer ideale Ort f\u00fcr Ihren Urlaub in Kalabrien\u201c font_container=\u201ctag:h1|font_size:30px|text_align:center\u201c use_theme_fonts=\u201cyes\u201c css=\u201c.vc_custom_1589890523277{margin-bottom: 0px !important;}\u201c][\/vc_column][vc_column width=\u201c1\/4\u2033][vc_btn title=\u201cJETZT BUCHEN\u201c color=\u201cprimary\u201c size=\u201clg\u201c align=\u201ccenter\u201c link=\u201curl:%2Fde%2Fansprechpartner%2F|||\u201c][\/vc_column][\/vc_row][vc_row full_width=\u201cstretch_row\u201c][vc_column width=\u201c1\/3\u2033][\/vc_column][vc_column width=\u201c1\/3\u2033][\/vc_column][vc_column width=\u201c1\/3\u2033][\/vc_column][\/vc_row][vc_row full_width=\u201cstretch_row_content_no_spaces\u201c css_animation=\u201cfadeInUp\u201c disable_element=\u201cyes\u201c css=\u201c.vc_custom_1621063710425{margin-top: 30px !important;padding-top: 5% !important;padding-bottom: 5% !important;background-image: url(https:\/\/hotelsantamariacalabria.it\/wp-content\/uploads\/2020\/05\/home-4.jpg?id=9913) !important;background-position: 0 0 !important;background-repeat: no-repeat !important;}\u201c][vc_column width=\u201c2\/3\u2033 offset=\u201cvc_col-lg-offset-7 vc_col-lg-3 [&hellip;]<\/p>\n","protected":false},"author":1,"featured_media":0,"parent":0,"menu_order":0,"comment_status":"closed","ping_status":"closed","template":"","meta":{"footnotes":""},"class_list":["post-10531","page","type-page","status-publish","hentry"],"yoast_head":"<!-- This site is optimized with the Yoast SEO plugin v27.5 - https:\/\/yoast.com\/product\/yoast-seo-wordpress\/ -->\n<title>Hotel Santa Maria Amantea :: Strand, Meer und Entspannung in Kalabrien<\/title>\n<meta name=\"description\" content=\"Wenn Sie das perfekte Reiseziel suchen, um ein paar erholsame Tage zu verbringen, ist das Hotel Santa Maria das ideale Ziel f\u00fcr Sie. Das Meer und die Str\u00e4nde Kalabriens sind perfekt, um in v\u00f6lliger Gelassenheit zu verweilen.\" \/>\n<meta name=\"robots\" content=\"index, follow, max-snippet:-1, max-image-preview:large, max-video-preview:-1\" \/>\n<link rel=\"canonical\" href=\"https:\/\/hotelsantamariacalabria.it\/de\/\" \/>\n<meta property=\"og:locale\" content=\"de_DE\" \/>\n<meta property=\"og:type\" content=\"article\" \/>\n<meta property=\"og:title\" content=\"Hotel Santa Maria Amantea :: Strand, Meer und Entspannung in Kalabrien\" \/>\n<meta property=\"og:description\" content=\"Wenn Sie das perfekte Reiseziel suchen, um ein paar erholsame Tage zu verbringen, ist das Hotel Santa Maria das ideale Ziel f\u00fcr Sie. Das Meer und die Str\u00e4nde Kalabriens sind perfekt, um in v\u00f6lliger Gelassenheit zu verweilen.\" \/>\n<meta property=\"og:url\" content=\"https:\/\/hotelsantamariacalabria.it\/de\/\" \/>\n<meta property=\"og:site_name\" content=\"Hotel Santa Maria Amantea :: Strand, Meer und Entspannung in Kalabrien\" \/>\n<meta property=\"article:modified_time\" content=\"2021-05-15T07:28:39+00:00\" \/>\n<meta name=\"twitter:card\" content=\"summary_large_image\" \/>\n<meta name=\"twitter:label1\" content=\"Gesch\u00e4tzte Lesezeit\" \/>\n\t<meta name=\"twitter:data1\" content=\"2\u00a0Minuten\" \/>\n<script type=\"application\/ld+json\" class=\"yoast-schema-graph\">{\"@context\":\"https:\\\/\\\/schema.org\",\"@graph\":[{\"@type\":\"WebPage\",\"@id\":\"https:\\\/\\\/hotelsantamariacalabria.it\\\/de\\\/\",\"url\":\"https:\\\/\\\/hotelsantamariacalabria.it\\\/de\\\/\",\"name\":\"Hotel Santa Maria Amantea :: Strand, Meer und Entspannung in Kalabrien\",\"isPartOf\":{\"@id\":\"https:\\\/\\\/hotelsantamariacalabria.it\\\/#website\"},\"datePublished\":\"2020-05-19T12:12:58+00:00\",\"dateModified\":\"2021-05-15T07:28:39+00:00\",\"description\":\"Wenn Sie das perfekte Reiseziel suchen, um ein paar erholsame Tage zu verbringen, ist das Hotel Santa Maria das ideale Ziel f\u00fcr Sie. Das Meer und die Str\u00e4nde Kalabriens sind perfekt, um in v\u00f6lliger Gelassenheit zu verweilen.\",\"breadcrumb\":{\"@id\":\"https:\\\/\\\/hotelsantamariacalabria.it\\\/de\\\/#breadcrumb\"},\"inLanguage\":\"de\",\"potentialAction\":[{\"@type\":\"ReadAction\",\"target\":[\"https:\\\/\\\/hotelsantamariacalabria.it\\\/de\\\/\"]}]},{\"@type\":\"BreadcrumbList\",\"@id\":\"https:\\\/\\\/hotelsantamariacalabria.it\\\/de\\\/#breadcrumb\",\"itemListElement\":[{\"@type\":\"ListItem\",\"position\":1,\"name\":\"Home\",\"item\":\"https:\\\/\\\/hotelsantamariacalabria.it\\\/de\\\/\"},{\"@type\":\"ListItem\",\"position\":2,\"name\":\"Home\"}]},{\"@type\":\"WebSite\",\"@id\":\"https:\\\/\\\/hotelsantamariacalabria.it\\\/#website\",\"url\":\"https:\\\/\\\/hotelsantamariacalabria.it\\\/\",\"name\":\"Hotel Santa Maria Amantea :: Strand, Meer und Entspannung in Kalabrien\",\"description\":\"\",\"publisher\":{\"@id\":\"https:\\\/\\\/hotelsantamariacalabria.it\\\/#organization\"},\"potentialAction\":[{\"@type\":\"SearchAction\",\"target\":{\"@type\":\"EntryPoint\",\"urlTemplate\":\"https:\\\/\\\/hotelsantamariacalabria.it\\\/?s={search_term_string}\"},\"query-input\":{\"@type\":\"PropertyValueSpecification\",\"valueRequired\":true,\"valueName\":\"search_term_string\"}}],\"inLanguage\":\"de\"},{\"@type\":\"Organization\",\"@id\":\"https:\\\/\\\/hotelsantamariacalabria.it\\\/#organization\",\"name\":\"Hotel Santa Maria\",\"url\":\"https:\\\/\\\/hotelsantamariacalabria.it\\\/\",\"logo\":{\"@type\":\"ImageObject\",\"inLanguage\":\"de\",\"@id\":\"https:\\\/\\\/hotelsantamariacalabria.it\\\/#\\\/schema\\\/logo\\\/image\\\/\",\"url\":\"https:\\\/\\\/hotelsantamariacalabria.it\\\/wp-content\\\/uploads\\\/2020\\\/05\\\/logo.jpg\",\"contentUrl\":\"https:\\\/\\\/hotelsantamariacalabria.it\\\/wp-content\\\/uploads\\\/2020\\\/05\\\/logo.jpg\",\"width\":265,\"height\":82,\"caption\":\"Hotel Santa Maria\"},\"image\":{\"@id\":\"https:\\\/\\\/hotelsantamariacalabria.it\\\/#\\\/schema\\\/logo\\\/image\\\/\"}}]}<\/script>\n<!-- \/ Yoast SEO plugin. -->","yoast_head_json":{"title":"Hotel Santa Maria Amantea :: Strand, Meer und Entspannung in Kalabrien","description":"Wenn Sie das perfekte Reiseziel suchen, um ein paar erholsame Tage zu verbringen, ist das Hotel Santa Maria das ideale Ziel f\u00fcr Sie. Das Meer und die Str\u00e4nde Kalabriens sind perfekt, um in v\u00f6lliger Gelassenheit zu verweilen.","robots":{"index":"index","follow":"follow","max-snippet":"max-snippet:-1","max-image-preview":"max-image-preview:large","max-video-preview":"max-video-preview:-1"},"canonical":"https:\/\/hotelsantamariacalabria.it\/de\/","og_locale":"de_DE","og_type":"article","og_title":"Hotel Santa Maria Amantea :: Strand, Meer und Entspannung in Kalabrien","og_description":"Wenn Sie das perfekte Reiseziel suchen, um ein paar erholsame Tage zu verbringen, ist das Hotel Santa Maria das ideale Ziel f\u00fcr Sie. Das Meer und die Str\u00e4nde Kalabriens sind perfekt, um in v\u00f6lliger Gelassenheit zu verweilen.","og_url":"https:\/\/hotelsantamariacalabria.it\/de\/","og_site_name":"Hotel Santa Maria Amantea :: Strand, Meer und Entspannung in Kalabrien","article_modified_time":"2021-05-15T07:28:39+00:00","twitter_card":"summary_large_image","twitter_misc":{"Gesch\u00e4tzte Lesezeit":"2\u00a0Minuten"},"schema":{"@context":"https:\/\/schema.org","@graph":[{"@type":"WebPage","@id":"https:\/\/hotelsantamariacalabria.it\/de\/","url":"https:\/\/hotelsantamariacalabria.it\/de\/","name":"Hotel Santa Maria Amantea :: Strand, Meer und Entspannung in Kalabrien","isPartOf":{"@id":"https:\/\/hotelsantamariacalabria.it\/#website"},"datePublished":"2020-05-19T12:12:58+00:00","dateModified":"2021-05-15T07:28:39+00:00","description":"Wenn Sie das perfekte Reiseziel suchen, um ein paar erholsame Tage zu verbringen, ist das Hotel Santa Maria das ideale Ziel f\u00fcr Sie. Das Meer und die Str\u00e4nde Kalabriens sind perfekt, um in v\u00f6lliger Gelassenheit zu verweilen.","breadcrumb":{"@id":"https:\/\/hotelsantamariacalabria.it\/de\/#breadcrumb"},"inLanguage":"de","potentialAction":[{"@type":"ReadAction","target":["https:\/\/hotelsantamariacalabria.it\/de\/"]}]},{"@type":"BreadcrumbList","@id":"https:\/\/hotelsantamariacalabria.it\/de\/#breadcrumb","itemListElement":[{"@type":"ListItem","position":1,"name":"Home","item":"https:\/\/hotelsantamariacalabria.it\/de\/"},{"@type":"ListItem","position":2,"name":"Home"}]},{"@type":"WebSite","@id":"https:\/\/hotelsantamariacalabria.it\/#website","url":"https:\/\/hotelsantamariacalabria.it\/","name":"Hotel Santa Maria Amantea :: Strand, Meer und Entspannung in Kalabrien","description":"","publisher":{"@id":"https:\/\/hotelsantamariacalabria.it\/#organization"},"potentialAction":[{"@type":"SearchAction","target":{"@type":"EntryPoint","urlTemplate":"https:\/\/hotelsantamariacalabria.it\/?s={search_term_string}"},"query-input":{"@type":"PropertyValueSpecification","valueRequired":true,"valueName":"search_term_string"}}],"inLanguage":"de"},{"@type":"Organization","@id":"https:\/\/hotelsantamariacalabria.it\/#organization","name":"Hotel Santa Maria","url":"https:\/\/hotelsantamariacalabria.it\/","logo":{"@type":"ImageObject","inLanguage":"de","@id":"https:\/\/hotelsantamariacalabria.it\/#\/schema\/logo\/image\/","url":"https:\/\/hotelsantamariacalabria.it\/wp-content\/uploads\/2020\/05\/logo.jpg","contentUrl":"https:\/\/hotelsantamariacalabria.it\/wp-content\/uploads\/2020\/05\/logo.jpg","width":265,"height":82,"caption":"Hotel Santa Maria"},"image":{"@id":"https:\/\/hotelsantamariacalabria.it\/#\/schema\/logo\/image\/"}}]}},"_links":{"self":[{"href":"https:\/\/hotelsantamariacalabria.it\/de\/wp-json\/wp\/v2\/pages\/10531","targetHints":{"allow":["GET"]}}],"collection":[{"href":"https:\/\/hotelsantamariacalabria.it\/de\/wp-json\/wp\/v2\/pages"}],"about":[{"href":"https:\/\/hotelsantamariacalabria.it\/de\/wp-json\/wp\/v2\/types\/page"}],"author":[{"embeddable":true,"href":"https:\/\/hotelsantamariacalabria.it\/de\/wp-json\/wp\/v2\/users\/1"}],"replies":[{"embeddable":true,"href":"https:\/\/hotelsantamariacalabria.it\/de\/wp-json\/wp\/v2\/comments?post=10531"}],"version-history":[{"count":11,"href":"https:\/\/hotelsantamariacalabria.it\/de\/wp-json\/wp\/v2\/pages\/10531\/revisions"}],"predecessor-version":[{"id":11687,"href":"https:\/\/hotelsantamariacalabria.it\/de\/wp-json\/wp\/v2\/pages\/10531\/revisions\/11687"}],"wp:attachment":[{"href":"https:\/\/hotelsantamariacalabria.it\/de\/wp-json\/wp\/v2\/media?parent=10531"}],"curies":[{"name":"wp","href":"https:\/\/api.w.org\/{rel}","templated":true}]}}